{"id":371,"date":"2021-04-17T00:38:03","date_gmt":"2021-04-16T22:38:03","guid":{"rendered":"https:\/\/lr-stadtoldendorf.de\/produkt\/mind-master\/"},"modified":"2022-05-02T00:23:39","modified_gmt":"2022-05-01T22:23:39","slug":"mind-master","status":"publish","type":"product","link":"https:\/\/lr-stadtoldendorf.de\/an\/produkt\/mind-master\/","title":{"rendered":"Mind Master Extreme Performance Powder"},"content":{"rendered":"<p style=\"font-weight:400;margin-bottom:1rem;font-size:14px;font-family:-apple-system,BlinkMacSystemFont,\"><strong style=\"font-weight: 700;font-family: -apple-system, BlinkMacSystemFont,\">Mind Master Extreme \u2013 F\u00fcr mehr Energie und Leistungsst\u00e4rke<\/strong><\/p>\n<p style=\"font-weight:400;margin-bottom:1rem;font-size:14px;font-family:-apple-system,BlinkMacSystemFont,\">Mind Master Extreme liefert einen sofortigen, effektiven und gesunden Energiekick f\u00fcr Geist und K\u00f6rper<sup style=\"font-weight: normal;font-size: 11.55px;line-height: 0;vertical-align: baseline\">1,2,3,4.<\/sup><\/p>\n<p style=\"font-weight:400;margin-bottom:1rem;font-size:14px;font-family:-apple-system,BlinkMacSystemFont,\"><strong style=\"font-weight: 700;font-family: -apple-system, BlinkMacSystemFont,\">Im praktischen To-Go-Format passt der Stick in jede Hosentasche und kann direkt verzehrt werden \u2013 ganz ohne Wasser.<\/strong><\/p>\n<p style=\"font-weight:400;margin-bottom:1rem;font-size:14px;font-family:-apple-system,BlinkMacSystemFont,\"><strong style=\"font-weight: 700;font-family: -apple-system, BlinkMacSystemFont,\">Extremer Energiekick f\u00fcr den Geist<\/strong><sup style=\"font-weight: normal;font-size: 11.55px;line-height: 0;vertical-align: baseline\">4,5<\/sup>:<\/p>\n<ul style=\"font-weight:400;margin:0px;padding:10px0px0px1.25em;font-size:14px;font-family:-apple-system,BlinkMacSystemFont,\">\n<li style=\"font-weight:normal\">Wach innerhalb k\u00fcrzester Zeit<sup style=\"font-weight: normal;font-size: 11.55px;line-height: 0;vertical-align: baseline\">1,2,3<\/sup><\/li>\n<li style=\"font-weight:normal\">Steigerung der Konzentrations und Leistungsf\u00e4higkeit<sup style=\"font-weight: normal;font-size: 11.55px;line-height: 0;vertical-align: baseline\">1,2,4<\/sup><\/li>\n<\/ul>\n<p style=\"font-weight:400;margin-bottom:1rem;font-size:14px;font-family:-apple-system,BlinkMacSystemFont,\"><strong style=\"font-weight: 700;font-family: -apple-system, BlinkMacSystemFont,\">Extremer Energiekick f\u00fcr den K\u00f6rper <\/strong><sup style=\"font-weight: normal;font-size: 11.55px;line-height: 0;vertical-align: baseline\">1,2,3,5,6<\/sup><\/p>\n<ul style=\"font-weight:400;margin:0px;padding:10px0px0px1.25em;font-size:14px;font-family:-apple-system,BlinkMacSystemFont,\">\n<li style=\"font-weight:normal\">Fit und vital innerhalb k\u00fcrzester Zeit<span> <\/span><sup style=\"font-weight: normal;font-size: 11.55px;line-height: 0;vertical-align: baseline\">1,2<\/sup><\/li>\n<li style=\"font-weight:normal\">Steigert Ausdauerleistung und Leistungsf\u00e4higkeit<span> <\/span><sup style=\"font-weight: normal;font-size: 11.55px;line-height: 0;vertical-align: baseline\">2,3<\/sup><\/li>\n<\/ul>\n<p style=\"font-weight:400;margin-bottom:1rem;font-size:14px;font-family:-apple-system,BlinkMacSystemFont,\">Mind Master Extreme besteht aus einem wertvollen Mix aus nat\u00fcrlichen Super-Boostern, wie Guarana und Gr\u00fcntee-Extrakt und weiteren Inhaltsstoffen mit wissenschaftlicher Wirkung.<\/p>\n<p style=\"font-weight:400;margin-bottom:1rem;font-size:14px;font-family:-apple-system,BlinkMacSystemFont,\">Ein Stick enth\u00e4lt mehr Koffein als eine Tasse Espresso oder ein herk\u00f6mmlicher Energy-Drink. Es deckt 100 % des Tagesbedarfs an 6 wichtigen Vitaminen u.a. D, E, B12.<\/p>\n<p style=\"font-weight:400;margin-bottom:1rem;font-size:14px;font-family:-apple-system,BlinkMacSystemFont,\">Mind Master Extreme ist zuckerfrei und schmeckt nach fruchtigem Granatapfel.<\/p>\n<p style=\"font-weight:400;margin-bottom:1rem;font-size:14px;font-family:-apple-system,BlinkMacSystemFont,\">Koffein aus Guarana und Gr\u00fcntee Extrakt sowie Aminos\u00e4uren (BCAAs) kurbeln den Stoffwechsel an und geben deinem K\u00f6rper kurzfristig Energie, sodass du direkte Leistung erbringen kannst. B-Vitamine verringern M\u00fcdigkeit und unterst\u00fctzen deine psychischen und kognitiven Funktionen. Deine Reaktionsf\u00e4higkeit steigt und du kannst schneller agieren und bist wacher. Antioxidantien wie Vitamin E und Vitamin C sch\u00fctzen vor oxidativem Stress. Damit man trotz Stress fokussiert und leistungsstark bleibt.<\/p>\n<p style=\"font-weight:400;margin-bottom:1rem;font-size:14px;font-family:-apple-system,BlinkMacSystemFont,\"><sup style=\"font-weight: normal;font-size: 11.55px;line-height: 0;vertical-align: baseline\">1<\/sup><span> <\/span>Vitamin B12 tr\u00e4gt zur Verringerung von M\u00fcdigkeit und Erm\u00fcdung bei.<br \/>\n<sup style=\"font-weight: normal;font-size: 11.55px;line-height: 0;vertical-align: baseline\">2<\/sup><span> <\/span>Das in Guarana enthaltene Koffein hilft, die Aufmerksamkeit und Konzentration zu steigern. Das in Guarana enthaltene Koffein tr\u00e4gt zu einer Steigerung der Ausdauerleistung bei.<br \/>\n<sup style=\"font-weight: normal;font-size: 11.55px;line-height: 0;vertical-align: baseline\">3<\/sup><span> <\/span>Vitamin C tr\u00e4gt zu einem normalen Energiestoffwechsel bei<br \/>\n<sup style=\"font-weight: normal;font-size: 11.55px;line-height: 0;vertical-align: baseline\">4<\/sup><span> <\/span>Thiamin, Vitamin B6 und Vitamin B12 tragen zur normalen psychischen Funktion bei.<br \/>\n<sup style=\"font-weight: normal;font-size: 11.55px;line-height: 0;vertical-align: baseline\">5<\/sup><span> <\/span>Das Vitamin E, Vitamin C und Selen in Mind Master Extreme tr\u00e4gt dazu bei, die Zellen vor oxidativem Stress zu sch\u00fctzen.<br \/>\n<sup style=\"font-weight: normal;font-size: 11.55px;line-height: 0;vertical-align: baseline\">6<\/sup><span> <\/span>Vitamin D tr\u00e4gt zur Erhaltung einer normalen Muskelfunktion bei.<\/p>\n","protected":false},"excerpt":{"rendered":"<p style=\"font-weight:400;margin-bottom:1rem;font-family:-apple-system,BlinkMacSystemFont,\">Nahrungserg\u00e4nzungsmittel mit Koffein, Taurin, Inositol, Aminos\u00e4uren, Vitaminen, Mineralstoffen und Coenzym Q10. Mit S\u00fc\u00dfungsmitteln. Glutenfrei, Laktosefrei, Granatapfelgeschmack<\/p>\n<ul style=\"font-weight:400;margin:0px;padding:10px0px0px1.25em;font-family:-apple-system,BlinkMacSystemFont,\">\n<li style=\"font-weight:normal\">Schneller Energiekick f\u00fcr K\u00f6rper &amp; Geist<span><sup style=\"font-weight: normal;font-size: 11.55px;line-height: 0;vertical-align: baseline\"> <\/sup><\/span><sup style=\"font-weight: normal;font-size: 11.55px;line-height: 0;vertical-align: baseline\">1,2,3,4<\/sup><\/li>\n<li style=\"font-weight:normal\">Mit nat\u00fcrlichen Super-Boostern, wie Guarana und Gr\u00fcntee-Extrakt<\/li>\n<\/ul>\n","protected":false},"featured_media":411,"comment_status":"open","ping_status":"closed","template":"","meta":{"_acf_changed":false,"_monsterinsights_skip_tracking":false,"_monsterinsights_sitenote_active":false,"_monsterinsights_sitenote_note":"","_monsterinsights_sitenote_category":0,"jetpack_publicize_message":"","jetpack_publicize_feature_enabled":true,"jetpack_social_post_already_shared":true,"jetpack_social_options":{"image_generator_settings":{"template":"highway","default_image_id":0,"font":"","enabled":false},"version":2}},"product_brand":[],"product_cat":[20],"product_tag":[],"class_list":{"0":"post-371","1":"product","2":"type-product","3":"status-publish","4":"has-post-thumbnail","6":"product_cat-lr-lifetakt","7":"wcpa_has_options","9":"first","10":"instock","11":"sold-individually","12":"purchasable","13":"product-type-simple"},"translation":{"provider":"WPGlobus","version":"3.0.2","language":"an","enabled_languages":["de","en","fr","nl","da","an","ty"],"languages":{"de":{"title":true,"content":true,"excerpt":true},"en":{"title":false,"content":false,"excerpt":false},"fr":{"title":false,"content":false,"excerpt":false},"nl":{"title":false,"content":false,"excerpt":false},"da":{"title":false,"content":false,"excerpt":false},"an":{"title":false,"content":false,"excerpt":false},"ty":{"title":false,"content":false,"excerpt":false}}},"acf":[],"yoast_head":"<!-- This site is optimized with the Yoast SEO plugin v26.9 - https:\/\/yoast.com\/product\/yoast-seo-wordpress\/ -->\n<title>Mind Master Extreme Performance Powder - LR in Stadtoldendorf<\/title>\n<meta name=\"robots\" content=\"index, follow, max-snippet:-1, max-image-preview:large, max-video-preview:-1\" \/>\n<link rel=\"canonical\" href=\"https:\/\/lr-stadtoldendorf.de\/produkt\/mind-master\/\" \/>\n<meta property=\"og:locale\" content=\"en_US\" \/>\n<meta property=\"og:type\" content=\"article\" \/>\n<meta property=\"og:title\" content=\"Mind Master Extreme Performance Powder - LR in Stadtoldendorf\" \/>\n<meta property=\"og:url\" content=\"https:\/\/lr-stadtoldendorf.de\/produkt\/mind-master\/\" \/>\n<meta property=\"og:site_name\" content=\"LR in Stadtoldendorf\" \/>\n<meta property=\"article:modified_time\" content=\"2022-05-01T22:23:39+00:00\" \/>\n<meta property=\"og:image\" content=\"https:\/\/i0.wp.com\/lr-stadtoldendorf.de\/wp-content\/uploads\/2021\/04\/mind_master_extreme_performance_powder.jpg?fit=600%2C810&ssl=1\" \/>\n\t<meta property=\"og:image:width\" content=\"600\" \/>\n\t<meta property=\"og:image:height\" content=\"810\" \/>\n\t<meta property=\"og:image:type\" content=\"image\/jpeg\" \/>\n<meta name=\"twitter:card\" content=\"summary_large_image\" \/>\n<meta name=\"twitter:label1\" content=\"Est. reading time\" \/>\n\t<meta name=\"twitter:data1\" content=\"2 minutes\" \/>\n<script type=\"application\/ld+json\" class=\"yoast-schema-graph\">{\"@context\":\"https:\/\/schema.org\",\"@graph\":[{\"@type\":\"WebPage\",\"@id\":\"https:\/\/lr-stadtoldendorf.de\/produkt\/mind-master\/\",\"url\":\"https:\/\/lr-stadtoldendorf.de\/produkt\/mind-master\/\",\"name\":\"Mind Master Extreme Performance Powder - LR in Stadtoldendorf\",\"isPartOf\":{\"@id\":\"https:\/\/lr-stadtoldendorf.de\/en\/#website\"},\"primaryImageOfPage\":{\"@id\":\"https:\/\/lr-stadtoldendorf.de\/produkt\/mind-master\/#primaryimage\"},\"image\":{\"@id\":\"https:\/\/lr-stadtoldendorf.de\/produkt\/mind-master\/#primaryimage\"},\"thumbnailUrl\":\"https:\/\/i0.wp.com\/lr-stadtoldendorf.de\/wp-content\/uploads\/2021\/04\/mind_master_extreme_performance_powder.jpg?fit=600%2C810&ssl=1\",\"datePublished\":\"2021-04-16T22:38:03+00:00\",\"dateModified\":\"2022-05-01T22:23:39+00:00\",\"breadcrumb\":{\"@id\":\"https:\/\/lr-stadtoldendorf.de\/produkt\/mind-master\/#breadcrumb\"},\"inLanguage\":\"be-NL\",\"potentialAction\":[{\"@type\":\"ReadAction\",\"target\":[\"https:\/\/lr-stadtoldendorf.de\/produkt\/mind-master\/\"]}]},{\"@type\":\"ImageObject\",\"inLanguage\":\"be-NL\",\"@id\":\"https:\/\/lr-stadtoldendorf.de\/produkt\/mind-master\/#primaryimage\",\"url\":\"https:\/\/i0.wp.com\/lr-stadtoldendorf.de\/wp-content\/uploads\/2021\/04\/mind_master_extreme_performance_powder.jpg?fit=600%2C810&ssl=1\",\"contentUrl\":\"https:\/\/i0.wp.com\/lr-stadtoldendorf.de\/wp-content\/uploads\/2021\/04\/mind_master_extreme_performance_powder.jpg?fit=600%2C810&ssl=1\",\"width\":600,\"height\":810},{\"@type\":\"BreadcrumbList\",\"@id\":\"https:\/\/lr-stadtoldendorf.de\/produkt\/mind-master\/#breadcrumb\",\"itemListElement\":[{\"@type\":\"ListItem\",\"position\":1,\"name\":\"Startseite\",\"item\":\"https:\/\/lr-stadtoldendorf.de\/en\/\"},{\"@type\":\"ListItem\",\"position\":2,\"name\":\"Shop\",\"item\":\"https:\/\/lr-stadtoldendorf.de\/shop\/\"},{\"@type\":\"ListItem\",\"position\":3,\"name\":\"Mind Master Extreme Performance Powder\"}]},{\"@type\":\"WebSite\",\"@id\":\"https:\/\/lr-stadtoldendorf.de\/en\/#website\",\"url\":\"https:\/\/lr-stadtoldendorf.de\/en\/\",\"name\":\"LR in Stadtoldendorf\",\"description\":\"Sabrina Pagel-B\u00e4cker selbstst\u00e4ndige LR Partnerin\",\"publisher\":{\"@id\":\"https:\/\/lr-stadtoldendorf.de\/en\/#\/schema\/person\/c6264249e9124ab996412605bab8ae05\"},\"potentialAction\":[{\"@type\":\"SearchAction\",\"target\":{\"@type\":\"EntryPoint\",\"urlTemplate\":\"https:\/\/lr-stadtoldendorf.de\/en\/?s={search_term_string}\"},\"query-input\":{\"@type\":\"PropertyValueSpecification\",\"valueRequired\":true,\"valueName\":\"search_term_string\"}}],\"inLanguage\":\"be-NL\"},{\"@type\":[\"Person\",\"Organization\"],\"@id\":\"https:\/\/lr-stadtoldendorf.de\/en\/#\/schema\/person\/c6264249e9124ab996412605bab8ae05\",\"name\":\"Sabrina Pagel-B\u00e4cker\",\"image\":{\"@type\":\"ImageObject\",\"inLanguage\":\"be-NL\",\"@id\":\"https:\/\/lr-stadtoldendorf.de\/en\/#\/schema\/person\/image\/\",\"url\":\"https:\/\/secure.gravatar.com\/avatar\/e8039d76d36e432c545214fe85d780883d29ba5bc24f0b3a39c208a06a11292f?s=96&d=mm&r=g\",\"contentUrl\":\"https:\/\/secure.gravatar.com\/avatar\/e8039d76d36e432c545214fe85d780883d29ba5bc24f0b3a39c208a06a11292f?s=96&d=mm&r=g\",\"caption\":\"Sabrina Pagel-B\u00e4cker\"},\"logo\":{\"@id\":\"https:\/\/lr-stadtoldendorf.de\/en\/#\/schema\/person\/image\/\"}}]}<\/script>\n<!-- \/ Yoast SEO plugin. -->","yoast_head_json":{"title":"Mind Master Extreme Performance Powder - LR in Stadtoldendorf","robots":{"index":"index","follow":"follow","max-snippet":"max-snippet:-1","max-image-preview":"max-image-preview:large","max-video-preview":"max-video-preview:-1"},"canonical":"https:\/\/lr-stadtoldendorf.de\/produkt\/mind-master\/","og_locale":"en_US","og_type":"article","og_title":"Mind Master Extreme Performance Powder - LR in Stadtoldendorf","og_url":"https:\/\/lr-stadtoldendorf.de\/produkt\/mind-master\/","og_site_name":"LR in Stadtoldendorf","article_modified_time":"2022-05-01T22:23:39+00:00","og_image":[{"width":600,"height":810,"url":"https:\/\/i0.wp.com\/lr-stadtoldendorf.de\/wp-content\/uploads\/2021\/04\/mind_master_extreme_performance_powder.jpg?fit=600%2C810&ssl=1","type":"image\/jpeg"}],"twitter_card":"summary_large_image","twitter_misc":{"Est. reading time":"2 minutes"},"schema":{"@context":"https:\/\/schema.org","@graph":[{"@type":"WebPage","@id":"https:\/\/lr-stadtoldendorf.de\/produkt\/mind-master\/","url":"https:\/\/lr-stadtoldendorf.de\/produkt\/mind-master\/","name":"Mind Master Extreme Performance Powder - LR in Stadtoldendorf","isPartOf":{"@id":"https:\/\/lr-stadtoldendorf.de\/en\/#website"},"primaryImageOfPage":{"@id":"https:\/\/lr-stadtoldendorf.de\/produkt\/mind-master\/#primaryimage"},"image":{"@id":"https:\/\/lr-stadtoldendorf.de\/produkt\/mind-master\/#primaryimage"},"thumbnailUrl":"https:\/\/i0.wp.com\/lr-stadtoldendorf.de\/wp-content\/uploads\/2021\/04\/mind_master_extreme_performance_powder.jpg?fit=600%2C810&ssl=1","datePublished":"2021-04-16T22:38:03+00:00","dateModified":"2022-05-01T22:23:39+00:00","breadcrumb":{"@id":"https:\/\/lr-stadtoldendorf.de\/produkt\/mind-master\/#breadcrumb"},"inLanguage":"be-NL","potentialAction":[{"@type":"ReadAction","target":["https:\/\/lr-stadtoldendorf.de\/produkt\/mind-master\/"]}]},{"@type":"ImageObject","inLanguage":"be-NL","@id":"https:\/\/lr-stadtoldendorf.de\/produkt\/mind-master\/#primaryimage","url":"https:\/\/i0.wp.com\/lr-stadtoldendorf.de\/wp-content\/uploads\/2021\/04\/mind_master_extreme_performance_powder.jpg?fit=600%2C810&ssl=1","contentUrl":"https:\/\/i0.wp.com\/lr-stadtoldendorf.de\/wp-content\/uploads\/2021\/04\/mind_master_extreme_performance_powder.jpg?fit=600%2C810&ssl=1","width":600,"height":810},{"@type":"BreadcrumbList","@id":"https:\/\/lr-stadtoldendorf.de\/produkt\/mind-master\/#breadcrumb","itemListElement":[{"@type":"ListItem","position":1,"name":"Startseite","item":"https:\/\/lr-stadtoldendorf.de\/en\/"},{"@type":"ListItem","position":2,"name":"Shop","item":"https:\/\/lr-stadtoldendorf.de\/shop\/"},{"@type":"ListItem","position":3,"name":"Mind Master Extreme Performance Powder"}]},{"@type":"WebSite","@id":"https:\/\/lr-stadtoldendorf.de\/en\/#website","url":"https:\/\/lr-stadtoldendorf.de\/en\/","name":"LR in Stadtoldendorf","description":"Sabrina Pagel-B\u00e4cker selbstst\u00e4ndige LR Partnerin","publisher":{"@id":"https:\/\/lr-stadtoldendorf.de\/en\/#\/schema\/person\/c6264249e9124ab996412605bab8ae05"},"potentialAction":[{"@type":"SearchAction","target":{"@type":"EntryPoint","urlTemplate":"https:\/\/lr-stadtoldendorf.de\/en\/?s={search_term_string}"},"query-input":{"@type":"PropertyValueSpecification","valueRequired":true,"valueName":"search_term_string"}}],"inLanguage":"be-NL"},{"@type":["Person","Organization"],"@id":"https:\/\/lr-stadtoldendorf.de\/en\/#\/schema\/person\/c6264249e9124ab996412605bab8ae05","name":"Sabrina Pagel-B\u00e4cker","image":{"@type":"ImageObject","inLanguage":"be-NL","@id":"https:\/\/lr-stadtoldendorf.de\/en\/#\/schema\/person\/image\/","url":"https:\/\/secure.gravatar.com\/avatar\/e8039d76d36e432c545214fe85d780883d29ba5bc24f0b3a39c208a06a11292f?s=96&d=mm&r=g","contentUrl":"https:\/\/secure.gravatar.com\/avatar\/e8039d76d36e432c545214fe85d780883d29ba5bc24f0b3a39c208a06a11292f?s=96&d=mm&r=g","caption":"Sabrina Pagel-B\u00e4cker"},"logo":{"@id":"https:\/\/lr-stadtoldendorf.de\/en\/#\/schema\/person\/image\/"}}]}},"jetpack_publicize_connections":[],"jetpack_likes_enabled":true,"jetpack_sharing_enabled":true,"jetpack-related-posts":[],"_links":{"self":[{"href":"https:\/\/lr-stadtoldendorf.de\/an\/wp-json\/wp\/v2\/product\/371","targetHints":{"allow":["GET"]}}],"collection":[{"href":"https:\/\/lr-stadtoldendorf.de\/an\/wp-json\/wp\/v2\/product"}],"about":[{"href":"https:\/\/lr-stadtoldendorf.de\/an\/wp-json\/wp\/v2\/types\/product"}],"replies":[{"embeddable":true,"href":"https:\/\/lr-stadtoldendorf.de\/an\/wp-json\/wp\/v2\/comments?post=371"}],"wp:featuredmedia":[{"embeddable":true,"href":"https:\/\/lr-stadtoldendorf.de\/an\/wp-json\/wp\/v2\/media\/411"}],"wp:attachment":[{"href":"https:\/\/lr-stadtoldendorf.de\/an\/wp-json\/wp\/v2\/media?parent=371"}],"wp:term":[{"taxonomy":"product_brand","embeddable":true,"href":"https:\/\/lr-stadtoldendorf.de\/an\/wp-json\/wp\/v2\/product_brand?post=371"},{"taxonomy":"product_cat","embeddable":true,"href":"https:\/\/lr-stadtoldendorf.de\/an\/wp-json\/wp\/v2\/product_cat?post=371"},{"taxonomy":"product_tag","embeddable":true,"href":"https:\/\/lr-stadtoldendorf.de\/an\/wp-json\/wp\/v2\/product_tag?post=371"}],"curies":[{"name":"wp","href":"https:\/\/api.w.org\/{rel}","templated":true}]}}