{"id":979,"date":"2022-08-01T17:38:03","date_gmt":"2022-08-01T15:38:03","guid":{"rendered":"https:\/\/lr-stadtoldendorf.de\/?post_type=product&#038;p=979"},"modified":"2022-09-01T00:01:20","modified_gmt":"2022-08-31T22:01:20","slug":"lr-soul-of-nature-hopeful-soul-set-limitiert","status":"publish","type":"product","link":"https:\/\/lr-stadtoldendorf.de\/an\/produkt\/lr-soul-of-nature-hopeful-soul-set-limitiert\/","title":{"rendered":"LR Soul of Nature Hopeful Soul-Set **limitiert"},"content":{"rendered":"<h2>LR Soul of Nature Hopeful Soul-Set<\/h2>\n<p><a href=\"https:\/\/shop.lrworld.com\/home\/de\/en?PHP=h7gdAvslo5NFaNgaye%2FBrQ%3D%3D\" rel=\"noopener\" target=\"_blank\">https:\/\/shop.lrworld.com\/home\/de\/en?PHP=h7gdAvslo5NFaNgaye%2FBrQ%3D%3D<\/a><\/p>\n<p><strong>Mehr Harmonie, mehr Balance, mehr Ausgeglichenheit<\/strong><\/p>\n<p>G\u00f6nn dir mehr Me-Momente und konzentriere dich bewusst auf dein Wohlbefinden. LR Soul of Nature Hopeful Soul bringt K\u00f6rper und Seele ins Gleichgewicht und schenkt dir ein Gef\u00fchl von Balance und Harmonie. 100% nat\u00fcrliche \u00e4therische \u00d6le aus Bergamotte, Rose, r\u00f6mische Kamille und Sandelholz verschmelzen zu einer harmonischen Duftkomposition f\u00fcr ein perfekt ausbalanciertes Duft- und Pflege-Ritual. Erlebe Harmonie pur, f\u00fchl dich unbeschwert und sp\u00fcre, wie deine Seele losl\u00e4sst.\u00a0<strong>Feel your hopeful soul!<\/strong><\/p>\n<p><strong>Harmonisierendes Duschgel<\/strong>: Reinigt deine Haut sanft und wirkt dank der \u00d6l-Komposition harmonisierend auf dein Wohlbefinden. Verwandelt dein Badezimmer in eine Wohlf\u00fchl-Oase. Mit 95%* nat\u00fcrlichen Inhaltsstoffen, darunter 100% nat\u00fcrliche \u00e4therische \u00d6le.<\/p>\n<p><strong>Ausgleichende K\u00f6rperbutter<\/strong>: Pflegt deine Haut intensiv mit Shea Butter und Mandel\u00f6l. F\u00fcr ein geschmeidiges Hautgef\u00fchl und eine gest\u00e4rkte Hautbarriere. \u00c4therische \u00d6le umh\u00fcllen dich mit wohligem Duft. Mit 98%* nat\u00fcrlichen Inhaltsstoffen, darunter 100% nat\u00fcrliche \u00e4therische \u00d6le.<\/p>\n<p><strong>Ausgleichender Roll-on<\/strong>: Die harmonisierende \u00d6l-Mischung aus \u00e4therischen \u00d6len bringt dich schnell wieder in Balance. Mit Zweifach Effekt: harmonisierender Duft und sanftes W\u00e4rmegef\u00fchl auf der Haut. Hinterl\u00e4sst keinen \u00f6ligen Film \u2013 ideal f\u00fcr unterwegs. Mit 99%* nat\u00fcrlichen Inhaltsstoffen, darunter 100% nat\u00fcrliche \u00e4therische \u00d6le.<\/p>\n<p><strong>*NOI=natural origin index nach ISO 16128<\/strong><\/p>\n<p>**limitiert = Zwischenverkauf vorbehalten<\/p>\n","protected":false},"excerpt":{"rendered":"<ul>\n<li>Body &amp; Soul perfekt in Balance<\/li>\n<li>Set bestehend aus Duschgel + Body Butter + Essential Oil Roll-on<\/li>\n<li>Alle Produkte mit 100 % nat\u00fcrlichen \u00e4therischen \u00d6len aus Bergamotte, Rose, R\u00f6mischer Kamille, Sandelholz<\/li>\n<li>\u00dcber 95 % nat\u00fcrliche Inhaltsstoffe in den Pflegeprodukte*<\/li>\n<li>F\u00fcr ein ausbalanciertes Duft- und Pflegeritual<\/li>\n<\/ul>\n","protected":false},"featured_media":0,"comment_status":"open","ping_status":"closed","template":"","meta":{"_acf_changed":false,"_monsterinsights_skip_tracking":false,"_monsterinsights_sitenote_active":false,"_monsterinsights_sitenote_note":"","_monsterinsights_sitenote_category":0,"jetpack_publicize_message":"","jetpack_publicize_feature_enabled":true,"jetpack_social_post_already_shared":true,"jetpack_social_options":{"image_generator_settings":{"template":"highway","default_image_id":0,"font":"","enabled":false},"version":2}},"product_brand":[],"product_cat":[101],"product_tag":[],"class_list":{"0":"post-979","1":"product","2":"type-product","3":"status-publish","5":"product_cat-lr-soul-of-nature","7":"first","8":"outofstock","9":"shipping-taxable","10":"purchasable","11":"product-type-simple"},"translation":{"provider":"WPGlobus","version":"3.0.2","language":"an","enabled_languages":["de","en","fr","nl","da","an","ty"],"languages":{"de":{"title":true,"content":true,"excerpt":true},"en":{"title":false,"content":false,"excerpt":false},"fr":{"title":false,"content":false,"excerpt":false},"nl":{"title":false,"content":false,"excerpt":false},"da":{"title":false,"content":false,"excerpt":false},"an":{"title":false,"content":false,"excerpt":false},"ty":{"title":false,"content":false,"excerpt":false}}},"acf":[],"yoast_head":"<!-- This site is optimized with the Yoast SEO plugin v26.9 - https:\/\/yoast.com\/product\/yoast-seo-wordpress\/ -->\n<title>LR Soul of Nature Hopeful Soul-Set **limitiert<\/title>\n<meta name=\"robots\" content=\"index, follow, max-snippet:-1, max-image-preview:large, max-video-preview:-1\" \/>\n<link rel=\"canonical\" href=\"https:\/\/lr-stadtoldendorf.de\/produkt\/lr-soul-of-nature-hopeful-soul-set-limitiert\/\" \/>\n<meta property=\"og:locale\" content=\"en_US\" \/>\n<meta property=\"og:type\" content=\"article\" \/>\n<meta property=\"og:title\" content=\"LR Soul of Nature Hopeful Soul-Set **limitiert - LR in Stadtoldendorf\" \/>\n<meta property=\"og:url\" content=\"https:\/\/lr-stadtoldendorf.de\/produkt\/lr-soul-of-nature-hopeful-soul-set-limitiert\/\" \/>\n<meta property=\"og:site_name\" content=\"LR in Stadtoldendorf\" \/>\n<meta property=\"article:modified_time\" content=\"2022-08-31T22:01:20+00:00\" \/>\n<meta name=\"twitter:card\" content=\"summary_large_image\" \/>\n<meta name=\"twitter:label1\" content=\"Est. reading time\" \/>\n\t<meta name=\"twitter:data1\" content=\"1 minute\" \/>\n<script type=\"application\/ld+json\" class=\"yoast-schema-graph\">{\"@context\":\"https:\/\/schema.org\",\"@graph\":[{\"@type\":\"WebPage\",\"@id\":\"https:\/\/lr-stadtoldendorf.de\/produkt\/lr-soul-of-nature-hopeful-soul-set-limitiert\/\",\"url\":\"https:\/\/lr-stadtoldendorf.de\/produkt\/lr-soul-of-nature-hopeful-soul-set-limitiert\/\",\"name\":\"LR Soul of Nature Hopeful Soul-Set **limitiert\",\"isPartOf\":{\"@id\":\"https:\/\/lr-stadtoldendorf.de\/en\/#website\"},\"datePublished\":\"2022-08-01T15:38:03+00:00\",\"dateModified\":\"2022-08-31T22:01:20+00:00\",\"description\":\"LR Soul of Nature Hopeful Soul-Set **limitiert - LR in Stadtoldendorf\",\"breadcrumb\":{\"@id\":\"https:\/\/lr-stadtoldendorf.de\/produkt\/lr-soul-of-nature-hopeful-soul-set-limitiert\/#breadcrumb\"},\"inLanguage\":\"be-NL\",\"potentialAction\":[{\"@type\":\"ReadAction\",\"target\":[\"https:\/\/lr-stadtoldendorf.de\/produkt\/lr-soul-of-nature-hopeful-soul-set-limitiert\/\"]}]},{\"@type\":\"BreadcrumbList\",\"@id\":\"https:\/\/lr-stadtoldendorf.de\/produkt\/lr-soul-of-nature-hopeful-soul-set-limitiert\/#breadcrumb\",\"itemListElement\":[{\"@type\":\"ListItem\",\"position\":1,\"name\":\"Startseite\",\"item\":\"https:\/\/lr-stadtoldendorf.de\/en\/\"},{\"@type\":\"ListItem\",\"position\":2,\"name\":\"Shop\",\"item\":\"https:\/\/lr-stadtoldendorf.de\/shop\/\"},{\"@type\":\"ListItem\",\"position\":3,\"name\":\"LR Soul of Nature Hopeful Soul-Set **limitiert\"}]},{\"@type\":\"WebSite\",\"@id\":\"https:\/\/lr-stadtoldendorf.de\/en\/#website\",\"url\":\"https:\/\/lr-stadtoldendorf.de\/en\/\",\"name\":\"LR in Stadtoldendorf\",\"description\":\"Sabrina Pagel-B\u00e4cker selbstst\u00e4ndige LR Partnerin\",\"publisher\":{\"@id\":\"https:\/\/lr-stadtoldendorf.de\/en\/#\/schema\/person\/c6264249e9124ab996412605bab8ae05\"},\"potentialAction\":[{\"@type\":\"SearchAction\",\"target\":{\"@type\":\"EntryPoint\",\"urlTemplate\":\"https:\/\/lr-stadtoldendorf.de\/en\/?s={search_term_string}\"},\"query-input\":{\"@type\":\"PropertyValueSpecification\",\"valueRequired\":true,\"valueName\":\"search_term_string\"}}],\"inLanguage\":\"be-NL\"},{\"@type\":[\"Person\",\"Organization\"],\"@id\":\"https:\/\/lr-stadtoldendorf.de\/en\/#\/schema\/person\/c6264249e9124ab996412605bab8ae05\",\"name\":\"Sabrina Pagel-B\u00e4cker\",\"image\":{\"@type\":\"ImageObject\",\"inLanguage\":\"be-NL\",\"@id\":\"https:\/\/lr-stadtoldendorf.de\/en\/#\/schema\/person\/image\/\",\"url\":\"https:\/\/secure.gravatar.com\/avatar\/e8039d76d36e432c545214fe85d780883d29ba5bc24f0b3a39c208a06a11292f?s=96&d=mm&r=g\",\"contentUrl\":\"https:\/\/secure.gravatar.com\/avatar\/e8039d76d36e432c545214fe85d780883d29ba5bc24f0b3a39c208a06a11292f?s=96&d=mm&r=g\",\"caption\":\"Sabrina Pagel-B\u00e4cker\"},\"logo\":{\"@id\":\"https:\/\/lr-stadtoldendorf.de\/en\/#\/schema\/person\/image\/\"}}]}<\/script>\n<!-- \/ Yoast SEO plugin. -->","yoast_head_json":{"title":"LR Soul of Nature Hopeful Soul-Set **limitiert","robots":{"index":"index","follow":"follow","max-snippet":"max-snippet:-1","max-image-preview":"max-image-preview:large","max-video-preview":"max-video-preview:-1"},"canonical":"https:\/\/lr-stadtoldendorf.de\/produkt\/lr-soul-of-nature-hopeful-soul-set-limitiert\/","og_locale":"en_US","og_type":"article","og_title":"LR Soul of Nature Hopeful Soul-Set **limitiert - LR in Stadtoldendorf","og_url":"https:\/\/lr-stadtoldendorf.de\/produkt\/lr-soul-of-nature-hopeful-soul-set-limitiert\/","og_site_name":"LR in Stadtoldendorf","article_modified_time":"2022-08-31T22:01:20+00:00","twitter_card":"summary_large_image","twitter_misc":{"Est. reading time":"1 minute"},"schema":{"@context":"https:\/\/schema.org","@graph":[{"@type":"WebPage","@id":"https:\/\/lr-stadtoldendorf.de\/produkt\/lr-soul-of-nature-hopeful-soul-set-limitiert\/","url":"https:\/\/lr-stadtoldendorf.de\/produkt\/lr-soul-of-nature-hopeful-soul-set-limitiert\/","name":"LR Soul of Nature Hopeful Soul-Set **limitiert","isPartOf":{"@id":"https:\/\/lr-stadtoldendorf.de\/en\/#website"},"datePublished":"2022-08-01T15:38:03+00:00","dateModified":"2022-08-31T22:01:20+00:00","description":"LR Soul of Nature Hopeful Soul-Set **limitiert - LR in Stadtoldendorf","breadcrumb":{"@id":"https:\/\/lr-stadtoldendorf.de\/produkt\/lr-soul-of-nature-hopeful-soul-set-limitiert\/#breadcrumb"},"inLanguage":"be-NL","potentialAction":[{"@type":"ReadAction","target":["https:\/\/lr-stadtoldendorf.de\/produkt\/lr-soul-of-nature-hopeful-soul-set-limitiert\/"]}]},{"@type":"BreadcrumbList","@id":"https:\/\/lr-stadtoldendorf.de\/produkt\/lr-soul-of-nature-hopeful-soul-set-limitiert\/#breadcrumb","itemListElement":[{"@type":"ListItem","position":1,"name":"Startseite","item":"https:\/\/lr-stadtoldendorf.de\/en\/"},{"@type":"ListItem","position":2,"name":"Shop","item":"https:\/\/lr-stadtoldendorf.de\/shop\/"},{"@type":"ListItem","position":3,"name":"LR Soul of Nature Hopeful Soul-Set **limitiert"}]},{"@type":"WebSite","@id":"https:\/\/lr-stadtoldendorf.de\/en\/#website","url":"https:\/\/lr-stadtoldendorf.de\/en\/","name":"LR in Stadtoldendorf","description":"Sabrina Pagel-B\u00e4cker selbstst\u00e4ndige LR Partnerin","publisher":{"@id":"https:\/\/lr-stadtoldendorf.de\/en\/#\/schema\/person\/c6264249e9124ab996412605bab8ae05"},"potentialAction":[{"@type":"SearchAction","target":{"@type":"EntryPoint","urlTemplate":"https:\/\/lr-stadtoldendorf.de\/en\/?s={search_term_string}"},"query-input":{"@type":"PropertyValueSpecification","valueRequired":true,"valueName":"search_term_string"}}],"inLanguage":"be-NL"},{"@type":["Person","Organization"],"@id":"https:\/\/lr-stadtoldendorf.de\/en\/#\/schema\/person\/c6264249e9124ab996412605bab8ae05","name":"Sabrina Pagel-B\u00e4cker","image":{"@type":"ImageObject","inLanguage":"be-NL","@id":"https:\/\/lr-stadtoldendorf.de\/en\/#\/schema\/person\/image\/","url":"https:\/\/secure.gravatar.com\/avatar\/e8039d76d36e432c545214fe85d780883d29ba5bc24f0b3a39c208a06a11292f?s=96&d=mm&r=g","contentUrl":"https:\/\/secure.gravatar.com\/avatar\/e8039d76d36e432c545214fe85d780883d29ba5bc24f0b3a39c208a06a11292f?s=96&d=mm&r=g","caption":"Sabrina Pagel-B\u00e4cker"},"logo":{"@id":"https:\/\/lr-stadtoldendorf.de\/en\/#\/schema\/person\/image\/"}}]}},"jetpack_publicize_connections":[],"jetpack_likes_enabled":true,"jetpack_sharing_enabled":true,"jetpack-related-posts":[],"_links":{"self":[{"href":"https:\/\/lr-stadtoldendorf.de\/an\/wp-json\/wp\/v2\/product\/979","targetHints":{"allow":["GET"]}}],"collection":[{"href":"https:\/\/lr-stadtoldendorf.de\/an\/wp-json\/wp\/v2\/product"}],"about":[{"href":"https:\/\/lr-stadtoldendorf.de\/an\/wp-json\/wp\/v2\/types\/product"}],"replies":[{"embeddable":true,"href":"https:\/\/lr-stadtoldendorf.de\/an\/wp-json\/wp\/v2\/comments?post=979"}],"wp:attachment":[{"href":"https:\/\/lr-stadtoldendorf.de\/an\/wp-json\/wp\/v2\/media?parent=979"}],"wp:term":[{"taxonomy":"product_brand","embeddable":true,"href":"https:\/\/lr-stadtoldendorf.de\/an\/wp-json\/wp\/v2\/product_brand?post=979"},{"taxonomy":"product_cat","embeddable":true,"href":"https:\/\/lr-stadtoldendorf.de\/an\/wp-json\/wp\/v2\/product_cat?post=979"},{"taxonomy":"product_tag","embeddable":true,"href":"https:\/\/lr-stadtoldendorf.de\/an\/wp-json\/wp\/v2\/product_tag?post=979"}],"curies":[{"name":"wp","href":"https:\/\/api.w.org\/{rel}","templated":true}]}}