{"id":418,"date":"2021-04-17T08:12:01","date_gmt":"2021-04-17T06:12:01","guid":{"rendered":"https:\/\/lr-stadtoldendorf.de\/produkt\/aloe-vera-sport-set\/"},"modified":"2022-05-02T00:21:36","modified_gmt":"2022-05-01T22:21:36","slug":"aloe-vera-sport-set","status":"publish","type":"product","link":"https:\/\/lr-stadtoldendorf.de\/da\/produkt\/aloe-vera-sport-set\/","title":{"rendered":"Aloe Vera Sport-Set"},"content":{"rendered":"<p style=\"font-weight:400;margin-bottom:1rem;font-size:14px;font-family:-apple-system,BlinkMacSystemFont,\">Starkes Pflege-Duo f\u00fcr grenzenlose Frische<\/p>\n<p style=\"font-weight:400;margin-bottom:1rem;font-size:14px;font-family:-apple-system,BlinkMacSystemFont,\">Pflegt, reinigt, erfrischt: Was will man mehr? Mit dem praktischen LR ALOE VIA Aloe Vera Sport-Set erlebst du die schnelle und erfrischende Reinigung von Kopf bis Fu\u00df. Durch den Aloe Vera Anteil von bis zu 35 % wird die Haut mit ausreichend Feuchtigkeit versorgt. <\/p>\n<p style=\"font-weight:400;margin-bottom:1rem;font-size:14px;font-family:-apple-system,BlinkMacSystemFont,\">Setze ab sofort auf die<span> <\/span><strong style=\"font-weight: 700;font-family: -apple-system, BlinkMacSystemFont,\">LR ALOE VIA Aloe Vera K\u00f6rperpflege<\/strong>! Mit maximalen Anteilen puren Aloe Vera Blattgels f\u00fcr ultimative Feuchtigkeit, ohne Mineral\u00f6len, mit Bio-Extrakten aus kontrolliertem, zertifiziertem Anbau und einer dermatologisch getesteten Hautvertr\u00e4glichkeit bietet dir die LR ALOE VIA Aloe Vera Pflege intensive Pflege und optimale Wirkkraft.<\/p>\n<p style=\"font-weight:400;margin-bottom:1rem;font-size:14px;font-family:-apple-system,BlinkMacSystemFont,\">Lerne jetzt auch unsere weiteren Aloe Vera Produkte kennen!<\/p>\n","protected":false},"excerpt":{"rendered":"<ul style=\"font-weight:400;margin:0px;padding:10px0px0px1.25em;font-family:-apple-system,BlinkMacSystemFont,\">\n<li style=\"font-weight:normal\">Set bestehend aus Haar- &amp; K\u00f6rpershampoo und Deo Roll-on<\/li>\n<li style=\"font-weight:normal\">Sanfter und gleichzeitig sicherer Schutz<\/li>\n<li style=\"font-weight:normal\">F\u00fcr Haut &amp; Haare eine schnelle All-in-one-Pflege<\/li>\n<li style=\"font-weight:normal\">Mit bis zu 35 % Aloe Vera und Bambus-Extrakt<\/li>\n<\/ul>\n","protected":false},"featured_media":417,"comment_status":"open","ping_status":"closed","template":"","meta":{"_acf_changed":false,"_monsterinsights_skip_tracking":false,"_monsterinsights_sitenote_active":false,"_monsterinsights_sitenote_note":"","_monsterinsights_sitenote_category":0,"jetpack_publicize_message":"","jetpack_publicize_feature_enabled":true,"jetpack_social_post_already_shared":true,"jetpack_social_options":{"image_generator_settings":{"template":"highway","default_image_id":0,"font":"","enabled":false},"version":2}},"product_brand":[],"product_cat":[18],"product_tag":[],"class_list":{"0":"post-418","1":"product","2":"type-product","3":"status-publish","4":"has-post-thumbnail","6":"product_cat-unkategorisiert","8":"first","9":"onbackorder","10":"purchasable","11":"product-type-simple"},"translation":{"provider":"WPGlobus","version":"3.0.2","language":"da","enabled_languages":["de","en","fr","nl","da","an","ty"],"languages":{"de":{"title":true,"content":true,"excerpt":true},"en":{"title":false,"content":false,"excerpt":false},"fr":{"title":false,"content":false,"excerpt":false},"nl":{"title":false,"content":false,"excerpt":false},"da":{"title":false,"content":false,"excerpt":false},"an":{"title":false,"content":false,"excerpt":false},"ty":{"title":false,"content":false,"excerpt":false}}},"acf":[],"yoast_head":"<!-- This site is optimized with the Yoast SEO plugin v26.9 - https:\/\/yoast.com\/product\/yoast-seo-wordpress\/ -->\n<title>Aloe Vera Sport-Set - LR in Stadtoldendorf<\/title>\n<meta name=\"robots\" content=\"index, follow, max-snippet:-1, max-image-preview:large, max-video-preview:-1\" \/>\n<link rel=\"canonical\" href=\"https:\/\/lr-stadtoldendorf.de\/produkt\/aloe-vera-sport-set\/\" \/>\n<meta property=\"og:locale\" content=\"da_DK\" \/>\n<meta property=\"og:type\" content=\"article\" \/>\n<meta property=\"og:title\" content=\"Aloe Vera Sport-Set - LR in Stadtoldendorf\" \/>\n<meta property=\"og:url\" content=\"https:\/\/lr-stadtoldendorf.de\/produkt\/aloe-vera-sport-set\/\" \/>\n<meta property=\"og:site_name\" content=\"LR in Stadtoldendorf\" \/>\n<meta property=\"article:modified_time\" content=\"2022-05-01T22:21:36+00:00\" \/>\n<meta property=\"og:image\" content=\"https:\/\/i2.wp.com\/lr-stadtoldendorf.de\/wp-content\/uploads\/2021\/04\/aloe_vera_sport_set.jpg?fit=600%2C810&ssl=1\" \/>\n\t<meta property=\"og:image:width\" content=\"600\" \/>\n\t<meta property=\"og:image:height\" content=\"810\" \/>\n\t<meta property=\"og:image:type\" content=\"image\/jpeg\" \/>\n<meta name=\"twitter:card\" content=\"summary_large_image\" \/>\n<meta name=\"twitter:label1\" content=\"Est. reading time\" \/>\n\t<meta name=\"twitter:data1\" content=\"1 minute\" \/>\n<script type=\"application\/ld+json\" class=\"yoast-schema-graph\">{\"@context\":\"https:\/\/schema.org\",\"@graph\":[{\"@type\":\"WebPage\",\"@id\":\"https:\/\/lr-stadtoldendorf.de\/produkt\/aloe-vera-sport-set\/\",\"url\":\"https:\/\/lr-stadtoldendorf.de\/produkt\/aloe-vera-sport-set\/\",\"name\":\"Aloe Vera Sport-Set - LR in Stadtoldendorf\",\"isPartOf\":{\"@id\":\"https:\/\/lr-stadtoldendorf.de\/en\/#website\"},\"primaryImageOfPage\":{\"@id\":\"https:\/\/lr-stadtoldendorf.de\/produkt\/aloe-vera-sport-set\/#primaryimage\"},\"image\":{\"@id\":\"https:\/\/lr-stadtoldendorf.de\/produkt\/aloe-vera-sport-set\/#primaryimage\"},\"thumbnailUrl\":\"https:\/\/i0.wp.com\/lr-stadtoldendorf.de\/wp-content\/uploads\/2021\/04\/aloe_vera_sport_set.jpg?fit=600%2C810&ssl=1\",\"datePublished\":\"2021-04-17T06:12:01+00:00\",\"dateModified\":\"2022-05-01T22:21:36+00:00\",\"breadcrumb\":{\"@id\":\"https:\/\/lr-stadtoldendorf.de\/produkt\/aloe-vera-sport-set\/#breadcrumb\"},\"inLanguage\":\"da-DK\",\"potentialAction\":[{\"@type\":\"ReadAction\",\"target\":[\"https:\/\/lr-stadtoldendorf.de\/produkt\/aloe-vera-sport-set\/\"]}]},{\"@type\":\"ImageObject\",\"inLanguage\":\"da-DK\",\"@id\":\"https:\/\/lr-stadtoldendorf.de\/produkt\/aloe-vera-sport-set\/#primaryimage\",\"url\":\"https:\/\/i0.wp.com\/lr-stadtoldendorf.de\/wp-content\/uploads\/2021\/04\/aloe_vera_sport_set.jpg?fit=600%2C810&ssl=1\",\"contentUrl\":\"https:\/\/i0.wp.com\/lr-stadtoldendorf.de\/wp-content\/uploads\/2021\/04\/aloe_vera_sport_set.jpg?fit=600%2C810&ssl=1\",\"width\":600,\"height\":810},{\"@type\":\"BreadcrumbList\",\"@id\":\"https:\/\/lr-stadtoldendorf.de\/produkt\/aloe-vera-sport-set\/#breadcrumb\",\"itemListElement\":[{\"@type\":\"ListItem\",\"position\":1,\"name\":\"Startseite\",\"item\":\"https:\/\/lr-stadtoldendorf.de\/en\/\"},{\"@type\":\"ListItem\",\"position\":2,\"name\":\"Shop\",\"item\":\"https:\/\/lr-stadtoldendorf.de\/shop\/\"},{\"@type\":\"ListItem\",\"position\":3,\"name\":\"Aloe Vera Sport-Set\"}]},{\"@type\":\"WebSite\",\"@id\":\"https:\/\/lr-stadtoldendorf.de\/en\/#website\",\"url\":\"https:\/\/lr-stadtoldendorf.de\/en\/\",\"name\":\"LR in Stadtoldendorf\",\"description\":\"Sabrina Pagel-B\u00e4cker selbstst\u00e4ndige LR Partnerin\",\"publisher\":{\"@id\":\"https:\/\/lr-stadtoldendorf.de\/en\/#\/schema\/person\/c6264249e9124ab996412605bab8ae05\"},\"potentialAction\":[{\"@type\":\"SearchAction\",\"target\":{\"@type\":\"EntryPoint\",\"urlTemplate\":\"https:\/\/lr-stadtoldendorf.de\/en\/?s={search_term_string}\"},\"query-input\":{\"@type\":\"PropertyValueSpecification\",\"valueRequired\":true,\"valueName\":\"search_term_string\"}}],\"inLanguage\":\"da-DK\"},{\"@type\":[\"Person\",\"Organization\"],\"@id\":\"https:\/\/lr-stadtoldendorf.de\/en\/#\/schema\/person\/c6264249e9124ab996412605bab8ae05\",\"name\":\"Sabrina Pagel-B\u00e4cker\",\"image\":{\"@type\":\"ImageObject\",\"inLanguage\":\"da-DK\",\"@id\":\"https:\/\/lr-stadtoldendorf.de\/en\/#\/schema\/person\/image\/\",\"url\":\"https:\/\/secure.gravatar.com\/avatar\/e8039d76d36e432c545214fe85d780883d29ba5bc24f0b3a39c208a06a11292f?s=96&d=mm&r=g\",\"contentUrl\":\"https:\/\/secure.gravatar.com\/avatar\/e8039d76d36e432c545214fe85d780883d29ba5bc24f0b3a39c208a06a11292f?s=96&d=mm&r=g\",\"caption\":\"Sabrina Pagel-B\u00e4cker\"},\"logo\":{\"@id\":\"https:\/\/lr-stadtoldendorf.de\/en\/#\/schema\/person\/image\/\"}}]}<\/script>\n<!-- \/ Yoast SEO plugin. -->","yoast_head_json":{"title":"Aloe Vera Sport-Set - LR in Stadtoldendorf","robots":{"index":"index","follow":"follow","max-snippet":"max-snippet:-1","max-image-preview":"max-image-preview:large","max-video-preview":"max-video-preview:-1"},"canonical":"https:\/\/lr-stadtoldendorf.de\/produkt\/aloe-vera-sport-set\/","og_locale":"da_DK","og_type":"article","og_title":"Aloe Vera Sport-Set - LR in Stadtoldendorf","og_url":"https:\/\/lr-stadtoldendorf.de\/produkt\/aloe-vera-sport-set\/","og_site_name":"LR in Stadtoldendorf","article_modified_time":"2022-05-01T22:21:36+00:00","og_image":[{"width":600,"height":810,"url":"https:\/\/i2.wp.com\/lr-stadtoldendorf.de\/wp-content\/uploads\/2021\/04\/aloe_vera_sport_set.jpg?fit=600%2C810&ssl=1","type":"image\/jpeg"}],"twitter_card":"summary_large_image","twitter_misc":{"Est. reading time":"1 minute"},"schema":{"@context":"https:\/\/schema.org","@graph":[{"@type":"WebPage","@id":"https:\/\/lr-stadtoldendorf.de\/produkt\/aloe-vera-sport-set\/","url":"https:\/\/lr-stadtoldendorf.de\/produkt\/aloe-vera-sport-set\/","name":"Aloe Vera Sport-Set - LR in Stadtoldendorf","isPartOf":{"@id":"https:\/\/lr-stadtoldendorf.de\/en\/#website"},"primaryImageOfPage":{"@id":"https:\/\/lr-stadtoldendorf.de\/produkt\/aloe-vera-sport-set\/#primaryimage"},"image":{"@id":"https:\/\/lr-stadtoldendorf.de\/produkt\/aloe-vera-sport-set\/#primaryimage"},"thumbnailUrl":"https:\/\/i0.wp.com\/lr-stadtoldendorf.de\/wp-content\/uploads\/2021\/04\/aloe_vera_sport_set.jpg?fit=600%2C810&ssl=1","datePublished":"2021-04-17T06:12:01+00:00","dateModified":"2022-05-01T22:21:36+00:00","breadcrumb":{"@id":"https:\/\/lr-stadtoldendorf.de\/produkt\/aloe-vera-sport-set\/#breadcrumb"},"inLanguage":"da-DK","potentialAction":[{"@type":"ReadAction","target":["https:\/\/lr-stadtoldendorf.de\/produkt\/aloe-vera-sport-set\/"]}]},{"@type":"ImageObject","inLanguage":"da-DK","@id":"https:\/\/lr-stadtoldendorf.de\/produkt\/aloe-vera-sport-set\/#primaryimage","url":"https:\/\/i0.wp.com\/lr-stadtoldendorf.de\/wp-content\/uploads\/2021\/04\/aloe_vera_sport_set.jpg?fit=600%2C810&ssl=1","contentUrl":"https:\/\/i0.wp.com\/lr-stadtoldendorf.de\/wp-content\/uploads\/2021\/04\/aloe_vera_sport_set.jpg?fit=600%2C810&ssl=1","width":600,"height":810},{"@type":"BreadcrumbList","@id":"https:\/\/lr-stadtoldendorf.de\/produkt\/aloe-vera-sport-set\/#breadcrumb","itemListElement":[{"@type":"ListItem","position":1,"name":"Startseite","item":"https:\/\/lr-stadtoldendorf.de\/en\/"},{"@type":"ListItem","position":2,"name":"Shop","item":"https:\/\/lr-stadtoldendorf.de\/shop\/"},{"@type":"ListItem","position":3,"name":"Aloe Vera Sport-Set"}]},{"@type":"WebSite","@id":"https:\/\/lr-stadtoldendorf.de\/en\/#website","url":"https:\/\/lr-stadtoldendorf.de\/en\/","name":"LR in Stadtoldendorf","description":"Sabrina Pagel-B\u00e4cker selbstst\u00e4ndige LR Partnerin","publisher":{"@id":"https:\/\/lr-stadtoldendorf.de\/en\/#\/schema\/person\/c6264249e9124ab996412605bab8ae05"},"potentialAction":[{"@type":"SearchAction","target":{"@type":"EntryPoint","urlTemplate":"https:\/\/lr-stadtoldendorf.de\/en\/?s={search_term_string}"},"query-input":{"@type":"PropertyValueSpecification","valueRequired":true,"valueName":"search_term_string"}}],"inLanguage":"da-DK"},{"@type":["Person","Organization"],"@id":"https:\/\/lr-stadtoldendorf.de\/en\/#\/schema\/person\/c6264249e9124ab996412605bab8ae05","name":"Sabrina Pagel-B\u00e4cker","image":{"@type":"ImageObject","inLanguage":"da-DK","@id":"https:\/\/lr-stadtoldendorf.de\/en\/#\/schema\/person\/image\/","url":"https:\/\/secure.gravatar.com\/avatar\/e8039d76d36e432c545214fe85d780883d29ba5bc24f0b3a39c208a06a11292f?s=96&d=mm&r=g","contentUrl":"https:\/\/secure.gravatar.com\/avatar\/e8039d76d36e432c545214fe85d780883d29ba5bc24f0b3a39c208a06a11292f?s=96&d=mm&r=g","caption":"Sabrina Pagel-B\u00e4cker"},"logo":{"@id":"https:\/\/lr-stadtoldendorf.de\/en\/#\/schema\/person\/image\/"}}]}},"jetpack_publicize_connections":[],"jetpack_likes_enabled":true,"jetpack_sharing_enabled":true,"jetpack-related-posts":[],"_links":{"self":[{"href":"https:\/\/lr-stadtoldendorf.de\/da\/wp-json\/wp\/v2\/product\/418","targetHints":{"allow":["GET"]}}],"collection":[{"href":"https:\/\/lr-stadtoldendorf.de\/da\/wp-json\/wp\/v2\/product"}],"about":[{"href":"https:\/\/lr-stadtoldendorf.de\/da\/wp-json\/wp\/v2\/types\/product"}],"replies":[{"embeddable":true,"href":"https:\/\/lr-stadtoldendorf.de\/da\/wp-json\/wp\/v2\/comments?post=418"}],"wp:featuredmedia":[{"embeddable":true,"href":"https:\/\/lr-stadtoldendorf.de\/da\/wp-json\/wp\/v2\/media\/417"}],"wp:attachment":[{"href":"https:\/\/lr-stadtoldendorf.de\/da\/wp-json\/wp\/v2\/media?parent=418"}],"wp:term":[{"taxonomy":"product_brand","embeddable":true,"href":"https:\/\/lr-stadtoldendorf.de\/da\/wp-json\/wp\/v2\/product_brand?post=418"},{"taxonomy":"product_cat","embeddable":true,"href":"https:\/\/lr-stadtoldendorf.de\/da\/wp-json\/wp\/v2\/product_cat?post=418"},{"taxonomy":"product_tag","embeddable":true,"href":"https:\/\/lr-stadtoldendorf.de\/da\/wp-json\/wp\/v2\/product_tag?post=418"}],"curies":[{"name":"wp","href":"https:\/\/api.w.org\/{rel}","templated":true}]}}