{"id":432,"date":"2021-04-17T08:55:34","date_gmt":"2021-04-17T06:55:34","guid":{"rendered":"https:\/\/lr-stadtoldendorf.de\/produkt\/aloe-vera-multifunktionales-msm-koerper-gel\/"},"modified":"2022-05-02T00:21:05","modified_gmt":"2022-05-01T22:21:05","slug":"aloe-vera-multifunktionales-msm-koerper-gel","status":"publish","type":"product","link":"https:\/\/lr-stadtoldendorf.de\/en\/produkt\/aloe-vera-multifunktionales-msm-koerper-gel\/","title":{"rendered":"Aloe Vera Multifunktionales MSM K\u00f6rper Gel"},"content":{"rendered":"<p style=\"font-weight: 400; margin-bottom: 1rem; font-size: 14px; font-family: -apple-system,BlinkMacSystemFont,;\">LR ALOE VIA Aloe Vera Multifunktionales MSM K\u00f6rper Gel \u2013 k\u00fchlt und beruhigt beanspruchte Gelenke.<\/p>\n<p style=\"font-weight: 400; margin-bottom: 1rem; font-size: 14px; font-family: -apple-system,BlinkMacSystemFont,;\">Das LR ALOE VIA Aloe Vera Multifunktionale MSM K\u00f6rper Gel ist ein geschmeidiges und schnell einziehendes Gel mit 60% Aloe Vera, B\u00e4rentraubenbl\u00e4tter- und Weidenrindenextrakt. Aufgrund der k\u00fchlenden Wirkung des Body Gels und der wertvollen Kr\u00e4uterextrakte ist es wohltuend f\u00fcr beanspruchte Gelenke.<br \/>\nB\u00e4rentraubenbl\u00e4tter-Extrakt hat adstringierende, entz\u00fcndungshemende und antibiotische Eigenschaften. Auch Weidenrinden-Extrakt wirkt entz\u00fcndungshemmend und lindert Unwohlsein durch \u00fcberanstrengte und gereizte Haut.<\/p>\n<p style=\"font-weight: 400; margin-bottom: 1rem; font-size: 14px; font-family: -apple-system,BlinkMacSystemFont,;\">Die LR ALOE VIA Spezial-Pflege ist besonders wohltuend und regenerierend bei beanspruchter Haut sowie bei Hautirritationen. Die Produkte legen sich wie ein Schutzfilm auf die beanspruchte Haut, k\u00fchlen, beruhigen und f\u00f6rdern die Regeneration.<\/p>\n","protected":false},"excerpt":{"rendered":"<ul style=\"font-weight: 400; margin: 0px; padding: 10px0px0px1.25em; font-family: -apple-system,BlinkMacSystemFont,;\">\n<li style=\"font-weight: normal;\">Schnell einziehende, k\u00fchlende Gel-Creme f\u00fcr beanspruchte Muskel- und Gelenkpartien<\/li>\n<li style=\"font-weight: normal;\">60% Aloe Vera-Gel, eine spezielle MSM Schwefelverbindung, B\u00e4rentraubenbl\u00e4tter und Weidenrinden-Extrakt<\/li>\n<li style=\"font-weight: normal;\">Verleiht der Haut Spannkraft und Elastizit\u00e4t<\/li>\n<\/ul>\n","protected":false},"featured_media":431,"comment_status":"open","ping_status":"closed","template":"","meta":{"_acf_changed":false,"_monsterinsights_skip_tracking":false,"_monsterinsights_sitenote_active":false,"_monsterinsights_sitenote_note":"","_monsterinsights_sitenote_category":0,"jetpack_publicize_message":"","jetpack_publicize_feature_enabled":true,"jetpack_social_post_already_shared":true,"jetpack_social_options":{"image_generator_settings":{"template":"highway","default_image_id":0,"font":"","enabled":false},"version":2}},"product_brand":[],"product_cat":[52],"product_tag":[],"class_list":{"0":"post-432","1":"product","2":"type-product","3":"status-publish","4":"has-post-thumbnail","6":"product_cat-aloe-via","8":"first","9":"instock","10":"sale","11":"purchasable","12":"product-type-simple"},"translation":{"provider":"WPGlobus","version":"3.0.2","language":"en","enabled_languages":["de","en","fr","nl","da","an","ty"],"languages":{"de":{"title":true,"content":true,"excerpt":true},"en":{"title":false,"content":false,"excerpt":false},"fr":{"title":false,"content":false,"excerpt":false},"nl":{"title":false,"content":false,"excerpt":false},"da":{"title":false,"content":false,"excerpt":false},"an":{"title":false,"content":false,"excerpt":false},"ty":{"title":false,"content":false,"excerpt":false}}},"acf":[],"yoast_head":"<!-- This site is optimized with the Yoast SEO plugin v26.9 - https:\/\/yoast.com\/product\/yoast-seo-wordpress\/ -->\n<title>Aloe Vera Multifunktionales MSM K\u00f6rper Gel - LR in Stadtoldendorf<\/title>\n<meta name=\"robots\" content=\"index, follow, max-snippet:-1, max-image-preview:large, max-video-preview:-1\" \/>\n<link rel=\"canonical\" href=\"https:\/\/lr-stadtoldendorf.de\/produkt\/aloe-vera-multifunktionales-msm-koerper-gel\/\" \/>\n<meta property=\"og:locale\" content=\"en_US\" \/>\n<meta property=\"og:type\" content=\"article\" \/>\n<meta property=\"og:title\" content=\"Aloe Vera Multifunktionales MSM K\u00f6rper Gel - LR in Stadtoldendorf\" \/>\n<meta property=\"og:url\" content=\"https:\/\/lr-stadtoldendorf.de\/produkt\/aloe-vera-multifunktionales-msm-koerper-gel\/\" \/>\n<meta property=\"og:site_name\" content=\"LR in Stadtoldendorf\" \/>\n<meta property=\"article:modified_time\" content=\"2022-05-01T22:21:05+00:00\" \/>\n<meta property=\"og:image\" content=\"https:\/\/i1.wp.com\/lr-stadtoldendorf.de\/wp-content\/uploads\/2021\/04\/aloe_vera_multifunktionales_msm_korper_gel.jpg?fit=600%2C810&ssl=1\" \/>\n\t<meta property=\"og:image:width\" content=\"600\" \/>\n\t<meta property=\"og:image:height\" content=\"810\" \/>\n\t<meta property=\"og:image:type\" content=\"image\/jpeg\" \/>\n<meta name=\"twitter:card\" content=\"summary_large_image\" \/>\n<meta name=\"twitter:label1\" content=\"Est. reading time\" \/>\n\t<meta name=\"twitter:data1\" content=\"1 minute\" \/>\n<script type=\"application\/ld+json\" class=\"yoast-schema-graph\">{\"@context\":\"https:\/\/schema.org\",\"@graph\":[{\"@type\":\"WebPage\",\"@id\":\"https:\/\/lr-stadtoldendorf.de\/produkt\/aloe-vera-multifunktionales-msm-koerper-gel\/\",\"url\":\"https:\/\/lr-stadtoldendorf.de\/produkt\/aloe-vera-multifunktionales-msm-koerper-gel\/\",\"name\":\"Aloe Vera Multifunktionales MSM K\u00f6rper Gel - LR in Stadtoldendorf\",\"isPartOf\":{\"@id\":\"https:\/\/lr-stadtoldendorf.de\/en\/#website\"},\"primaryImageOfPage\":{\"@id\":\"https:\/\/lr-stadtoldendorf.de\/produkt\/aloe-vera-multifunktionales-msm-koerper-gel\/#primaryimage\"},\"image\":{\"@id\":\"https:\/\/lr-stadtoldendorf.de\/produkt\/aloe-vera-multifunktionales-msm-koerper-gel\/#primaryimage\"},\"thumbnailUrl\":\"https:\/\/i0.wp.com\/lr-stadtoldendorf.de\/wp-content\/uploads\/2021\/04\/aloe_vera_multifunktionales_msm_korper_gel.jpg?fit=600%2C810&ssl=1\",\"datePublished\":\"2021-04-17T06:55:34+00:00\",\"dateModified\":\"2022-05-01T22:21:05+00:00\",\"breadcrumb\":{\"@id\":\"https:\/\/lr-stadtoldendorf.de\/produkt\/aloe-vera-multifunktionales-msm-koerper-gel\/#breadcrumb\"},\"inLanguage\":\"en-US\",\"potentialAction\":[{\"@type\":\"ReadAction\",\"target\":[\"https:\/\/lr-stadtoldendorf.de\/produkt\/aloe-vera-multifunktionales-msm-koerper-gel\/\"]}]},{\"@type\":\"ImageObject\",\"inLanguage\":\"en-US\",\"@id\":\"https:\/\/lr-stadtoldendorf.de\/produkt\/aloe-vera-multifunktionales-msm-koerper-gel\/#primaryimage\",\"url\":\"https:\/\/i0.wp.com\/lr-stadtoldendorf.de\/wp-content\/uploads\/2021\/04\/aloe_vera_multifunktionales_msm_korper_gel.jpg?fit=600%2C810&ssl=1\",\"contentUrl\":\"https:\/\/i0.wp.com\/lr-stadtoldendorf.de\/wp-content\/uploads\/2021\/04\/aloe_vera_multifunktionales_msm_korper_gel.jpg?fit=600%2C810&ssl=1\",\"width\":600,\"height\":810},{\"@type\":\"BreadcrumbList\",\"@id\":\"https:\/\/lr-stadtoldendorf.de\/produkt\/aloe-vera-multifunktionales-msm-koerper-gel\/#breadcrumb\",\"itemListElement\":[{\"@type\":\"ListItem\",\"position\":1,\"name\":\"Startseite\",\"item\":\"https:\/\/lr-stadtoldendorf.de\/en\/\"},{\"@type\":\"ListItem\",\"position\":2,\"name\":\"Shop\",\"item\":\"https:\/\/lr-stadtoldendorf.de\/shop\/\"},{\"@type\":\"ListItem\",\"position\":3,\"name\":\"Aloe Vera Multifunktionales MSM K\u00f6rper Gel\"}]},{\"@type\":\"WebSite\",\"@id\":\"https:\/\/lr-stadtoldendorf.de\/en\/#website\",\"url\":\"https:\/\/lr-stadtoldendorf.de\/en\/\",\"name\":\"LR in Stadtoldendorf\",\"description\":\"Sabrina Pagel-B\u00e4cker selfemployed LR Partner\",\"publisher\":{\"@id\":\"https:\/\/lr-stadtoldendorf.de\/en\/#\/schema\/person\/c6264249e9124ab996412605bab8ae05\"},\"potentialAction\":[{\"@type\":\"SearchAction\",\"target\":{\"@type\":\"EntryPoint\",\"urlTemplate\":\"https:\/\/lr-stadtoldendorf.de\/en\/?s={search_term_string}\"},\"query-input\":{\"@type\":\"PropertyValueSpecification\",\"valueRequired\":true,\"valueName\":\"search_term_string\"}}],\"inLanguage\":\"en-US\"},{\"@type\":[\"Person\",\"Organization\"],\"@id\":\"https:\/\/lr-stadtoldendorf.de\/en\/#\/schema\/person\/c6264249e9124ab996412605bab8ae05\",\"name\":\"Sabrina Pagel-B\u00e4cker\",\"image\":{\"@type\":\"ImageObject\",\"inLanguage\":\"en-US\",\"@id\":\"https:\/\/lr-stadtoldendorf.de\/en\/#\/schema\/person\/image\/\",\"url\":\"https:\/\/secure.gravatar.com\/avatar\/e8039d76d36e432c545214fe85d780883d29ba5bc24f0b3a39c208a06a11292f?s=96&d=mm&r=g\",\"contentUrl\":\"https:\/\/secure.gravatar.com\/avatar\/e8039d76d36e432c545214fe85d780883d29ba5bc24f0b3a39c208a06a11292f?s=96&d=mm&r=g\",\"caption\":\"Sabrina Pagel-B\u00e4cker\"},\"logo\":{\"@id\":\"https:\/\/lr-stadtoldendorf.de\/en\/#\/schema\/person\/image\/\"}}]}<\/script>\n<!-- \/ Yoast SEO plugin. -->","yoast_head_json":{"title":"Aloe Vera Multifunktionales MSM K\u00f6rper Gel - LR in Stadtoldendorf","robots":{"index":"index","follow":"follow","max-snippet":"max-snippet:-1","max-image-preview":"max-image-preview:large","max-video-preview":"max-video-preview:-1"},"canonical":"https:\/\/lr-stadtoldendorf.de\/produkt\/aloe-vera-multifunktionales-msm-koerper-gel\/","og_locale":"en_US","og_type":"article","og_title":"Aloe Vera Multifunktionales MSM K\u00f6rper Gel - LR in Stadtoldendorf","og_url":"https:\/\/lr-stadtoldendorf.de\/produkt\/aloe-vera-multifunktionales-msm-koerper-gel\/","og_site_name":"LR in Stadtoldendorf","article_modified_time":"2022-05-01T22:21:05+00:00","og_image":[{"width":600,"height":810,"url":"https:\/\/i1.wp.com\/lr-stadtoldendorf.de\/wp-content\/uploads\/2021\/04\/aloe_vera_multifunktionales_msm_korper_gel.jpg?fit=600%2C810&ssl=1","type":"image\/jpeg"}],"twitter_card":"summary_large_image","twitter_misc":{"Est. reading time":"1 minute"},"schema":{"@context":"https:\/\/schema.org","@graph":[{"@type":"WebPage","@id":"https:\/\/lr-stadtoldendorf.de\/produkt\/aloe-vera-multifunktionales-msm-koerper-gel\/","url":"https:\/\/lr-stadtoldendorf.de\/produkt\/aloe-vera-multifunktionales-msm-koerper-gel\/","name":"Aloe Vera Multifunktionales MSM K\u00f6rper Gel - LR in Stadtoldendorf","isPartOf":{"@id":"https:\/\/lr-stadtoldendorf.de\/en\/#website"},"primaryImageOfPage":{"@id":"https:\/\/lr-stadtoldendorf.de\/produkt\/aloe-vera-multifunktionales-msm-koerper-gel\/#primaryimage"},"image":{"@id":"https:\/\/lr-stadtoldendorf.de\/produkt\/aloe-vera-multifunktionales-msm-koerper-gel\/#primaryimage"},"thumbnailUrl":"https:\/\/i0.wp.com\/lr-stadtoldendorf.de\/wp-content\/uploads\/2021\/04\/aloe_vera_multifunktionales_msm_korper_gel.jpg?fit=600%2C810&ssl=1","datePublished":"2021-04-17T06:55:34+00:00","dateModified":"2022-05-01T22:21:05+00:00","breadcrumb":{"@id":"https:\/\/lr-stadtoldendorf.de\/produkt\/aloe-vera-multifunktionales-msm-koerper-gel\/#breadcrumb"},"inLanguage":"en-US","potentialAction":[{"@type":"ReadAction","target":["https:\/\/lr-stadtoldendorf.de\/produkt\/aloe-vera-multifunktionales-msm-koerper-gel\/"]}]},{"@type":"ImageObject","inLanguage":"en-US","@id":"https:\/\/lr-stadtoldendorf.de\/produkt\/aloe-vera-multifunktionales-msm-koerper-gel\/#primaryimage","url":"https:\/\/i0.wp.com\/lr-stadtoldendorf.de\/wp-content\/uploads\/2021\/04\/aloe_vera_multifunktionales_msm_korper_gel.jpg?fit=600%2C810&ssl=1","contentUrl":"https:\/\/i0.wp.com\/lr-stadtoldendorf.de\/wp-content\/uploads\/2021\/04\/aloe_vera_multifunktionales_msm_korper_gel.jpg?fit=600%2C810&ssl=1","width":600,"height":810},{"@type":"BreadcrumbList","@id":"https:\/\/lr-stadtoldendorf.de\/produkt\/aloe-vera-multifunktionales-msm-koerper-gel\/#breadcrumb","itemListElement":[{"@type":"ListItem","position":1,"name":"Startseite","item":"https:\/\/lr-stadtoldendorf.de\/en\/"},{"@type":"ListItem","position":2,"name":"Shop","item":"https:\/\/lr-stadtoldendorf.de\/shop\/"},{"@type":"ListItem","position":3,"name":"Aloe Vera Multifunktionales MSM K\u00f6rper Gel"}]},{"@type":"WebSite","@id":"https:\/\/lr-stadtoldendorf.de\/en\/#website","url":"https:\/\/lr-stadtoldendorf.de\/en\/","name":"LR in Stadtoldendorf","description":"Sabrina Pagel-B\u00e4cker selfemployed LR Partner","publisher":{"@id":"https:\/\/lr-stadtoldendorf.de\/en\/#\/schema\/person\/c6264249e9124ab996412605bab8ae05"},"potentialAction":[{"@type":"SearchAction","target":{"@type":"EntryPoint","urlTemplate":"https:\/\/lr-stadtoldendorf.de\/en\/?s={search_term_string}"},"query-input":{"@type":"PropertyValueSpecification","valueRequired":true,"valueName":"search_term_string"}}],"inLanguage":"en-US"},{"@type":["Person","Organization"],"@id":"https:\/\/lr-stadtoldendorf.de\/en\/#\/schema\/person\/c6264249e9124ab996412605bab8ae05","name":"Sabrina Pagel-B\u00e4cker","image":{"@type":"ImageObject","inLanguage":"en-US","@id":"https:\/\/lr-stadtoldendorf.de\/en\/#\/schema\/person\/image\/","url":"https:\/\/secure.gravatar.com\/avatar\/e8039d76d36e432c545214fe85d780883d29ba5bc24f0b3a39c208a06a11292f?s=96&d=mm&r=g","contentUrl":"https:\/\/secure.gravatar.com\/avatar\/e8039d76d36e432c545214fe85d780883d29ba5bc24f0b3a39c208a06a11292f?s=96&d=mm&r=g","caption":"Sabrina Pagel-B\u00e4cker"},"logo":{"@id":"https:\/\/lr-stadtoldendorf.de\/en\/#\/schema\/person\/image\/"}}]}},"jetpack_publicize_connections":[],"jetpack_likes_enabled":true,"jetpack_sharing_enabled":true,"jetpack-related-posts":[],"_links":{"self":[{"href":"https:\/\/lr-stadtoldendorf.de\/en\/wp-json\/wp\/v2\/product\/432","targetHints":{"allow":["GET"]}}],"collection":[{"href":"https:\/\/lr-stadtoldendorf.de\/en\/wp-json\/wp\/v2\/product"}],"about":[{"href":"https:\/\/lr-stadtoldendorf.de\/en\/wp-json\/wp\/v2\/types\/product"}],"replies":[{"embeddable":true,"href":"https:\/\/lr-stadtoldendorf.de\/en\/wp-json\/wp\/v2\/comments?post=432"}],"wp:featuredmedia":[{"embeddable":true,"href":"https:\/\/lr-stadtoldendorf.de\/en\/wp-json\/wp\/v2\/media\/431"}],"wp:attachment":[{"href":"https:\/\/lr-stadtoldendorf.de\/en\/wp-json\/wp\/v2\/media?parent=432"}],"wp:term":[{"taxonomy":"product_brand","embeddable":true,"href":"https:\/\/lr-stadtoldendorf.de\/en\/wp-json\/wp\/v2\/product_brand?post=432"},{"taxonomy":"product_cat","embeddable":true,"href":"https:\/\/lr-stadtoldendorf.de\/en\/wp-json\/wp\/v2\/product_cat?post=432"},{"taxonomy":"product_tag","embeddable":true,"href":"https:\/\/lr-stadtoldendorf.de\/en\/wp-json\/wp\/v2\/product_tag?post=432"}],"curies":[{"name":"wp","href":"https:\/\/api.w.org\/{rel}","templated":true}]}}