{"id":444,"date":"2021-04-18T21:09:40","date_gmt":"2021-04-18T19:09:40","guid":{"rendered":"https:\/\/lr-stadtoldendorf.de\/?post_type=product&#038;p=444"},"modified":"2022-05-02T00:21:17","modified_gmt":"2022-05-01T22:21:17","slug":"aloe-vera-sanft-reinigende-handseife-nachfuellpack","status":"publish","type":"product","link":"https:\/\/lr-stadtoldendorf.de\/en\/produkt\/aloe-vera-sanft-reinigende-handseife-nachfuellpack\/","title":{"rendered":"Aloe Vera Sanft Reinigende Handseife Nachf\u00fcllpack"},"content":{"rendered":"<p>Milde Cremeseife f\u00fcr deine H\u00e4nde<\/p>\n<p>T\u00e4gliches H\u00e4ndewaschen kann die Haut austrocknen und strapazieren. Eine gute Seife zu nutzen, die gr\u00fcndlich reinigt und zugleich intensiv pflegt, ist sehr wichtig. Die LR ALOE VIA Aloe Vera Sanft Reinigende Handseife reinigt deine H\u00e4nde besonders mild und pflegt sie zugleich. Mit 38% Aloe Vera und wertvollem Calendula-Extrakt spendet sie Feuchtigkeit.<\/p>\n","protected":false},"excerpt":{"rendered":"<div id=\"id69\" style=\"font-weight:400;font-family:-apple-system,BlinkMacSystemFont,\">\n<div class=\"product-description-list\" style=\"font-weight:normal;font-size:14px;line-height:1.4em\">\n<div class=\"elements-wrapper\" style=\"font-weight:normal;vertical-align:top;width:340px\">\n<div style=\"font-weight:normal\">\n<ul style=\"font-weight:normal;margin:0px;padding:10px0px0px1.25em\">\n<li style=\"font-weight:normal\">Pflegende Cremeseife f\u00fcr die H\u00e4nde im Nachf\u00fcllpack<\/li>\n<li style=\"font-weight:normal\">Mit 38% Aloe Vera-Gel und Bio-Calendula-Extrakt<\/li>\n<li style=\"font-weight:normal\">Sanfte Reinigung, die Feuchtigkeit spendet und pflegt<\/li>\n<\/ul>\n<\/div>\n<\/div>\n<\/div>\n<\/div>\n","protected":false},"featured_media":443,"comment_status":"open","ping_status":"closed","template":"","meta":{"_acf_changed":false,"_monsterinsights_skip_tracking":false,"_monsterinsights_sitenote_active":false,"_monsterinsights_sitenote_note":"","_monsterinsights_sitenote_category":0,"jetpack_publicize_message":"","jetpack_publicize_feature_enabled":true,"jetpack_social_post_already_shared":true,"jetpack_social_options":{"image_generator_settings":{"template":"highway","default_image_id":0,"font":"","enabled":false},"version":2}},"product_brand":[],"product_cat":[18],"product_tag":[],"class_list":{"0":"post-444","1":"product","2":"type-product","3":"status-publish","4":"has-post-thumbnail","6":"product_cat-unkategorisiert","8":"first","9":"instock","10":"sold-individually","11":"purchasable","12":"product-type-simple"},"translation":{"provider":"WPGlobus","version":"3.0.2","language":"en","enabled_languages":["de","en","fr","nl","da","an","ty"],"languages":{"de":{"title":true,"content":true,"excerpt":true},"en":{"title":false,"content":false,"excerpt":false},"fr":{"title":false,"content":false,"excerpt":false},"nl":{"title":false,"content":false,"excerpt":false},"da":{"title":false,"content":false,"excerpt":false},"an":{"title":false,"content":false,"excerpt":false},"ty":{"title":false,"content":false,"excerpt":false}}},"acf":[],"yoast_head":"<!-- This site is optimized with the Yoast SEO plugin v26.9 - https:\/\/yoast.com\/product\/yoast-seo-wordpress\/ -->\n<title>Aloe Vera Sanft Reinigende Handseife Nachf\u00fcllpack - LR in Stadtoldendorf<\/title>\n<meta name=\"robots\" content=\"index, follow, max-snippet:-1, max-image-preview:large, max-video-preview:-1\" \/>\n<link rel=\"canonical\" href=\"https:\/\/lr-stadtoldendorf.de\/produkt\/aloe-vera-sanft-reinigende-handseife-nachfuellpack\/\" \/>\n<meta property=\"og:locale\" content=\"en_US\" \/>\n<meta property=\"og:type\" content=\"article\" \/>\n<meta property=\"og:title\" content=\"Aloe Vera Sanft Reinigende Handseife Nachf\u00fcllpack - LR in Stadtoldendorf\" \/>\n<meta property=\"og:url\" content=\"https:\/\/lr-stadtoldendorf.de\/produkt\/aloe-vera-sanft-reinigende-handseife-nachfuellpack\/\" \/>\n<meta property=\"og:site_name\" content=\"LR in Stadtoldendorf\" \/>\n<meta property=\"article:modified_time\" content=\"2022-05-01T22:21:17+00:00\" \/>\n<meta property=\"og:image\" content=\"https:\/\/i0.wp.com\/lr-stadtoldendorf.de\/wp-content\/uploads\/2021\/04\/aloe_vera_sanft_reinigende_handseife_nachfullpack.jpg?fit=600%2C810&ssl=1\" \/>\n\t<meta property=\"og:image:width\" content=\"600\" \/>\n\t<meta property=\"og:image:height\" content=\"810\" \/>\n\t<meta property=\"og:image:type\" content=\"image\/jpeg\" \/>\n<meta name=\"twitter:card\" content=\"summary_large_image\" \/>\n<script type=\"application\/ld+json\" class=\"yoast-schema-graph\">{\"@context\":\"https:\/\/schema.org\",\"@graph\":[{\"@type\":\"WebPage\",\"@id\":\"https:\/\/lr-stadtoldendorf.de\/produkt\/aloe-vera-sanft-reinigende-handseife-nachfuellpack\/\",\"url\":\"https:\/\/lr-stadtoldendorf.de\/produkt\/aloe-vera-sanft-reinigende-handseife-nachfuellpack\/\",\"name\":\"Aloe Vera Sanft Reinigende Handseife Nachf\u00fcllpack - LR in Stadtoldendorf\",\"isPartOf\":{\"@id\":\"https:\/\/lr-stadtoldendorf.de\/en\/#website\"},\"primaryImageOfPage\":{\"@id\":\"https:\/\/lr-stadtoldendorf.de\/produkt\/aloe-vera-sanft-reinigende-handseife-nachfuellpack\/#primaryimage\"},\"image\":{\"@id\":\"https:\/\/lr-stadtoldendorf.de\/produkt\/aloe-vera-sanft-reinigende-handseife-nachfuellpack\/#primaryimage\"},\"thumbnailUrl\":\"https:\/\/i0.wp.com\/lr-stadtoldendorf.de\/wp-content\/uploads\/2021\/04\/aloe_vera_sanft_reinigende_handseife_nachfullpack.jpg?fit=600%2C810&ssl=1\",\"datePublished\":\"2021-04-18T19:09:40+00:00\",\"dateModified\":\"2022-05-01T22:21:17+00:00\",\"breadcrumb\":{\"@id\":\"https:\/\/lr-stadtoldendorf.de\/produkt\/aloe-vera-sanft-reinigende-handseife-nachfuellpack\/#breadcrumb\"},\"inLanguage\":\"en-US\",\"potentialAction\":[{\"@type\":\"ReadAction\",\"target\":[\"https:\/\/lr-stadtoldendorf.de\/produkt\/aloe-vera-sanft-reinigende-handseife-nachfuellpack\/\"]}]},{\"@type\":\"ImageObject\",\"inLanguage\":\"en-US\",\"@id\":\"https:\/\/lr-stadtoldendorf.de\/produkt\/aloe-vera-sanft-reinigende-handseife-nachfuellpack\/#primaryimage\",\"url\":\"https:\/\/i0.wp.com\/lr-stadtoldendorf.de\/wp-content\/uploads\/2021\/04\/aloe_vera_sanft_reinigende_handseife_nachfullpack.jpg?fit=600%2C810&ssl=1\",\"contentUrl\":\"https:\/\/i0.wp.com\/lr-stadtoldendorf.de\/wp-content\/uploads\/2021\/04\/aloe_vera_sanft_reinigende_handseife_nachfullpack.jpg?fit=600%2C810&ssl=1\",\"width\":600,\"height\":810},{\"@type\":\"BreadcrumbList\",\"@id\":\"https:\/\/lr-stadtoldendorf.de\/produkt\/aloe-vera-sanft-reinigende-handseife-nachfuellpack\/#breadcrumb\",\"itemListElement\":[{\"@type\":\"ListItem\",\"position\":1,\"name\":\"Startseite\",\"item\":\"https:\/\/lr-stadtoldendorf.de\/en\/\"},{\"@type\":\"ListItem\",\"position\":2,\"name\":\"Shop\",\"item\":\"https:\/\/lr-stadtoldendorf.de\/shop\/\"},{\"@type\":\"ListItem\",\"position\":3,\"name\":\"Aloe Vera Sanft Reinigende Handseife Nachf\u00fcllpack\"}]},{\"@type\":\"WebSite\",\"@id\":\"https:\/\/lr-stadtoldendorf.de\/en\/#website\",\"url\":\"https:\/\/lr-stadtoldendorf.de\/en\/\",\"name\":\"LR in Stadtoldendorf\",\"description\":\"Sabrina Pagel-B\u00e4cker selfemployed LR Partner\",\"publisher\":{\"@id\":\"https:\/\/lr-stadtoldendorf.de\/en\/#\/schema\/person\/c6264249e9124ab996412605bab8ae05\"},\"potentialAction\":[{\"@type\":\"SearchAction\",\"target\":{\"@type\":\"EntryPoint\",\"urlTemplate\":\"https:\/\/lr-stadtoldendorf.de\/en\/?s={search_term_string}\"},\"query-input\":{\"@type\":\"PropertyValueSpecification\",\"valueRequired\":true,\"valueName\":\"search_term_string\"}}],\"inLanguage\":\"en-US\"},{\"@type\":[\"Person\",\"Organization\"],\"@id\":\"https:\/\/lr-stadtoldendorf.de\/en\/#\/schema\/person\/c6264249e9124ab996412605bab8ae05\",\"name\":\"Sabrina Pagel-B\u00e4cker\",\"image\":{\"@type\":\"ImageObject\",\"inLanguage\":\"en-US\",\"@id\":\"https:\/\/lr-stadtoldendorf.de\/en\/#\/schema\/person\/image\/\",\"url\":\"https:\/\/secure.gravatar.com\/avatar\/e8039d76d36e432c545214fe85d780883d29ba5bc24f0b3a39c208a06a11292f?s=96&d=mm&r=g\",\"contentUrl\":\"https:\/\/secure.gravatar.com\/avatar\/e8039d76d36e432c545214fe85d780883d29ba5bc24f0b3a39c208a06a11292f?s=96&d=mm&r=g\",\"caption\":\"Sabrina Pagel-B\u00e4cker\"},\"logo\":{\"@id\":\"https:\/\/lr-stadtoldendorf.de\/en\/#\/schema\/person\/image\/\"}}]}<\/script>\n<!-- \/ Yoast SEO plugin. -->","yoast_head_json":{"title":"Aloe Vera Sanft Reinigende Handseife Nachf\u00fcllpack - LR in Stadtoldendorf","robots":{"index":"index","follow":"follow","max-snippet":"max-snippet:-1","max-image-preview":"max-image-preview:large","max-video-preview":"max-video-preview:-1"},"canonical":"https:\/\/lr-stadtoldendorf.de\/produkt\/aloe-vera-sanft-reinigende-handseife-nachfuellpack\/","og_locale":"en_US","og_type":"article","og_title":"Aloe Vera Sanft Reinigende Handseife Nachf\u00fcllpack - LR in Stadtoldendorf","og_url":"https:\/\/lr-stadtoldendorf.de\/produkt\/aloe-vera-sanft-reinigende-handseife-nachfuellpack\/","og_site_name":"LR in Stadtoldendorf","article_modified_time":"2022-05-01T22:21:17+00:00","og_image":[{"width":600,"height":810,"url":"https:\/\/i0.wp.com\/lr-stadtoldendorf.de\/wp-content\/uploads\/2021\/04\/aloe_vera_sanft_reinigende_handseife_nachfullpack.jpg?fit=600%2C810&ssl=1","type":"image\/jpeg"}],"twitter_card":"summary_large_image","schema":{"@context":"https:\/\/schema.org","@graph":[{"@type":"WebPage","@id":"https:\/\/lr-stadtoldendorf.de\/produkt\/aloe-vera-sanft-reinigende-handseife-nachfuellpack\/","url":"https:\/\/lr-stadtoldendorf.de\/produkt\/aloe-vera-sanft-reinigende-handseife-nachfuellpack\/","name":"Aloe Vera Sanft Reinigende Handseife Nachf\u00fcllpack - LR in Stadtoldendorf","isPartOf":{"@id":"https:\/\/lr-stadtoldendorf.de\/en\/#website"},"primaryImageOfPage":{"@id":"https:\/\/lr-stadtoldendorf.de\/produkt\/aloe-vera-sanft-reinigende-handseife-nachfuellpack\/#primaryimage"},"image":{"@id":"https:\/\/lr-stadtoldendorf.de\/produkt\/aloe-vera-sanft-reinigende-handseife-nachfuellpack\/#primaryimage"},"thumbnailUrl":"https:\/\/i0.wp.com\/lr-stadtoldendorf.de\/wp-content\/uploads\/2021\/04\/aloe_vera_sanft_reinigende_handseife_nachfullpack.jpg?fit=600%2C810&ssl=1","datePublished":"2021-04-18T19:09:40+00:00","dateModified":"2022-05-01T22:21:17+00:00","breadcrumb":{"@id":"https:\/\/lr-stadtoldendorf.de\/produkt\/aloe-vera-sanft-reinigende-handseife-nachfuellpack\/#breadcrumb"},"inLanguage":"en-US","potentialAction":[{"@type":"ReadAction","target":["https:\/\/lr-stadtoldendorf.de\/produkt\/aloe-vera-sanft-reinigende-handseife-nachfuellpack\/"]}]},{"@type":"ImageObject","inLanguage":"en-US","@id":"https:\/\/lr-stadtoldendorf.de\/produkt\/aloe-vera-sanft-reinigende-handseife-nachfuellpack\/#primaryimage","url":"https:\/\/i0.wp.com\/lr-stadtoldendorf.de\/wp-content\/uploads\/2021\/04\/aloe_vera_sanft_reinigende_handseife_nachfullpack.jpg?fit=600%2C810&ssl=1","contentUrl":"https:\/\/i0.wp.com\/lr-stadtoldendorf.de\/wp-content\/uploads\/2021\/04\/aloe_vera_sanft_reinigende_handseife_nachfullpack.jpg?fit=600%2C810&ssl=1","width":600,"height":810},{"@type":"BreadcrumbList","@id":"https:\/\/lr-stadtoldendorf.de\/produkt\/aloe-vera-sanft-reinigende-handseife-nachfuellpack\/#breadcrumb","itemListElement":[{"@type":"ListItem","position":1,"name":"Startseite","item":"https:\/\/lr-stadtoldendorf.de\/en\/"},{"@type":"ListItem","position":2,"name":"Shop","item":"https:\/\/lr-stadtoldendorf.de\/shop\/"},{"@type":"ListItem","position":3,"name":"Aloe Vera Sanft Reinigende Handseife Nachf\u00fcllpack"}]},{"@type":"WebSite","@id":"https:\/\/lr-stadtoldendorf.de\/en\/#website","url":"https:\/\/lr-stadtoldendorf.de\/en\/","name":"LR in Stadtoldendorf","description":"Sabrina Pagel-B\u00e4cker selfemployed LR Partner","publisher":{"@id":"https:\/\/lr-stadtoldendorf.de\/en\/#\/schema\/person\/c6264249e9124ab996412605bab8ae05"},"potentialAction":[{"@type":"SearchAction","target":{"@type":"EntryPoint","urlTemplate":"https:\/\/lr-stadtoldendorf.de\/en\/?s={search_term_string}"},"query-input":{"@type":"PropertyValueSpecification","valueRequired":true,"valueName":"search_term_string"}}],"inLanguage":"en-US"},{"@type":["Person","Organization"],"@id":"https:\/\/lr-stadtoldendorf.de\/en\/#\/schema\/person\/c6264249e9124ab996412605bab8ae05","name":"Sabrina Pagel-B\u00e4cker","image":{"@type":"ImageObject","inLanguage":"en-US","@id":"https:\/\/lr-stadtoldendorf.de\/en\/#\/schema\/person\/image\/","url":"https:\/\/secure.gravatar.com\/avatar\/e8039d76d36e432c545214fe85d780883d29ba5bc24f0b3a39c208a06a11292f?s=96&d=mm&r=g","contentUrl":"https:\/\/secure.gravatar.com\/avatar\/e8039d76d36e432c545214fe85d780883d29ba5bc24f0b3a39c208a06a11292f?s=96&d=mm&r=g","caption":"Sabrina Pagel-B\u00e4cker"},"logo":{"@id":"https:\/\/lr-stadtoldendorf.de\/en\/#\/schema\/person\/image\/"}}]}},"jetpack_publicize_connections":[],"jetpack_likes_enabled":true,"jetpack_sharing_enabled":true,"jetpack-related-posts":[],"_links":{"self":[{"href":"https:\/\/lr-stadtoldendorf.de\/en\/wp-json\/wp\/v2\/product\/444","targetHints":{"allow":["GET"]}}],"collection":[{"href":"https:\/\/lr-stadtoldendorf.de\/en\/wp-json\/wp\/v2\/product"}],"about":[{"href":"https:\/\/lr-stadtoldendorf.de\/en\/wp-json\/wp\/v2\/types\/product"}],"replies":[{"embeddable":true,"href":"https:\/\/lr-stadtoldendorf.de\/en\/wp-json\/wp\/v2\/comments?post=444"}],"wp:featuredmedia":[{"embeddable":true,"href":"https:\/\/lr-stadtoldendorf.de\/en\/wp-json\/wp\/v2\/media\/443"}],"wp:attachment":[{"href":"https:\/\/lr-stadtoldendorf.de\/en\/wp-json\/wp\/v2\/media?parent=444"}],"wp:term":[{"taxonomy":"product_brand","embeddable":true,"href":"https:\/\/lr-stadtoldendorf.de\/en\/wp-json\/wp\/v2\/product_brand?post=444"},{"taxonomy":"product_cat","embeddable":true,"href":"https:\/\/lr-stadtoldendorf.de\/en\/wp-json\/wp\/v2\/product_cat?post=444"},{"taxonomy":"product_tag","embeddable":true,"href":"https:\/\/lr-stadtoldendorf.de\/en\/wp-json\/wp\/v2\/product_tag?post=444"}],"curies":[{"name":"wp","href":"https:\/\/api.w.org\/{rel}","templated":true}]}}