{"id":47,"date":"2021-02-27T17:22:29","date_gmt":"2021-02-27T16:22:29","guid":{"rendered":"https:\/\/lr-stadtoldendorf.de\/?post_type=product&#038;p=47"},"modified":"2022-10-16T20:04:49","modified_gmt":"2022-10-16T18:04:49","slug":"lr-abo-aloe-vera-drinking-gel-immune-plus-bis-zu-1033-eur-flasche-guenstiger","status":"publish","type":"product","link":"https:\/\/lr-stadtoldendorf.de\/en\/produkt\/lr-abo-aloe-vera-drinking-gel-immune-plus-bis-zu-1033-eur-flasche-guenstiger\/","title":{"rendered":"Aloe Vera Drinking Gel Immune Plus"},"content":{"rendered":"<p>Das 3-fach-Plus f\u00fcr dein Immunsystem<\/p>\n<p>Das innovative Aloe Vera Drinking Gel Immune Plus unterst\u00fctzt dein Immunsystem gleich dreifach:<\/p>\n<p>+ ST\u00c4RKUNG: Bestehende Immunzellen werden gest\u00e4rkt1<br \/>\n+ AKTIVIERUNG: Die Produktion von neuen Immunzellen wird aktiviert1,2<br \/>\n+ STIMULIERUNG: Das Immunsystem kann schneller reagieren1,3<\/p>\n<p>Denn die intelligente Zusammenstellung von Inhaltsstoffen nat\u00fcrlichen Ursprungs sorgt f\u00fcr eine effektive Wirkung:<\/p>\n<p>\u2022 Das\u00a0LR\u00a0ALOE VERA Drinking Gel Immune Plus\u00a0st\u00e4rkt, aktiviert und stimuliert das Immunsystem.4\u00a0Aloe Vera ist eine Wirkstoffkombination aus Acemannan, Vitaminen, Spurenelementen, Mineralstoffen und Enzymen.<br \/>\n\u2022\u00a0INGWER\u00a0enth\u00e4lt \u00e4therische \u00d6le, Gingerol, Harz und Harzs\u00e4uren. Zus\u00e4tzlich ist er reich an Vitamin C und enth\u00e4lt Magnesium, Eisen, Calcium, Kalium, Natrium und Phosphor.<br \/>\n\u2022\u00a0HONIG\u00a0ist wohltuend \u2013 denn in ihm stecken bioaktive Substanzen und Antioxidantien. Seinen Wirkstoffen wird eine wohltuende Wirkung zugeschrieben.<br \/>\n\u2022\u00a0ZITRONE\u00a0enth\u00e4lt von Natur aus viel Vitamin C und wird h\u00e4ufig als Hausmittel verwendet.<br \/>\n\u2022\u00a0VITAMIN C\u00a0st\u00e4rkt das Immunsystem und sch\u00fctzt die Zellen vor oxidativem Stress.1,5\u00a0Au\u00dferdem hat Vitamin C einen positiven Einfluss auf zahlreiche weitere Prozesse im menschlichen K\u00f6rper.10<br \/>\n\u2022\u00a0ZINK\u00a0aktiviert das Immunsystem.1\u00a0Es geh\u00f6rt zu den essentiellen Spurenelementen im K\u00f6rper und ist wichtig f\u00fcr Stoffwechselreaktionen.6<br \/>\n\u2022\u00a0SELEN\u00a0aktiviert das Immunsystem.1\u00a0Da der k\u00f6rpereigene Stoffwechsel kein Selen bilden kann, sollte es dem K\u00f6rper t\u00e4glich zugef\u00fchrt werden.<\/p>\n<p>Die Basis: das Multitalent Aloe Vera<\/p>\n<p>Die Aloe Vera ist aufgrund ihrer zahlreichen Wirkstoffe ein wahres Multitalent. Speziell f\u00fcr die Aloe Vera Drinking Gele verwendet LR nur hochwertiges Aloe Vera-Gel. So l\u00e4sst dich das LR Aloe Vera Drinking Gel dein Leben in vollen Z\u00fcgen genie\u00dfen, denn es versorgt, besch\u00fctzt, regeneriert und aktiviert deinen K\u00f6rper.7-9<\/p>\n<p>+ DEIN ENERGIEVERSORGER: Die essentiellen Wirkstoffe im Aloe Vera-Drinking Gel von LR sorgen f\u00fcr mehr Energie und Vitalit\u00e4t.7\u00a0Die Bioverf\u00fcgbarkeit der Wirkstoffe wird erh\u00f6ht.<br \/>\n+ DEIN IMMUNSCHUTZ: Das Aloe Vera-Drinking-Gel von LR st\u00e4rkt das Immunsystem und h\u00e4lt deine k\u00f6rpereigenen Prozesse in Balance.8<br \/>\n+ DEIN REGENERIERER: Das Aloe Vera Drinking Gel von LR unterst\u00fctzt Aufbau- und Regenerationsprozesse.9<br \/>\n+ DEIN STOFFWECHSEL-PROFI: Das Aloe Vera-Gel regt den Stoffwechsel an.7<\/p>\n<p>1Vitamin C, Zink und Selen tragen zu einer normalen Funktion des Immunsystems bei. \u00b2Zink hat eine Funktion bei der Zellteilung.\u00a03Vitamin C tr\u00e4gt zu einem normalen Energiestoffwechsel bei.\u00a04Das in den Aloe Vera Drinking Gelen enthaltene Vitamin C tr\u00e4gt zu einer normalen Funktion des Immunsystems bei.\u00a05Vitamin C tr\u00e4gt dazu bei, die Zellen vor oxidativem Stress zu sch\u00fctzen.\u00a06Zink tr\u00e4gt zu einem normalen S\u00e4ure-Basen-Stoffwechsel bei.\u00a07Das in den LR Aloe Vera Drinking Gelen enthaltene Vitamin C tr\u00e4gt zu einem normalen Energiestoffwechsel bei.\u00a08Das in den LR Aloe Vera Drinking Gelen enthaltene Vitamin C tr\u00e4gt zu einer normalen Funktion des Immunsystems bei.\u00a09Das in den LR Aloe Vera Drinking Gelen enthaltene Vitamin C tr\u00e4gt zur Verringerung von M\u00fcdigkeit und Erm\u00fcdung bei und tr\u00e4gt zur Regeneration der reduzierten Form von Vitamin E bei.\u00a010Vitamin C tr\u00e4gt zu einer normalen Kollagenbildung f\u00fcr eine normale Funktion der Blutgef\u00e4\u00dfe, Knochen, Haut bei. Vitamin C tr\u00e4gt zu einem normalen Energiestoffwechsel, einer normalen Funktion des Nervensystems bei.<\/p>\n<p>*Aloingehalt unter der Nachweisgrenze von &lt;0,1mg\/L<\/p>\n<p><img data-recalc-dims=\"1\" decoding=\"async\" src=\"https:\/\/i0.wp.com\/www.lr-shop-direkt.de\/media\/miniinfo.jpg?w=980&#038;ssl=1\" alt=\"miniinfo\" \/><\/p>\n","protected":false},"excerpt":{"rendered":"<ul>\n<li>Das 3fach Plus f\u00fcr dein Immunsystem<\/li>\n<li>85% Aloe Vera Blattgel angereichert mit Ingwer, Zitrone und Honig<\/li>\n<li>Mit den Immunboostern Vitamin C, Zink und Selen1<\/li>\n<li>Herausragende Qualit\u00e4t \u2013 made in Germany<\/li>\n<\/ul>\n<p>Im Abo erhalten Sie 9 Flaschen a 1 Liter pro Quartal, genau die richtige Menge f\u00fcr 3 x 30ml am Tag.<\/p>\n<p><strong>Ihr Vorteile im Abo:<\/strong><br \/>\n&#8211; g\u00fcnstigster Preis hier im Abo: nur 26,66 \u20ac pro 1 Liter (Ersparnis gegen\u00fcber der Einzelflasche\u00a0<strong>10,33 Euro<\/strong>)<br \/>\n&#8211; kein Nachbestellen mehr n\u00f6tig<br \/>\n&#8211; Immer gen\u00fcgend Vorrat<\/p>\n","protected":false},"featured_media":56,"comment_status":"open","ping_status":"closed","template":"","meta":{"_acf_changed":false,"_monsterinsights_skip_tracking":false,"_monsterinsights_sitenote_active":false,"_monsterinsights_sitenote_note":"","_monsterinsights_sitenote_category":0,"jetpack_publicize_message":"","jetpack_publicize_feature_enabled":true,"jetpack_social_post_already_shared":true,"jetpack_social_options":{"image_generator_settings":{"template":"highway","default_image_id":0,"font":"","enabled":false},"version":2}},"product_brand":[],"product_cat":[20],"product_tag":[],"class_list":{"0":"post-47","1":"product","2":"type-product","3":"status-publish","4":"has-post-thumbnail","6":"product_cat-lr-lifetakt","7":"product_shipping_class-versandklasse-1","8":"pa_liefervariante-1er","9":"pa_liefervariante-3er-set","10":"pa_liefervariante-6er-set","11":"pa_liefervariante-jahresabo","12":"pa_liefervariante-komplettlieferung","13":"wcpa_has_options","15":"first","16":"instock","17":"shipping-taxable","18":"product-type-variable"},"translation":{"provider":"WPGlobus","version":"3.0.2","language":"en","enabled_languages":["de","en","fr","nl","da","an","ty"],"languages":{"de":{"title":true,"content":true,"excerpt":true},"en":{"title":false,"content":false,"excerpt":false},"fr":{"title":false,"content":false,"excerpt":false},"nl":{"title":false,"content":false,"excerpt":false},"da":{"title":false,"content":false,"excerpt":false},"an":{"title":false,"content":false,"excerpt":false},"ty":{"title":false,"content":false,"excerpt":false}}},"acf":[],"yoast_head":"<!-- This site is optimized with the Yoast SEO plugin v26.9 - https:\/\/yoast.com\/product\/yoast-seo-wordpress\/ -->\n<title>Aloe Vera Drinking Gel Immune Plus - LR in Stadtoldendorf<\/title>\n<meta name=\"robots\" content=\"index, follow, max-snippet:-1, max-image-preview:large, max-video-preview:-1\" \/>\n<link rel=\"canonical\" href=\"https:\/\/lr-stadtoldendorf.de\/produkt\/lr-abo-aloe-vera-drinking-gel-immune-plus-bis-zu-1033-eur-flasche-guenstiger\/\" \/>\n<meta property=\"og:locale\" content=\"en_US\" \/>\n<meta property=\"og:type\" content=\"article\" \/>\n<meta property=\"og:title\" content=\"Aloe Vera Drinking Gel Immune Plus - LR in Stadtoldendorf\" \/>\n<meta property=\"og:url\" content=\"https:\/\/lr-stadtoldendorf.de\/produkt\/lr-abo-aloe-vera-drinking-gel-immune-plus-bis-zu-1033-eur-flasche-guenstiger\/\" \/>\n<meta property=\"og:site_name\" content=\"LR in Stadtoldendorf\" \/>\n<meta property=\"article:modified_time\" content=\"2022-10-16T18:04:49+00:00\" \/>\n<meta property=\"og:image\" content=\"https:\/\/lr-stadtoldendorf.de\/wp-content\/uploads\/2021\/02\/aloe_vera_drinking_gel_immune_plus.jpg\" \/>\n\t<meta property=\"og:image:width\" content=\"884\" \/>\n\t<meta property=\"og:image:height\" content=\"1200\" \/>\n\t<meta property=\"og:image:type\" content=\"image\/jpeg\" \/>\n<meta name=\"twitter:card\" content=\"summary_large_image\" \/>\n<meta name=\"twitter:label1\" content=\"Est. reading time\" \/>\n\t<meta name=\"twitter:data1\" content=\"3 minutes\" \/>\n<script type=\"application\/ld+json\" class=\"yoast-schema-graph\">{\"@context\":\"https:\/\/schema.org\",\"@graph\":[{\"@type\":\"WebPage\",\"@id\":\"https:\/\/lr-stadtoldendorf.de\/produkt\/lr-abo-aloe-vera-drinking-gel-immune-plus-bis-zu-1033-eur-flasche-guenstiger\/\",\"url\":\"https:\/\/lr-stadtoldendorf.de\/produkt\/lr-abo-aloe-vera-drinking-gel-immune-plus-bis-zu-1033-eur-flasche-guenstiger\/\",\"name\":\"Aloe Vera Drinking Gel Immune Plus - LR in Stadtoldendorf\",\"isPartOf\":{\"@id\":\"https:\/\/lr-stadtoldendorf.de\/en\/#website\"},\"primaryImageOfPage\":{\"@id\":\"https:\/\/lr-stadtoldendorf.de\/produkt\/lr-abo-aloe-vera-drinking-gel-immune-plus-bis-zu-1033-eur-flasche-guenstiger\/#primaryimage\"},\"image\":{\"@id\":\"https:\/\/lr-stadtoldendorf.de\/produkt\/lr-abo-aloe-vera-drinking-gel-immune-plus-bis-zu-1033-eur-flasche-guenstiger\/#primaryimage\"},\"thumbnailUrl\":\"https:\/\/i0.wp.com\/lr-stadtoldendorf.de\/wp-content\/uploads\/2021\/02\/aloe_vera_drinking_gel_immune_plus.jpg?fit=884%2C1200&ssl=1\",\"datePublished\":\"2021-02-27T16:22:29+00:00\",\"dateModified\":\"2022-10-16T18:04:49+00:00\",\"breadcrumb\":{\"@id\":\"https:\/\/lr-stadtoldendorf.de\/produkt\/lr-abo-aloe-vera-drinking-gel-immune-plus-bis-zu-1033-eur-flasche-guenstiger\/#breadcrumb\"},\"inLanguage\":\"en-US\",\"potentialAction\":[{\"@type\":\"ReadAction\",\"target\":[\"https:\/\/lr-stadtoldendorf.de\/produkt\/lr-abo-aloe-vera-drinking-gel-immune-plus-bis-zu-1033-eur-flasche-guenstiger\/\"]}]},{\"@type\":\"ImageObject\",\"inLanguage\":\"en-US\",\"@id\":\"https:\/\/lr-stadtoldendorf.de\/produkt\/lr-abo-aloe-vera-drinking-gel-immune-plus-bis-zu-1033-eur-flasche-guenstiger\/#primaryimage\",\"url\":\"https:\/\/i0.wp.com\/lr-stadtoldendorf.de\/wp-content\/uploads\/2021\/02\/aloe_vera_drinking_gel_immune_plus.jpg?fit=884%2C1200&ssl=1\",\"contentUrl\":\"https:\/\/i0.wp.com\/lr-stadtoldendorf.de\/wp-content\/uploads\/2021\/02\/aloe_vera_drinking_gel_immune_plus.jpg?fit=884%2C1200&ssl=1\",\"width\":884,\"height\":1200},{\"@type\":\"BreadcrumbList\",\"@id\":\"https:\/\/lr-stadtoldendorf.de\/produkt\/lr-abo-aloe-vera-drinking-gel-immune-plus-bis-zu-1033-eur-flasche-guenstiger\/#breadcrumb\",\"itemListElement\":[{\"@type\":\"ListItem\",\"position\":1,\"name\":\"Startseite\",\"item\":\"https:\/\/lr-stadtoldendorf.de\/en\/\"},{\"@type\":\"ListItem\",\"position\":2,\"name\":\"Shop\",\"item\":\"https:\/\/lr-stadtoldendorf.de\/shop\/\"},{\"@type\":\"ListItem\",\"position\":3,\"name\":\"Aloe Vera Drinking Gel Immune Plus\"}]},{\"@type\":\"WebSite\",\"@id\":\"https:\/\/lr-stadtoldendorf.de\/en\/#website\",\"url\":\"https:\/\/lr-stadtoldendorf.de\/en\/\",\"name\":\"LR in Stadtoldendorf\",\"description\":\"Sabrina Pagel-B\u00e4cker selfemployed LR Partner\",\"publisher\":{\"@id\":\"https:\/\/lr-stadtoldendorf.de\/en\/#\/schema\/person\/c6264249e9124ab996412605bab8ae05\"},\"potentialAction\":[{\"@type\":\"SearchAction\",\"target\":{\"@type\":\"EntryPoint\",\"urlTemplate\":\"https:\/\/lr-stadtoldendorf.de\/en\/?s={search_term_string}\"},\"query-input\":{\"@type\":\"PropertyValueSpecification\",\"valueRequired\":true,\"valueName\":\"search_term_string\"}}],\"inLanguage\":\"en-US\"},{\"@type\":[\"Person\",\"Organization\"],\"@id\":\"https:\/\/lr-stadtoldendorf.de\/en\/#\/schema\/person\/c6264249e9124ab996412605bab8ae05\",\"name\":\"Sabrina Pagel-B\u00e4cker\",\"image\":{\"@type\":\"ImageObject\",\"inLanguage\":\"en-US\",\"@id\":\"https:\/\/lr-stadtoldendorf.de\/en\/#\/schema\/person\/image\/\",\"url\":\"https:\/\/secure.gravatar.com\/avatar\/e8039d76d36e432c545214fe85d780883d29ba5bc24f0b3a39c208a06a11292f?s=96&d=mm&r=g\",\"contentUrl\":\"https:\/\/secure.gravatar.com\/avatar\/e8039d76d36e432c545214fe85d780883d29ba5bc24f0b3a39c208a06a11292f?s=96&d=mm&r=g\",\"caption\":\"Sabrina Pagel-B\u00e4cker\"},\"logo\":{\"@id\":\"https:\/\/lr-stadtoldendorf.de\/en\/#\/schema\/person\/image\/\"}}]}<\/script>\n<!-- \/ Yoast SEO plugin. -->","yoast_head_json":{"title":"Aloe Vera Drinking Gel Immune Plus - LR in Stadtoldendorf","robots":{"index":"index","follow":"follow","max-snippet":"max-snippet:-1","max-image-preview":"max-image-preview:large","max-video-preview":"max-video-preview:-1"},"canonical":"https:\/\/lr-stadtoldendorf.de\/produkt\/lr-abo-aloe-vera-drinking-gel-immune-plus-bis-zu-1033-eur-flasche-guenstiger\/","og_locale":"en_US","og_type":"article","og_title":"Aloe Vera Drinking Gel Immune Plus - LR in Stadtoldendorf","og_url":"https:\/\/lr-stadtoldendorf.de\/produkt\/lr-abo-aloe-vera-drinking-gel-immune-plus-bis-zu-1033-eur-flasche-guenstiger\/","og_site_name":"LR in Stadtoldendorf","article_modified_time":"2022-10-16T18:04:49+00:00","og_image":[{"width":884,"height":1200,"url":"https:\/\/lr-stadtoldendorf.de\/wp-content\/uploads\/2021\/02\/aloe_vera_drinking_gel_immune_plus.jpg","type":"image\/jpeg"}],"twitter_card":"summary_large_image","twitter_misc":{"Est. reading time":"3 minutes"},"schema":{"@context":"https:\/\/schema.org","@graph":[{"@type":"WebPage","@id":"https:\/\/lr-stadtoldendorf.de\/produkt\/lr-abo-aloe-vera-drinking-gel-immune-plus-bis-zu-1033-eur-flasche-guenstiger\/","url":"https:\/\/lr-stadtoldendorf.de\/produkt\/lr-abo-aloe-vera-drinking-gel-immune-plus-bis-zu-1033-eur-flasche-guenstiger\/","name":"Aloe Vera Drinking Gel Immune Plus - LR in Stadtoldendorf","isPartOf":{"@id":"https:\/\/lr-stadtoldendorf.de\/en\/#website"},"primaryImageOfPage":{"@id":"https:\/\/lr-stadtoldendorf.de\/produkt\/lr-abo-aloe-vera-drinking-gel-immune-plus-bis-zu-1033-eur-flasche-guenstiger\/#primaryimage"},"image":{"@id":"https:\/\/lr-stadtoldendorf.de\/produkt\/lr-abo-aloe-vera-drinking-gel-immune-plus-bis-zu-1033-eur-flasche-guenstiger\/#primaryimage"},"thumbnailUrl":"https:\/\/i0.wp.com\/lr-stadtoldendorf.de\/wp-content\/uploads\/2021\/02\/aloe_vera_drinking_gel_immune_plus.jpg?fit=884%2C1200&ssl=1","datePublished":"2021-02-27T16:22:29+00:00","dateModified":"2022-10-16T18:04:49+00:00","breadcrumb":{"@id":"https:\/\/lr-stadtoldendorf.de\/produkt\/lr-abo-aloe-vera-drinking-gel-immune-plus-bis-zu-1033-eur-flasche-guenstiger\/#breadcrumb"},"inLanguage":"en-US","potentialAction":[{"@type":"ReadAction","target":["https:\/\/lr-stadtoldendorf.de\/produkt\/lr-abo-aloe-vera-drinking-gel-immune-plus-bis-zu-1033-eur-flasche-guenstiger\/"]}]},{"@type":"ImageObject","inLanguage":"en-US","@id":"https:\/\/lr-stadtoldendorf.de\/produkt\/lr-abo-aloe-vera-drinking-gel-immune-plus-bis-zu-1033-eur-flasche-guenstiger\/#primaryimage","url":"https:\/\/i0.wp.com\/lr-stadtoldendorf.de\/wp-content\/uploads\/2021\/02\/aloe_vera_drinking_gel_immune_plus.jpg?fit=884%2C1200&ssl=1","contentUrl":"https:\/\/i0.wp.com\/lr-stadtoldendorf.de\/wp-content\/uploads\/2021\/02\/aloe_vera_drinking_gel_immune_plus.jpg?fit=884%2C1200&ssl=1","width":884,"height":1200},{"@type":"BreadcrumbList","@id":"https:\/\/lr-stadtoldendorf.de\/produkt\/lr-abo-aloe-vera-drinking-gel-immune-plus-bis-zu-1033-eur-flasche-guenstiger\/#breadcrumb","itemListElement":[{"@type":"ListItem","position":1,"name":"Startseite","item":"https:\/\/lr-stadtoldendorf.de\/en\/"},{"@type":"ListItem","position":2,"name":"Shop","item":"https:\/\/lr-stadtoldendorf.de\/shop\/"},{"@type":"ListItem","position":3,"name":"Aloe Vera Drinking Gel Immune Plus"}]},{"@type":"WebSite","@id":"https:\/\/lr-stadtoldendorf.de\/en\/#website","url":"https:\/\/lr-stadtoldendorf.de\/en\/","name":"LR in Stadtoldendorf","description":"Sabrina Pagel-B\u00e4cker selfemployed LR Partner","publisher":{"@id":"https:\/\/lr-stadtoldendorf.de\/en\/#\/schema\/person\/c6264249e9124ab996412605bab8ae05"},"potentialAction":[{"@type":"SearchAction","target":{"@type":"EntryPoint","urlTemplate":"https:\/\/lr-stadtoldendorf.de\/en\/?s={search_term_string}"},"query-input":{"@type":"PropertyValueSpecification","valueRequired":true,"valueName":"search_term_string"}}],"inLanguage":"en-US"},{"@type":["Person","Organization"],"@id":"https:\/\/lr-stadtoldendorf.de\/en\/#\/schema\/person\/c6264249e9124ab996412605bab8ae05","name":"Sabrina Pagel-B\u00e4cker","image":{"@type":"ImageObject","inLanguage":"en-US","@id":"https:\/\/lr-stadtoldendorf.de\/en\/#\/schema\/person\/image\/","url":"https:\/\/secure.gravatar.com\/avatar\/e8039d76d36e432c545214fe85d780883d29ba5bc24f0b3a39c208a06a11292f?s=96&d=mm&r=g","contentUrl":"https:\/\/secure.gravatar.com\/avatar\/e8039d76d36e432c545214fe85d780883d29ba5bc24f0b3a39c208a06a11292f?s=96&d=mm&r=g","caption":"Sabrina Pagel-B\u00e4cker"},"logo":{"@id":"https:\/\/lr-stadtoldendorf.de\/en\/#\/schema\/person\/image\/"}}]}},"jetpack_publicize_connections":[],"jetpack_likes_enabled":true,"jetpack_sharing_enabled":true,"jetpack-related-posts":[],"_links":{"self":[{"href":"https:\/\/lr-stadtoldendorf.de\/en\/wp-json\/wp\/v2\/product\/47","targetHints":{"allow":["GET"]}}],"collection":[{"href":"https:\/\/lr-stadtoldendorf.de\/en\/wp-json\/wp\/v2\/product"}],"about":[{"href":"https:\/\/lr-stadtoldendorf.de\/en\/wp-json\/wp\/v2\/types\/product"}],"replies":[{"embeddable":true,"href":"https:\/\/lr-stadtoldendorf.de\/en\/wp-json\/wp\/v2\/comments?post=47"}],"wp:featuredmedia":[{"embeddable":true,"href":"https:\/\/lr-stadtoldendorf.de\/en\/wp-json\/wp\/v2\/media\/56"}],"wp:attachment":[{"href":"https:\/\/lr-stadtoldendorf.de\/en\/wp-json\/wp\/v2\/media?parent=47"}],"wp:term":[{"taxonomy":"product_brand","embeddable":true,"href":"https:\/\/lr-stadtoldendorf.de\/en\/wp-json\/wp\/v2\/product_brand?post=47"},{"taxonomy":"product_cat","embeddable":true,"href":"https:\/\/lr-stadtoldendorf.de\/en\/wp-json\/wp\/v2\/product_cat?post=47"},{"taxonomy":"product_tag","embeddable":true,"href":"https:\/\/lr-stadtoldendorf.de\/en\/wp-json\/wp\/v2\/product_tag?post=47"}],"curies":[{"name":"wp","href":"https:\/\/api.w.org\/{rel}","templated":true}]}}