{"id":555,"date":"2021-06-05T12:51:36","date_gmt":"2021-06-05T10:51:36","guid":{"rendered":"https:\/\/lr-stadtoldendorf.de\/produkt\/zeitgard-powerlift-gesichtscreme-2er-pack\/"},"modified":"2021-06-07T00:06:22","modified_gmt":"2021-06-06T22:06:22","slug":"zeitgard-powerlift-gesichtscreme-2er-pack","status":"publish","type":"product","link":"https:\/\/lr-stadtoldendorf.de\/fr\/produkt\/zeitgard-powerlift-gesichtscreme-2er-pack\/","title":{"rendered":"ZEITGARD PowerLift Gesichtscreme 2er Pack"},"content":{"rendered":"<p>ZEITGARD PowerLift Gesichtscreme 2er Pack<\/p>\n<p style=\"font-weight: 400; margin-bottom: 1rem; font-size: 14px; font-family: -apple-system,BlinkMacSystemFont,;\">Der perfekte Frischekick f\u00fcr Frauen und M\u00e4nner<\/p>\n<p style=\"font-weight: 400; margin-bottom: 1rem; font-size: 14px; font-family: -apple-system,BlinkMacSystemFont,;\">F\u00fcr das Plus an Vitalit\u00e4t und Elastizit\u00e4t, die ZEITGARD PowerLift Gesichtscreme. Die Creme versorgt deine Haut mit Feuchtigkeit und wertvollen Vitaminen. Auch f\u00fcr M\u00e4nnerhaut geeignet.<\/p>\n<p>Infos im <a href=\"https:\/\/shop.lrworld.com\/home\/de\/de?PHP=h7gdAvslo5NFaNgaye%2FBrQ%3D%3D\">offiziellen LR Web-Shop<\/a><\/p>\n<h2>Inhaltsstoffe\/N\u00e4hrwertangaben<\/h2>\n<p>Aqua (Water), Propylene Glycol, Ethylhexyl Stearate, Butyrospermum Parkii (Shea) Butter, Decyl Oleate, Cetearyl Alcohol, Glycerin, Neopentyl Glycol Diheptanoate, Butylene Glycol, Hydroxyethyl Urea, Dimethicone, Isopropyl Palmitate, Sodium Stearoyl Glutamate, Phenoxyethanol, Tocopheryl Acetate, Ammonium Lactate, Sodium Polyacrylate, Sorbitol, Hexylene Glycol, Carbomer, Parfum (Fragrance), Humulus Lupulus (Hops) Cone Extract, Saccharide Hydrolysate, Fructose, Glucose, Sodium Hydroxide, Hydrolyzed Oat Protein, Valeriana Officinalis Rhizome\/ Root Extract, Sodium Hyaluronate, Disodium EDTA, Ethylhexylglycerin, Laminaria Digitata Extract, Urea, Foeniculum Vulgare (Fennel) Fruit Extract, Melissa Officinalis Leaf Extract, Sodium Benzoate, Viscum Album (Mistletoe) Extract, Dextrin, Chamomilla Recutita (Matricaria) Flower Extract, Sucrose, Achillea Millefolium Extract, Hexyl Nicotinate, Glutamic Acid, Aspartic Acid, Alanine, Potassium Sorbate, Citric Acid<\/p>\n<h2>Anwendung<\/h2>\n<p>Trage PowerLift morgens und abends nach der Reinigung gleichm\u00e4\u00dfig auf und klopfe die Creme sanft ein.<\/p>\n<p><strong>Tipp:<\/strong>\u00a0Durch sanftes Einklopfen aktivierst du die Gesichtshaut und f\u00fchlst dich gleich doppelt vitalisiert.<\/p>\n","protected":false},"excerpt":{"rendered":"<ul style=\"font-weight: 400; margin: 0px; padding: 10px0px0px1.25em; font-family: -apple-system,BlinkMacSystemFont,;\">\n<li style=\"font-weight: normal;\">Intensiver Feuchtigkeitskick f\u00fcr mehr Vitalit\u00e4t<\/li>\n<li style=\"font-weight: normal;\">Belebt und festigt die Haut<\/li>\n<li style=\"font-weight: normal;\">F\u00fcr morgens und abends, auch ideal f\u00fcr unterwegs<\/li>\n<li style=\"font-weight: normal;\">Auch f\u00fcr M\u00e4nnerhaut geeignet<\/li>\n<li style=\"font-weight: normal;\">Leichte Creme-Emulsion, die schnell einzieht und die Haut intensiv durchfeuchtet<\/li>\n<li style=\"font-weight: normal;\">Mit Oat-Peptiden, Hyalurons\u00e4ure, Algenextrakt und einem Mix aus 7 Kr\u00e4uterextrakten<\/li>\n<li style=\"font-weight: normal;\">Set aus der ZEITGARD Care System-Serie<\/li>\n<\/ul>\n","protected":false},"featured_media":554,"comment_status":"open","ping_status":"closed","template":"","meta":{"_acf_changed":false,"_monsterinsights_skip_tracking":false,"_monsterinsights_sitenote_active":false,"_monsterinsights_sitenote_note":"","_monsterinsights_sitenote_category":0,"jetpack_publicize_message":"","jetpack_publicize_feature_enabled":true,"jetpack_social_post_already_shared":true,"jetpack_social_options":{"image_generator_settings":{"template":"highway","default_image_id":0,"font":"","enabled":false},"version":2}},"product_brand":[],"product_cat":[89],"product_tag":[],"class_list":{"0":"post-555","1":"product","2":"type-product","3":"status-publish","4":"has-post-thumbnail","6":"product_cat-lr-zeitgard","8":"first","9":"instock","10":"sold-individually","11":"purchasable","12":"product-type-simple"},"translation":{"provider":"WPGlobus","version":"3.0.2","language":"fr","enabled_languages":["de","en","fr","nl","da","an","ty"],"languages":{"de":{"title":true,"content":true,"excerpt":true},"en":{"title":false,"content":false,"excerpt":false},"fr":{"title":false,"content":false,"excerpt":false},"nl":{"title":false,"content":false,"excerpt":false},"da":{"title":false,"content":false,"excerpt":false},"an":{"title":false,"content":false,"excerpt":false},"ty":{"title":false,"content":false,"excerpt":false}}},"acf":[],"yoast_head":"<!-- This site is optimized with the Yoast SEO plugin v26.9 - https:\/\/yoast.com\/product\/yoast-seo-wordpress\/ -->\n<title>ZEITGARD PowerLift Gesichtscreme 2er Pack - LR in Stadtoldendorf<\/title>\n<meta name=\"robots\" content=\"index, follow, max-snippet:-1, max-image-preview:large, max-video-preview:-1\" \/>\n<link rel=\"canonical\" href=\"https:\/\/lr-stadtoldendorf.de\/produkt\/zeitgard-powerlift-gesichtscreme-2er-pack\/\" \/>\n<meta property=\"og:locale\" content=\"fr_FR\" \/>\n<meta property=\"og:type\" content=\"article\" \/>\n<meta property=\"og:title\" content=\"ZEITGARD PowerLift Gesichtscreme 2er Pack - LR in Stadtoldendorf\" \/>\n<meta property=\"og:url\" content=\"https:\/\/lr-stadtoldendorf.de\/produkt\/zeitgard-powerlift-gesichtscreme-2er-pack\/\" \/>\n<meta property=\"og:site_name\" content=\"LR in Stadtoldendorf\" \/>\n<meta property=\"article:modified_time\" content=\"2021-06-06T22:06:22+00:00\" \/>\n<meta property=\"og:image\" content=\"https:\/\/i0.wp.com\/lr-stadtoldendorf.de\/wp-content\/uploads\/2021\/06\/zeitgard_powerlift_gesichtscreme_2er_pack.jpg?fit=600%2C810&ssl=1\" \/>\n\t<meta property=\"og:image:width\" content=\"600\" \/>\n\t<meta property=\"og:image:height\" content=\"810\" \/>\n\t<meta property=\"og:image:type\" content=\"image\/jpeg\" \/>\n<meta name=\"twitter:card\" content=\"summary_large_image\" \/>\n<meta name=\"twitter:label1\" content=\"Est. reading time\" \/>\n\t<meta name=\"twitter:data1\" content=\"1 minute\" \/>\n<script type=\"application\/ld+json\" class=\"yoast-schema-graph\">{\"@context\":\"https:\/\/schema.org\",\"@graph\":[{\"@type\":\"WebPage\",\"@id\":\"https:\/\/lr-stadtoldendorf.de\/produkt\/zeitgard-powerlift-gesichtscreme-2er-pack\/\",\"url\":\"https:\/\/lr-stadtoldendorf.de\/produkt\/zeitgard-powerlift-gesichtscreme-2er-pack\/\",\"name\":\"ZEITGARD PowerLift Gesichtscreme 2er Pack - LR in Stadtoldendorf\",\"isPartOf\":{\"@id\":\"https:\/\/lr-stadtoldendorf.de\/en\/#website\"},\"primaryImageOfPage\":{\"@id\":\"https:\/\/lr-stadtoldendorf.de\/produkt\/zeitgard-powerlift-gesichtscreme-2er-pack\/#primaryimage\"},\"image\":{\"@id\":\"https:\/\/lr-stadtoldendorf.de\/produkt\/zeitgard-powerlift-gesichtscreme-2er-pack\/#primaryimage\"},\"thumbnailUrl\":\"https:\/\/i0.wp.com\/lr-stadtoldendorf.de\/wp-content\/uploads\/2021\/06\/zeitgard_powerlift_gesichtscreme_2er_pack.jpg?fit=600%2C810&ssl=1\",\"datePublished\":\"2021-06-05T10:51:36+00:00\",\"dateModified\":\"2021-06-06T22:06:22+00:00\",\"breadcrumb\":{\"@id\":\"https:\/\/lr-stadtoldendorf.de\/produkt\/zeitgard-powerlift-gesichtscreme-2er-pack\/#breadcrumb\"},\"inLanguage\":\"fr-FR\",\"potentialAction\":[{\"@type\":\"ReadAction\",\"target\":[\"https:\/\/lr-stadtoldendorf.de\/produkt\/zeitgard-powerlift-gesichtscreme-2er-pack\/\"]}]},{\"@type\":\"ImageObject\",\"inLanguage\":\"fr-FR\",\"@id\":\"https:\/\/lr-stadtoldendorf.de\/produkt\/zeitgard-powerlift-gesichtscreme-2er-pack\/#primaryimage\",\"url\":\"https:\/\/i0.wp.com\/lr-stadtoldendorf.de\/wp-content\/uploads\/2021\/06\/zeitgard_powerlift_gesichtscreme_2er_pack.jpg?fit=600%2C810&ssl=1\",\"contentUrl\":\"https:\/\/i0.wp.com\/lr-stadtoldendorf.de\/wp-content\/uploads\/2021\/06\/zeitgard_powerlift_gesichtscreme_2er_pack.jpg?fit=600%2C810&ssl=1\",\"width\":600,\"height\":810,\"caption\":\"ZEITGARD PowerLift Gesichtscreme 2er Pack\"},{\"@type\":\"BreadcrumbList\",\"@id\":\"https:\/\/lr-stadtoldendorf.de\/produkt\/zeitgard-powerlift-gesichtscreme-2er-pack\/#breadcrumb\",\"itemListElement\":[{\"@type\":\"ListItem\",\"position\":1,\"name\":\"Startseite\",\"item\":\"https:\/\/lr-stadtoldendorf.de\/en\/\"},{\"@type\":\"ListItem\",\"position\":2,\"name\":\"Shop\",\"item\":\"https:\/\/lr-stadtoldendorf.de\/shop\/\"},{\"@type\":\"ListItem\",\"position\":3,\"name\":\"ZEITGARD PowerLift Gesichtscreme 2er Pack\"}]},{\"@type\":\"WebSite\",\"@id\":\"https:\/\/lr-stadtoldendorf.de\/en\/#website\",\"url\":\"https:\/\/lr-stadtoldendorf.de\/en\/\",\"name\":\"LR in Stadtoldendorf\",\"description\":\"Sabrina Pagel-B\u00e4cker selbstst\u00e4ndige LR Partnerin\",\"publisher\":{\"@id\":\"https:\/\/lr-stadtoldendorf.de\/en\/#\/schema\/person\/c6264249e9124ab996412605bab8ae05\"},\"potentialAction\":[{\"@type\":\"SearchAction\",\"target\":{\"@type\":\"EntryPoint\",\"urlTemplate\":\"https:\/\/lr-stadtoldendorf.de\/en\/?s={search_term_string}\"},\"query-input\":{\"@type\":\"PropertyValueSpecification\",\"valueRequired\":true,\"valueName\":\"search_term_string\"}}],\"inLanguage\":\"fr-FR\"},{\"@type\":[\"Person\",\"Organization\"],\"@id\":\"https:\/\/lr-stadtoldendorf.de\/en\/#\/schema\/person\/c6264249e9124ab996412605bab8ae05\",\"name\":\"Sabrina Pagel-B\u00e4cker\",\"image\":{\"@type\":\"ImageObject\",\"inLanguage\":\"fr-FR\",\"@id\":\"https:\/\/lr-stadtoldendorf.de\/en\/#\/schema\/person\/image\/\",\"url\":\"https:\/\/secure.gravatar.com\/avatar\/e8039d76d36e432c545214fe85d780883d29ba5bc24f0b3a39c208a06a11292f?s=96&d=mm&r=g\",\"contentUrl\":\"https:\/\/secure.gravatar.com\/avatar\/e8039d76d36e432c545214fe85d780883d29ba5bc24f0b3a39c208a06a11292f?s=96&d=mm&r=g\",\"caption\":\"Sabrina Pagel-B\u00e4cker\"},\"logo\":{\"@id\":\"https:\/\/lr-stadtoldendorf.de\/en\/#\/schema\/person\/image\/\"}}]}<\/script>\n<!-- \/ Yoast SEO plugin. -->","yoast_head_json":{"title":"ZEITGARD PowerLift Gesichtscreme 2er Pack - LR in Stadtoldendorf","robots":{"index":"index","follow":"follow","max-snippet":"max-snippet:-1","max-image-preview":"max-image-preview:large","max-video-preview":"max-video-preview:-1"},"canonical":"https:\/\/lr-stadtoldendorf.de\/produkt\/zeitgard-powerlift-gesichtscreme-2er-pack\/","og_locale":"fr_FR","og_type":"article","og_title":"ZEITGARD PowerLift Gesichtscreme 2er Pack - LR in Stadtoldendorf","og_url":"https:\/\/lr-stadtoldendorf.de\/produkt\/zeitgard-powerlift-gesichtscreme-2er-pack\/","og_site_name":"LR in Stadtoldendorf","article_modified_time":"2021-06-06T22:06:22+00:00","og_image":[{"width":600,"height":810,"url":"https:\/\/i0.wp.com\/lr-stadtoldendorf.de\/wp-content\/uploads\/2021\/06\/zeitgard_powerlift_gesichtscreme_2er_pack.jpg?fit=600%2C810&ssl=1","type":"image\/jpeg"}],"twitter_card":"summary_large_image","twitter_misc":{"Est. reading time":"1 minute"},"schema":{"@context":"https:\/\/schema.org","@graph":[{"@type":"WebPage","@id":"https:\/\/lr-stadtoldendorf.de\/produkt\/zeitgard-powerlift-gesichtscreme-2er-pack\/","url":"https:\/\/lr-stadtoldendorf.de\/produkt\/zeitgard-powerlift-gesichtscreme-2er-pack\/","name":"ZEITGARD PowerLift Gesichtscreme 2er Pack - LR in Stadtoldendorf","isPartOf":{"@id":"https:\/\/lr-stadtoldendorf.de\/en\/#website"},"primaryImageOfPage":{"@id":"https:\/\/lr-stadtoldendorf.de\/produkt\/zeitgard-powerlift-gesichtscreme-2er-pack\/#primaryimage"},"image":{"@id":"https:\/\/lr-stadtoldendorf.de\/produkt\/zeitgard-powerlift-gesichtscreme-2er-pack\/#primaryimage"},"thumbnailUrl":"https:\/\/i0.wp.com\/lr-stadtoldendorf.de\/wp-content\/uploads\/2021\/06\/zeitgard_powerlift_gesichtscreme_2er_pack.jpg?fit=600%2C810&ssl=1","datePublished":"2021-06-05T10:51:36+00:00","dateModified":"2021-06-06T22:06:22+00:00","breadcrumb":{"@id":"https:\/\/lr-stadtoldendorf.de\/produkt\/zeitgard-powerlift-gesichtscreme-2er-pack\/#breadcrumb"},"inLanguage":"fr-FR","potentialAction":[{"@type":"ReadAction","target":["https:\/\/lr-stadtoldendorf.de\/produkt\/zeitgard-powerlift-gesichtscreme-2er-pack\/"]}]},{"@type":"ImageObject","inLanguage":"fr-FR","@id":"https:\/\/lr-stadtoldendorf.de\/produkt\/zeitgard-powerlift-gesichtscreme-2er-pack\/#primaryimage","url":"https:\/\/i0.wp.com\/lr-stadtoldendorf.de\/wp-content\/uploads\/2021\/06\/zeitgard_powerlift_gesichtscreme_2er_pack.jpg?fit=600%2C810&ssl=1","contentUrl":"https:\/\/i0.wp.com\/lr-stadtoldendorf.de\/wp-content\/uploads\/2021\/06\/zeitgard_powerlift_gesichtscreme_2er_pack.jpg?fit=600%2C810&ssl=1","width":600,"height":810,"caption":"ZEITGARD PowerLift Gesichtscreme 2er Pack"},{"@type":"BreadcrumbList","@id":"https:\/\/lr-stadtoldendorf.de\/produkt\/zeitgard-powerlift-gesichtscreme-2er-pack\/#breadcrumb","itemListElement":[{"@type":"ListItem","position":1,"name":"Startseite","item":"https:\/\/lr-stadtoldendorf.de\/en\/"},{"@type":"ListItem","position":2,"name":"Shop","item":"https:\/\/lr-stadtoldendorf.de\/shop\/"},{"@type":"ListItem","position":3,"name":"ZEITGARD PowerLift Gesichtscreme 2er Pack"}]},{"@type":"WebSite","@id":"https:\/\/lr-stadtoldendorf.de\/en\/#website","url":"https:\/\/lr-stadtoldendorf.de\/en\/","name":"LR in Stadtoldendorf","description":"Sabrina Pagel-B\u00e4cker selbstst\u00e4ndige LR Partnerin","publisher":{"@id":"https:\/\/lr-stadtoldendorf.de\/en\/#\/schema\/person\/c6264249e9124ab996412605bab8ae05"},"potentialAction":[{"@type":"SearchAction","target":{"@type":"EntryPoint","urlTemplate":"https:\/\/lr-stadtoldendorf.de\/en\/?s={search_term_string}"},"query-input":{"@type":"PropertyValueSpecification","valueRequired":true,"valueName":"search_term_string"}}],"inLanguage":"fr-FR"},{"@type":["Person","Organization"],"@id":"https:\/\/lr-stadtoldendorf.de\/en\/#\/schema\/person\/c6264249e9124ab996412605bab8ae05","name":"Sabrina Pagel-B\u00e4cker","image":{"@type":"ImageObject","inLanguage":"fr-FR","@id":"https:\/\/lr-stadtoldendorf.de\/en\/#\/schema\/person\/image\/","url":"https:\/\/secure.gravatar.com\/avatar\/e8039d76d36e432c545214fe85d780883d29ba5bc24f0b3a39c208a06a11292f?s=96&d=mm&r=g","contentUrl":"https:\/\/secure.gravatar.com\/avatar\/e8039d76d36e432c545214fe85d780883d29ba5bc24f0b3a39c208a06a11292f?s=96&d=mm&r=g","caption":"Sabrina Pagel-B\u00e4cker"},"logo":{"@id":"https:\/\/lr-stadtoldendorf.de\/en\/#\/schema\/person\/image\/"}}]}},"jetpack_publicize_connections":[],"jetpack_likes_enabled":true,"jetpack_sharing_enabled":true,"jetpack-related-posts":[],"_links":{"self":[{"href":"https:\/\/lr-stadtoldendorf.de\/fr\/wp-json\/wp\/v2\/product\/555","targetHints":{"allow":["GET"]}}],"collection":[{"href":"https:\/\/lr-stadtoldendorf.de\/fr\/wp-json\/wp\/v2\/product"}],"about":[{"href":"https:\/\/lr-stadtoldendorf.de\/fr\/wp-json\/wp\/v2\/types\/product"}],"replies":[{"embeddable":true,"href":"https:\/\/lr-stadtoldendorf.de\/fr\/wp-json\/wp\/v2\/comments?post=555"}],"wp:featuredmedia":[{"embeddable":true,"href":"https:\/\/lr-stadtoldendorf.de\/fr\/wp-json\/wp\/v2\/media\/554"}],"wp:attachment":[{"href":"https:\/\/lr-stadtoldendorf.de\/fr\/wp-json\/wp\/v2\/media?parent=555"}],"wp:term":[{"taxonomy":"product_brand","embeddable":true,"href":"https:\/\/lr-stadtoldendorf.de\/fr\/wp-json\/wp\/v2\/product_brand?post=555"},{"taxonomy":"product_cat","embeddable":true,"href":"https:\/\/lr-stadtoldendorf.de\/fr\/wp-json\/wp\/v2\/product_cat?post=555"},{"taxonomy":"product_tag","embeddable":true,"href":"https:\/\/lr-stadtoldendorf.de\/fr\/wp-json\/wp\/v2\/product_tag?post=555"}],"curies":[{"name":"wp","href":"https:\/\/api.w.org\/{rel}","templated":true}]}}