{"id":6,"date":"2021-02-20T23:02:11","date_gmt":"2021-02-20T22:02:11","guid":{"rendered":"http:\/\/lr-stadtoldendorf.de\/?page_id=6"},"modified":"2021-02-20T23:03:39","modified_gmt":"2021-02-20T22:03:39","slug":"das-neue-museum-oeffnet-seine-tueren-2","status":"publish","type":"page","link":"https:\/\/lr-stadtoldendorf.de\/ty\/das-neue-museum-oeffnet-seine-tueren-2\/","title":{"rendered":"\u00dcber mich"},"content":{"rendered":"\n<div class=\"wp-block-group alignwide\"><div class=\"wp-block-group__inner-container is-layout-flow wp-block-group-is-layout-flow\">\n<h2 class=\"has-text-align-center wp-block-heading\">Mein Name ist Sabrina Pagel-B\u00e4cker. Bin  verheiratet und Mutter von 2 Kindern.<\/h2>\n<\/div><\/div>\n\n\n\n<div class=\"wp-block-columns alignwide is-layout-flex wp-container-core-columns-is-layout-9d6595d7 wp-block-columns-is-layout-flex\">\n<div class=\"wp-block-column is-layout-flow wp-block-column-is-layout-flow\">\n<div class=\"wp-block-group\"><div class=\"wp-block-group__inner-container is-layout-flow wp-block-group-is-layout-flow\">\n<figure class=\"wp-block-image alignfull size-full\"><img data-recalc-dims=\"1\" decoding=\"async\" src=\"https:\/\/i0.wp.com\/lr-stadtoldendorf.de\/wp-content\/themes\/twentytwenty\/assets\/images\/2020-three-quarters-1.png?w=980\" alt=\"\" class=\"wp-image-37\"\/><\/figure>\n\n\n\n<h3 class=\"wp-block-heading\">Werke und Tage<\/h3>\n\n\n\n<p>1. August \u2013 1. Dezember<\/p>\n\n\n\n<div class=\"wp-block-button is-style-outline is-style-outline--1\"><a class=\"wp-block-button__link\" href=\"https:\/\/make.wordpress.org\/core\/2019\/09\/27\/block-editor-theme-related-updates-in-wordpress-5-3\/\">Weiterlesen<\/a><\/div>\n<\/div><\/div>\n\n\n\n<div class=\"wp-block-group\"><div class=\"wp-block-group__inner-container is-layout-flow wp-block-group-is-layout-flow\">\n<figure class=\"wp-block-image alignfull size-full\"><img data-recalc-dims=\"1\" decoding=\"async\" src=\"https:\/\/i0.wp.com\/lr-stadtoldendorf.de\/wp-content\/themes\/twentytwenty\/assets\/images\/2020-three-quarters-3.png?w=980\" alt=\"\" class=\"wp-image-37\"\/><\/figure>\n\n\n\n<h3 class=\"wp-block-heading\">Kreative Schaupl\u00e4tze<\/h3>\n\n\n\n<p>1. Oktober \u2013 1. Dezember<\/p>\n\n\n\n<div class=\"wp-block-button is-style-outline is-style-outline--2\"><a class=\"wp-block-button__link\" href=\"https:\/\/make.wordpress.org\/core\/2019\/09\/27\/block-editor-theme-related-updates-in-wordpress-5-3\/\">Weiterlesen<\/a><\/div>\n<\/div><\/div>\n<\/div>\n\n\n\n<div class=\"wp-block-column is-layout-flow wp-block-column-is-layout-flow\">\n<div class=\"wp-block-group\"><div class=\"wp-block-group__inner-container is-layout-flow wp-block-group-is-layout-flow\">\n<figure class=\"wp-block-image alignfull size-full\"><img data-recalc-dims=\"1\" decoding=\"async\" src=\"https:\/\/i0.wp.com\/lr-stadtoldendorf.de\/wp-content\/themes\/twentytwenty\/assets\/images\/2020-three-quarters-2.png?w=980\" alt=\"\" class=\"wp-image-37\"\/><\/figure>\n\n\n\n<h3 class=\"wp-block-heading\">Leben und leben lassen<\/h3>\n\n\n\n<p>1. August \u2013 1. Dezember<\/p>\n\n\n\n<div class=\"wp-block-button is-style-outline is-style-outline--3\"><a class=\"wp-block-button__link\" href=\"https:\/\/make.wordpress.org\/core\/2019\/09\/27\/block-editor-theme-related-updates-in-wordpress-5-3\/\">Weiterlesen<\/a><\/div>\n<\/div><\/div>\n\n\n\n<div class=\"wp-block-group\"><div class=\"wp-block-group__inner-container is-layout-flow wp-block-group-is-layout-flow\">\n<figure class=\"wp-block-image alignfull size-full\"><img data-recalc-dims=\"1\" decoding=\"async\" src=\"https:\/\/i0.wp.com\/lr-stadtoldendorf.de\/wp-content\/themes\/twentytwenty\/assets\/images\/2020-three-quarters-4.png?w=980\" alt=\"\" class=\"wp-image-37\"\/><\/figure>\n\n\n\n<h3 class=\"wp-block-heading\">Von Signac bis Matisse<\/h3>\n\n\n\n<p>1. Oktober \u2013 1. Dezember<\/p>\n\n\n\n<div class=\"wp-block-button is-style-outline is-style-outline--4\"><a class=\"wp-block-button__link\" href=\"https:\/\/make.wordpress.org\/core\/2019\/09\/27\/block-editor-theme-related-updates-in-wordpress-5-3\/\">Weiterlesen<\/a><\/div>\n<\/div><\/div>\n<\/div>\n<\/div>\n\n\n\n<figure class=\"wp-block-image alignfull size-full\"><img data-recalc-dims=\"1\" decoding=\"async\" src=\"https:\/\/i0.wp.com\/lr-stadtoldendorf.de\/wp-content\/themes\/twentytwenty\/assets\/images\/2020-landscape-2.png?w=980\" alt=\"\" class=\"wp-image-37\"\/><\/figure>\n\n\n\n<div class=\"wp-block-group alignwide\"><div class=\"wp-block-group__inner-container is-layout-flow wp-block-group-is-layout-flow\">\n<h2 class=\"has-text-align-center has-accent-color has-text-color wp-block-heading\">\u201eCyborgs, wie die Philosophin Donna Haraway feststellte, sind nicht ehrf\u00fcrchtig. Sie erinnern sich nicht an den Kosmos.\u201c<\/h2>\n<\/div><\/div>\n\n\n\n<p class=\"has-drop-cap\">Auf sieben Etagen beeindruckender Architektur zeigt das neue Museum diverse Ausstellungen internationaler und zeitgen\u00f6ssischer Kunst, teilweise im Rahmen kunsthistorischer Retrospektiven. Existenzielle, politische und philosophische Fragen sind Bestandteil unseres Programms. Unsere Besucher sind herzlich eingeladen zu F\u00fchrungen, K\u00fcnstlergespr\u00e4chen, Vortr\u00e4gen, Filmvorf\u00fchrungen und anderen Veranstaltungen mit teils freiem Eintritt.<\/p>\n\n\n\n<p>Die Ausstellungen werden vom \u201eMuseum der Zukunft\u201c in Zusammenarbeit mit K\u00fcnstlern und Museen auf der ganzen Welt produziert und finden oft internationale Anerkennung. Das Museum wurde vom Europ\u00e4ischen Museum des Jahres mit einer besonderen Auszeichnung gew\u00fcrdigt und geh\u00f6rte zu den Spitzenkandidaten f\u00fcr den schwedischen Museum of the Year Award, sowie f\u00fcr den Museumspreis des Europarates.<\/p>\n\n\n\n<p><\/p>\n\n\n\n<div class=\"wp-block-group alignwide has-background\" style=\"background-color:#ffffff\"><div class=\"wp-block-group__inner-container is-layout-flow wp-block-group-is-layout-flow\">\n<div class=\"wp-block-group\"><div class=\"wp-block-group__inner-container is-layout-flow wp-block-group-is-layout-flow\">\n<h2 class=\"has-text-align-center wp-block-heading\">Werde Mitglied und erhalte exklusive Angebote!<\/h2>\n\n\n\n<p class=\"has-text-align-center\">Alle Mitglieder erhalten Zugang zu exklusiven Ausstellungen und Angeboten. Die Mitgliedschaft kostet 99.99&nbsp;\u20ac und wird j\u00e4hrlich abgerechnet.<\/p>\n\n\n\n<div class=\"wp-block-button aligncenter\"><a class=\"wp-block-button__link\" href=\"https:\/\/make.wordpress.org\/core\/2019\/09\/27\/block-editor-theme-related-updates-in-wordpress-5-3\/\">Mitglied werden<\/a><\/div>\n<\/div><\/div>\n<\/div><\/div>\n\n\n\n<figure class=\"wp-block-gallery alignwide columns-2 is-cropped wp-block-gallery-5 is-layout-flex wp-block-gallery-is-layout-flex\"><ul class=\"blocks-gallery-grid\"><li class=\"blocks-gallery-item\"><figure><img data-recalc-dims=\"1\" decoding=\"async\" src=\"https:\/\/i0.wp.com\/lr-stadtoldendorf.de\/wp-content\/themes\/twentytwenty\/assets\/images\/2020-square-2.png?w=980\" alt=\"\" data-id=\"39\" data-full-url=\"http:\/\/lr-stadtoldendorf.de\/wp-content\/themes\/twentytwenty\/assets\/images\/2020-square-2.png\" data-link=\"assets\/images\/2020-square-2\/\" class=\"wp-image-39\"\/><\/figure><\/li><li class=\"blocks-gallery-item\"><figure><img data-recalc-dims=\"1\" decoding=\"async\" src=\"https:\/\/i0.wp.com\/lr-stadtoldendorf.de\/wp-content\/themes\/twentytwenty\/assets\/images\/2020-square-1.png?w=980\" alt=\"\" data-id=\"38\" data-full-url=\"http:\/\/lr-stadtoldendorf.de\/wp-content\/themes\/twentytwenty\/assets\/images\/2020-square-1.png\" data-link=\"http:\/\/lr-stadtoldendorf.de\/wp-content\/themes\/twentytwenty\/assets\/images\/2020-square-1\/\" class=\"wp-image-38\"\/><\/figure><\/li><\/ul><\/figure>\n","protected":false},"excerpt":{"rendered":"<p>Mein Name ist Sabrina Pagel-B\u00e4cker. Bin verheiratet und Mutter von 2 Kindern. Werke und Tage 1. August \u2013 1. Dezember Kreative Schaupl\u00e4tze 1. Oktober \u2013 1. Dezember Leben und leben lassen 1. August \u2013 1. Dezember Von Signac bis Matisse 1. Oktober \u2013 1. Dezember \u201eCyborgs, wie die Philosophin Donna Haraway feststellte, sind nicht ehrf\u00fcrchtig. [&hellip;]<\/p>\n","protected":false},"author":1,"featured_media":5,"parent":0,"menu_order":0,"comment_status":"closed","ping_status":"closed","template":"","meta":{"_acf_changed":false,"_monsterinsights_skip_tracking":false,"_monsterinsights_sitenote_active":false,"_monsterinsights_sitenote_note":"","_monsterinsights_sitenote_category":0,"footnotes":""},"class_list":["post-6","page","type-page","status-publish","has-post-thumbnail","hentry"],"translation":{"provider":"WPGlobus","version":"3.0.2","language":"ty","enabled_languages":["de","en","fr","nl","da","an","ty"],"languages":{"de":{"title":true,"content":true,"excerpt":false},"en":{"title":false,"content":false,"excerpt":false},"fr":{"title":false,"content":false,"excerpt":false},"nl":{"title":false,"content":false,"excerpt":false},"da":{"title":false,"content":false,"excerpt":false},"an":{"title":false,"content":false,"excerpt":false},"ty":{"title":false,"content":false,"excerpt":false}}},"acf":[],"yoast_head":"<!-- This site is optimized with the Yoast SEO plugin v26.9 - https:\/\/yoast.com\/product\/yoast-seo-wordpress\/ -->\n<title>\u00dcber mich - LR in Stadtoldendorf<\/title>\n<meta name=\"robots\" content=\"index, follow, max-snippet:-1, max-image-preview:large, max-video-preview:-1\" \/>\n<link rel=\"canonical\" href=\"https:\/\/lr-stadtoldendorf.de\/das-neue-museum-oeffnet-seine-tueren-2\/\" \/>\n<meta property=\"og:locale\" content=\"en_US\" \/>\n<meta property=\"og:type\" content=\"article\" \/>\n<meta property=\"og:title\" content=\"\u00dcber mich - LR in Stadtoldendorf\" \/>\n<meta property=\"og:url\" content=\"https:\/\/lr-stadtoldendorf.de\/das-neue-museum-oeffnet-seine-tueren-2\/\" \/>\n<meta property=\"og:site_name\" content=\"LR in Stadtoldendorf\" \/>\n<meta property=\"article:modified_time\" content=\"2021-02-20T22:03:39+00:00\" \/>\n<meta property=\"og:image\" content=\"https:\/\/i2.wp.com\/lr-stadtoldendorf.de\/wp-content\/uploads\/2021\/02\/2020-landscape-1.png?fit=1200%2C769&ssl=1\" \/>\n\t<meta property=\"og:image:width\" content=\"1200\" \/>\n\t<meta property=\"og:image:height\" content=\"769\" \/>\n\t<meta property=\"og:image:type\" content=\"image\/png\" \/>\n<meta name=\"twitter:card\" content=\"summary_large_image\" \/>\n<meta name=\"twitter:label1\" content=\"Est. reading time\" \/>\n\t<meta name=\"twitter:data1\" content=\"1 minute\" \/>\n<script type=\"application\/ld+json\" class=\"yoast-schema-graph\">{\"@context\":\"https:\/\/schema.org\",\"@graph\":[{\"@type\":\"WebPage\",\"@id\":\"https:\/\/lr-stadtoldendorf.de\/das-neue-museum-oeffnet-seine-tueren-2\/\",\"url\":\"https:\/\/lr-stadtoldendorf.de\/das-neue-museum-oeffnet-seine-tueren-2\/\",\"name\":\"\u00dcber mich - LR in Stadtoldendorf\",\"isPartOf\":{\"@id\":\"https:\/\/lr-stadtoldendorf.de\/en\/#website\"},\"primaryImageOfPage\":{\"@id\":\"https:\/\/lr-stadtoldendorf.de\/das-neue-museum-oeffnet-seine-tueren-2\/#primaryimage\"},\"image\":{\"@id\":\"https:\/\/lr-stadtoldendorf.de\/das-neue-museum-oeffnet-seine-tueren-2\/#primaryimage\"},\"thumbnailUrl\":\"https:\/\/i0.wp.com\/lr-stadtoldendorf.de\/wp-content\/uploads\/2021\/02\/2020-landscape-1.png?fit=1200%2C769&ssl=1\",\"datePublished\":\"2021-02-20T22:02:11+00:00\",\"dateModified\":\"2021-02-20T22:03:39+00:00\",\"breadcrumb\":{\"@id\":\"https:\/\/lr-stadtoldendorf.de\/das-neue-museum-oeffnet-seine-tueren-2\/#breadcrumb\"},\"inLanguage\":\"be-FR\",\"potentialAction\":[{\"@type\":\"ReadAction\",\"target\":[\"https:\/\/lr-stadtoldendorf.de\/das-neue-museum-oeffnet-seine-tueren-2\/\"]}]},{\"@type\":\"ImageObject\",\"inLanguage\":\"be-FR\",\"@id\":\"https:\/\/lr-stadtoldendorf.de\/das-neue-museum-oeffnet-seine-tueren-2\/#primaryimage\",\"url\":\"https:\/\/i0.wp.com\/lr-stadtoldendorf.de\/wp-content\/uploads\/2021\/02\/2020-landscape-1.png?fit=1200%2C769&ssl=1\",\"contentUrl\":\"https:\/\/i0.wp.com\/lr-stadtoldendorf.de\/wp-content\/uploads\/2021\/02\/2020-landscape-1.png?fit=1200%2C769&ssl=1\",\"width\":1200,\"height\":769},{\"@type\":\"BreadcrumbList\",\"@id\":\"https:\/\/lr-stadtoldendorf.de\/das-neue-museum-oeffnet-seine-tueren-2\/#breadcrumb\",\"itemListElement\":[{\"@type\":\"ListItem\",\"position\":1,\"name\":\"Startseite\",\"item\":\"https:\/\/lr-stadtoldendorf.de\/en\/\"},{\"@type\":\"ListItem\",\"position\":2,\"name\":\"\u00dcber mich\"}]},{\"@type\":\"WebSite\",\"@id\":\"https:\/\/lr-stadtoldendorf.de\/en\/#website\",\"url\":\"https:\/\/lr-stadtoldendorf.de\/en\/\",\"name\":\"LR in Stadtoldendorf\",\"description\":\"Sabrina Pagel-B\u00e4cker selbstst\u00e4ndige LR Partnerin\",\"publisher\":{\"@id\":\"https:\/\/lr-stadtoldendorf.de\/en\/#\/schema\/person\/c6264249e9124ab996412605bab8ae05\"},\"potentialAction\":[{\"@type\":\"SearchAction\",\"target\":{\"@type\":\"EntryPoint\",\"urlTemplate\":\"https:\/\/lr-stadtoldendorf.de\/en\/?s={search_term_string}\"},\"query-input\":{\"@type\":\"PropertyValueSpecification\",\"valueRequired\":true,\"valueName\":\"search_term_string\"}}],\"inLanguage\":\"be-FR\"},{\"@type\":[\"Person\",\"Organization\"],\"@id\":\"https:\/\/lr-stadtoldendorf.de\/en\/#\/schema\/person\/c6264249e9124ab996412605bab8ae05\",\"name\":\"Sabrina Pagel-B\u00e4cker\",\"image\":{\"@type\":\"ImageObject\",\"inLanguage\":\"be-FR\",\"@id\":\"https:\/\/lr-stadtoldendorf.de\/en\/#\/schema\/person\/image\/\",\"url\":\"https:\/\/secure.gravatar.com\/avatar\/e8039d76d36e432c545214fe85d780883d29ba5bc24f0b3a39c208a06a11292f?s=96&d=mm&r=g\",\"contentUrl\":\"https:\/\/secure.gravatar.com\/avatar\/e8039d76d36e432c545214fe85d780883d29ba5bc24f0b3a39c208a06a11292f?s=96&d=mm&r=g\",\"caption\":\"Sabrina Pagel-B\u00e4cker\"},\"logo\":{\"@id\":\"https:\/\/lr-stadtoldendorf.de\/en\/#\/schema\/person\/image\/\"}}]}<\/script>\n<!-- \/ Yoast SEO plugin. -->","yoast_head_json":{"title":"\u00dcber mich - LR in Stadtoldendorf","robots":{"index":"index","follow":"follow","max-snippet":"max-snippet:-1","max-image-preview":"max-image-preview:large","max-video-preview":"max-video-preview:-1"},"canonical":"https:\/\/lr-stadtoldendorf.de\/das-neue-museum-oeffnet-seine-tueren-2\/","og_locale":"en_US","og_type":"article","og_title":"\u00dcber mich - LR in Stadtoldendorf","og_url":"https:\/\/lr-stadtoldendorf.de\/das-neue-museum-oeffnet-seine-tueren-2\/","og_site_name":"LR in Stadtoldendorf","article_modified_time":"2021-02-20T22:03:39+00:00","og_image":[{"width":1200,"height":769,"url":"https:\/\/i2.wp.com\/lr-stadtoldendorf.de\/wp-content\/uploads\/2021\/02\/2020-landscape-1.png?fit=1200%2C769&ssl=1","type":"image\/png"}],"twitter_card":"summary_large_image","twitter_misc":{"Est. reading time":"1 minute"},"schema":{"@context":"https:\/\/schema.org","@graph":[{"@type":"WebPage","@id":"https:\/\/lr-stadtoldendorf.de\/das-neue-museum-oeffnet-seine-tueren-2\/","url":"https:\/\/lr-stadtoldendorf.de\/das-neue-museum-oeffnet-seine-tueren-2\/","name":"\u00dcber mich - LR in Stadtoldendorf","isPartOf":{"@id":"https:\/\/lr-stadtoldendorf.de\/en\/#website"},"primaryImageOfPage":{"@id":"https:\/\/lr-stadtoldendorf.de\/das-neue-museum-oeffnet-seine-tueren-2\/#primaryimage"},"image":{"@id":"https:\/\/lr-stadtoldendorf.de\/das-neue-museum-oeffnet-seine-tueren-2\/#primaryimage"},"thumbnailUrl":"https:\/\/i0.wp.com\/lr-stadtoldendorf.de\/wp-content\/uploads\/2021\/02\/2020-landscape-1.png?fit=1200%2C769&ssl=1","datePublished":"2021-02-20T22:02:11+00:00","dateModified":"2021-02-20T22:03:39+00:00","breadcrumb":{"@id":"https:\/\/lr-stadtoldendorf.de\/das-neue-museum-oeffnet-seine-tueren-2\/#breadcrumb"},"inLanguage":"be-FR","potentialAction":[{"@type":"ReadAction","target":["https:\/\/lr-stadtoldendorf.de\/das-neue-museum-oeffnet-seine-tueren-2\/"]}]},{"@type":"ImageObject","inLanguage":"be-FR","@id":"https:\/\/lr-stadtoldendorf.de\/das-neue-museum-oeffnet-seine-tueren-2\/#primaryimage","url":"https:\/\/i0.wp.com\/lr-stadtoldendorf.de\/wp-content\/uploads\/2021\/02\/2020-landscape-1.png?fit=1200%2C769&ssl=1","contentUrl":"https:\/\/i0.wp.com\/lr-stadtoldendorf.de\/wp-content\/uploads\/2021\/02\/2020-landscape-1.png?fit=1200%2C769&ssl=1","width":1200,"height":769},{"@type":"BreadcrumbList","@id":"https:\/\/lr-stadtoldendorf.de\/das-neue-museum-oeffnet-seine-tueren-2\/#breadcrumb","itemListElement":[{"@type":"ListItem","position":1,"name":"Startseite","item":"https:\/\/lr-stadtoldendorf.de\/en\/"},{"@type":"ListItem","position":2,"name":"\u00dcber mich"}]},{"@type":"WebSite","@id":"https:\/\/lr-stadtoldendorf.de\/en\/#website","url":"https:\/\/lr-stadtoldendorf.de\/en\/","name":"LR in Stadtoldendorf","description":"Sabrina Pagel-B\u00e4cker selbstst\u00e4ndige LR Partnerin","publisher":{"@id":"https:\/\/lr-stadtoldendorf.de\/en\/#\/schema\/person\/c6264249e9124ab996412605bab8ae05"},"potentialAction":[{"@type":"SearchAction","target":{"@type":"EntryPoint","urlTemplate":"https:\/\/lr-stadtoldendorf.de\/en\/?s={search_term_string}"},"query-input":{"@type":"PropertyValueSpecification","valueRequired":true,"valueName":"search_term_string"}}],"inLanguage":"be-FR"},{"@type":["Person","Organization"],"@id":"https:\/\/lr-stadtoldendorf.de\/en\/#\/schema\/person\/c6264249e9124ab996412605bab8ae05","name":"Sabrina Pagel-B\u00e4cker","image":{"@type":"ImageObject","inLanguage":"be-FR","@id":"https:\/\/lr-stadtoldendorf.de\/en\/#\/schema\/person\/image\/","url":"https:\/\/secure.gravatar.com\/avatar\/e8039d76d36e432c545214fe85d780883d29ba5bc24f0b3a39c208a06a11292f?s=96&d=mm&r=g","contentUrl":"https:\/\/secure.gravatar.com\/avatar\/e8039d76d36e432c545214fe85d780883d29ba5bc24f0b3a39c208a06a11292f?s=96&d=mm&r=g","caption":"Sabrina Pagel-B\u00e4cker"},"logo":{"@id":"https:\/\/lr-stadtoldendorf.de\/en\/#\/schema\/person\/image\/"}}]}},"jetpack_likes_enabled":true,"jetpack_sharing_enabled":true,"jetpack-related-posts":[],"_links":{"self":[{"href":"https:\/\/lr-stadtoldendorf.de\/ty\/wp-json\/wp\/v2\/pages\/6","targetHints":{"allow":["GET"]}}],"collection":[{"href":"https:\/\/lr-stadtoldendorf.de\/ty\/wp-json\/wp\/v2\/pages"}],"about":[{"href":"https:\/\/lr-stadtoldendorf.de\/ty\/wp-json\/wp\/v2\/types\/page"}],"author":[{"embeddable":true,"href":"https:\/\/lr-stadtoldendorf.de\/ty\/wp-json\/wp\/v2\/users\/1"}],"replies":[{"embeddable":true,"href":"https:\/\/lr-stadtoldendorf.de\/ty\/wp-json\/wp\/v2\/comments?post=6"}],"version-history":[{"count":2,"href":"https:\/\/lr-stadtoldendorf.de\/ty\/wp-json\/wp\/v2\/pages\/6\/revisions"}],"predecessor-version":[{"id":28,"href":"https:\/\/lr-stadtoldendorf.de\/ty\/wp-json\/wp\/v2\/pages\/6\/revisions\/28"}],"wp:featuredmedia":[{"embeddable":true,"href":"https:\/\/lr-stadtoldendorf.de\/ty\/wp-json\/wp\/v2\/media\/5"}],"wp:attachment":[{"href":"https:\/\/lr-stadtoldendorf.de\/ty\/wp-json\/wp\/v2\/media?parent=6"}],"curies":[{"name":"wp","href":"https:\/\/api.w.org\/{rel}","templated":true}]}}