{"id":1143,"date":"2023-05-08T00:53:05","date_gmt":"2023-05-07T22:53:05","guid":{"rendered":"https:\/\/lr-stadtoldendorf.de\/?post_type=product&#038;p=1143"},"modified":"2023-08-05T08:14:52","modified_gmt":"2023-08-05T06:14:52","slug":"lr-figuactive-smooth-cocoa-shake","status":"publish","type":"product","link":"https:\/\/lr-stadtoldendorf.de\/ty\/produkt\/lr-figuactive-smooth-cocoa-shake\/","title":{"rendered":"LR FIGUACTIVE Smooth Cocoa Shake"},"content":{"rendered":"<h2>LR FIGUACTIVE Smooth Cocoa Shake<\/h2>\n<p><strong>SCHOKO-TRAUM F\u00dcR S\u00dcSSE MOMENTE<\/strong><\/p>\n<p>Herrlich schokoladig mit dem vollen Aroma frischer Kakaobohnen! Mit dem LR\u00a0<strong>FIGU<\/strong>ACTIVE Smooth Cocoa Shake genie\u00dft du dein Leben auf die smarte Art!<br \/>\nEgal ob abnehmen<sup>1<\/sup>, Gewicht halten<sup>1<\/sup>\u00a0oder einfach nur Zeit sparen. Unsere Shakes sind unwiderstehlich lecker, ersetzen eine volle Mahlzeit und enthalten viele wertvolle Inhaltsstoffe aus der Natur. Die Shakes sind vollwertige Mahlzeiten mit einer perfekten Balance aus Kalorienreduktion und Versorgung mit allen N\u00e4hrstoffen, die der K\u00f6rper ben\u00f6tigt.<\/p>\n<p><strong><sup>1<\/sup>Gewichtskontrolle:<\/strong>\u00a0Das Ersetzen von zwei der t\u00e4glichen Hauptmahlzeiten im Rahmen einer kalorienarmen Ern\u00e4hrung durch einen solchen Mahlzeitersatz (LR\u00a0<strong>FIGU<\/strong>ACTIVE Shakes, Suppen und Flakes) tr\u00e4gt zur Gewichtsabnahme bei. Um die angegebene Wirkung zu erzielen, sollten t\u00e4glich zwei Hauptmahlzeiten ersetzt werden.\u00a0<strong>Gewichtserhaltung:<\/strong>\u00a0Das Ersetzen von einer der t\u00e4glichen Hauptmahlzeiten im Rahmen einer kalorienarmen Ern\u00e4hrung durch einen solchen Mahlzeitersatz (LR\u00a0<strong>FIGU<\/strong>ACTIVE Shakes, Suppen und Flakes) tr\u00e4gt dazu bei, das Gewicht nach Gewichtsabnahme zu halten. Um die angegebene Wirkung zu erzielen, sollte t\u00e4glich eine Hauptmahlzeit durch einen Mahlzeitersatz ersetzt werden.<\/p>\n<h2>Inhaltsstoffe\/N\u00e4hrwertangaben<\/h2>\n<p><strong>Zutaten:\u00a0<\/strong>Erbsenprotein (39 %), Maltodextrin, Kokosnuss\u00f6l, stark ent\u00f6ltes Kakaopulver (7 %), Flohsamenschalenpulver (6 %), nat\u00fcrliche Aromen, Emulgator:\u00a0<strong>Soja<\/strong>-Lecithine; Kichererbseneiwei\u00df-Konzentrat (2 %), Ackerbohneneiwei\u00df-Isolat (2 %), Inulin (1 %), Calciumphosphat, Calciumcarbonat, Magnesiumhydroxid, S\u00fc\u00dfungsmittel: Steviolglycoside aus Stevia; Kaliumphosphat, L-Ascorbins\u00e4ure, Trennmittel: Siliciumdioxid; Speisesalz, Zinkoxid, Nicotinamid, Eisenpyrophosphat, Calcium-D-pantothenat, Antioxidationsmittel: alpha-Tocopherol; Mangansulfat, D- -Tocopherylacetat, Kupfercarbonat, Riboflavin, Pyridoxinhydrochlorid, Thiaminmononitrat, Retinylacetat, Natriumiodid, Pteroylmonoglutamins\u00e4ure, Natriumselenit, Phyllochinon, D-Biotin, Cholecalciferol, Cyanocobalamin.<\/p>\n<table>\n<thead>\n<tr>\n<th scope=\"col\"><\/th>\n<th scope=\"col\">PRO 100 G PULVER<sup>1<\/sup><\/th>\n<th scope=\"col\">PRO PORTION (= 1 MAHLZEIT)<sup>2,3<\/sup><\/th>\n<\/tr>\n<\/thead>\n<tbody>\n<tr>\n<td scope=\"row\" data-label=\"\">Brennwert<\/td>\n<td data-label=\"pro 100 g Pulver\">1771 kJ \/ 423 kcal<\/td>\n<td data-label=\"pro Portion (= 1 Mahlzeit)\u00b2\">912 kJ \/ 218 kcal<\/td>\n<\/tr>\n<tr>\n<td scope=\"row\" data-label=\"\">Fett<\/td>\n<td data-label=\"pro 100 g Pulver\">15 g<\/td>\n<td data-label=\"pro Portion (= 1 Mahlzeit)\u00b2\">6,9 g<\/td>\n<\/tr>\n<tr>\n<td scope=\"row\" data-label=\"\">&#8211; davon ges\u00e4ttigte Fetts\u00e4uren<\/td>\n<td data-label=\"pro 100 g Pulver\">9,0 g<\/td>\n<td data-label=\"pro Portion (= 1 Mahlzeit)\u00b2\">3,1 g<\/td>\n<\/tr>\n<tr>\n<td scope=\"row\" data-label=\"\">&#8211; davon einfach unges\u00e4ttigte Fetts\u00e4uren<\/td>\n<td data-label=\"pro 100 g Pulver\">2,4 g<\/td>\n<td data-label=\"pro Portion (= 1 Mahlzeit)\u00b2\">1,2 g<\/td>\n<\/tr>\n<tr>\n<td scope=\"row\" data-label=\"\">&#8211; davon mehrfach unges\u00e4ttigte Fetts\u00e4uren<\/td>\n<td data-label=\"pro 100 g Pulver\">3,1 g<\/td>\n<td data-label=\"pro Portion (= 1 Mahlzeit)\u00b2\">2,4 g<\/td>\n<\/tr>\n<tr>\n<td scope=\"row\" data-label=\"\">Kohlenhydrate<\/td>\n<td data-label=\"pro 100 g Pulver\">29 g<\/td>\n<td data-label=\"pro Portion (= 1 Mahlzeit)\u00b2\">14 g<\/td>\n<\/tr>\n<tr>\n<td scope=\"row\" data-label=\"\">&#8211; davon Zucker<\/td>\n<td data-label=\"pro 100 g Pulver\">2,5 g<\/td>\n<td data-label=\"pro Portion (= 1 Mahlzeit)\u00b2\">2,6 g<\/td>\n<\/tr>\n<tr>\n<td scope=\"row\" data-label=\"\">Ballaststoffe<\/td>\n<td data-label=\"pro 100 g Pulver\">13 g<\/td>\n<td data-label=\"pro Portion (= 1 Mahlzeit)\u00b2\">7,3 g<\/td>\n<\/tr>\n<tr>\n<td scope=\"row\" data-label=\"\">Eiwei\u00df<\/td>\n<td data-label=\"pro 100 g Pulver\">36 g<\/td>\n<td data-label=\"pro Portion (= 1 Mahlzeit)\u00b2\">21 g<\/td>\n<\/tr>\n<tr>\n<td scope=\"row\" data-label=\"\">Salz<\/td>\n<td data-label=\"pro 100 g Pulver\">1,6 g<\/td>\n<td data-label=\"pro Portion (= 1 Mahlzeit)\u00b2\">0,64 g<\/td>\n<\/tr>\n<\/tbody>\n<\/table>\n<p>\u00b9 Referenzmenge f\u00fcr die t\u00e4gliche Zufuhr (NRV)<br \/>\n\u00b2 pro Portion (= eine Mahlzeit): 31 g + 300 ml Sojadrink<br \/>\n\u00b3 R\u00fchren Sie 3 Essl\u00f6ffel (31 g Pulver) in 300 ml Sojadrink (ohne Zusatz von Vitaminen\/Mineralstoffen oder sonstigen Zus\u00e4tzen) ein. Verwenden Sie hierzu mindestens ein 500 ml Glas. Wir empfehlen die Zubereitung in einem Shaker. Nach kurzem Quellen erneut umr\u00fchren und als Ersatz Ihres Fr\u00fchst\u00fccks, Mittag- oder Abendessens verzehren. Nach der Zubereitung sofort verzehren.<\/p>\n<h2>Anwendung von\u00a0LR FIGUACTIVE Smooth Cocoa Shake<\/h2>\n<p>Einfach 3 Essl\u00f6ffel mit 300 ml unges\u00fc\u00dftem Sojadrink im Shaker zubereiten \u2013 fertig!<\/p>\n<p>Mit vielen wertvollen Ballaststoffen \u2013 z. B. aus Flohsamenschalen und einem sorgsam ausgew\u00e4hlten Mix veganer Proteine aus Erbe, Kichererbse und Ackerbohne.<\/p>\n<p>&nbsp;<\/p>\n<p>Hinweis: Bitte achten Sie unbedingt darauf, dass Sie im Rahmen einer kalorienarmen Ern\u00e4hrung ausreichend trinken. Pro Tag sind 2-3 Liter kalorienfreie Fl\u00fcssigkeit, am besten Mineralwasser oder ungezuckerter Tee, erforderlich. Das Erzeugnis erf\u00fcllt nur im Rahmen einer kalorienarmen Ern\u00e4hrung den angestrebten Zweck. Achten Sie unbedingt auf eine ausgewogene, abwechslungsreiche Ern\u00e4hrung und eine gesunde Lebensweise. Andere Lebensmittel m\u00fcssen Teil dieser Ern\u00e4hrung sein. Die Mahlzeit enth\u00e4lt alle erforderlichen N\u00e4hrstoffe in ausreichender Menge. Die Zubereitungsanweisung muss eingehalten werden. Dieses Produkt enth\u00e4lt Inulin. Da Inulin eine anregende Wirkung auf die Darmfunktion und die Darmflora aus\u00fcbt, kann eine erh\u00f6hte Zufuhr zu Verdauungsbeschwerden (z.B. Bl\u00e4hungen, Durchfall) f\u00fchren. Personen mit einem empfindlichen Magen-Darm-Trakt (z.B. \u201eReizdarm&#8221;) sollten vor Verzehr des Produktes R\u00fccksprache mit ihrem Arzt halten. Dose vor Gebrauch sch\u00fctteln. F\u00fcllvolumen ist technisch bedingt. K\u00fchl und trocken lagern, nach dem \u00d6ffnen innerhalb von 3 Monaten verbrauchen.<\/p>\n<h2>Wissenswertes<\/h2>\n<p>Besonders leckere, vielf\u00e4ltige und 100% vegane Mahlzeiten mit nat\u00fcrlichen Aromen sorgen f\u00fcr viel Abwechslung im Speiseplan. Ein hoher Gehalt an wertvollen Ballaststoffen sowie ein sorgsam ausgew\u00e4hlter Mix aus pflanzlichen Proteinen unterst\u00fctzen dich auf nat\u00fcrlichem Weg bei deinem Gewichtsmanagement<sup>1<\/sup>. Die hochwertigen Produkte \u201eMade in Germany\u201c sind mit Stevia ges\u00fc\u00dft und enthalten wenig Zucker<sup>2<\/sup>. Sie sind frei von Palm\u00f6l, Geschmacksverst\u00e4rkern und k\u00fcnstlichen Farbstoffen.<\/p>\n<p><sup>1<\/sup>Gewichtskontrolle: Das Ersetzen von zwei der t\u00e4glichen Hauptmahlzeiten im Rahmen einer kalorienarmen Ern\u00e4hrung durch einen solchen Mahlzeitersatz (LR\u00a0<strong>FIGU<\/strong>ACTIVE Shakes, Suppen und Flakes) tr\u00e4gt zur Gewichtsabnahme bei. Um die angegebene Wirkung zu erzielen, sollten t\u00e4glich zwei Hauptmahlzeiten ersetzt werden. Gewichtserhaltung: Das Ersetzen von einer der t\u00e4glichen Hauptmahlzeiten im Rahmen einer kalorienarmen Ern\u00e4hrung durch einen solchen Mahlzeitersatz (LR\u00a0<strong>FIGU<\/strong>ACTIVE Shakes, Suppen und Flakes) tr\u00e4gt dazu bei, das Gewicht nach Gewichtsabnahme zu halten. Um die angegebene Wirkung zu erzielen, sollte t\u00e4glich eine Hauptmahlzeit durch einen Mahlzeitersatz ersetzt werden.<\/p>\n<p><sup>2<\/sup>Au\u00dfer LR\u00a0<strong>FIGU<\/strong>ACTIVE Juicy Tomato Soup. Diese enth\u00e4lt Zucker aus nat\u00fcrlichen Rohstoffen (z. B. Tomaten). Ohne Zuckerzusatz. LR\u00a0<strong>FIGU<\/strong>ACTIVE Crusty Raspberry Flakes sind zuckerarm, wenn gem\u00e4\u00df Anweisung zubereitet.<\/p>\n","protected":false},"excerpt":{"rendered":"<ul>\n<li>Cremiger Shake mit Schoko-Geschmack<\/li>\n<li>Zum Abnehmen und Gewichthalten<sup>1<\/sup>\u00a0\u2013 1 Portion ersetzt eine komplette Mahlzeit<\/li>\n<li>100 % vegan, ges\u00fc\u00dft mit Stevia, nur nat\u00fcrliche Aromen<\/li>\n<li>Hoher Ballaststoffgehalt \u2013 u.a. aus Flohsamenschalen<\/li>\n<li>Hoher Proteingehalt \u2013 aus Erbse, Kichererbse und Ackerbohne<\/li>\n<li>Frei von Gluten, Laktose, Palm\u00f6l, k\u00fcnstlichen Farbstoffen &amp; Geschmacksverst\u00e4rkern<\/li>\n<\/ul>\n","protected":false},"featured_media":0,"comment_status":"open","ping_status":"closed","template":"","meta":{"_acf_changed":false,"_monsterinsights_skip_tracking":false,"_monsterinsights_sitenote_active":false,"_monsterinsights_sitenote_note":"","_monsterinsights_sitenote_category":0,"jetpack_publicize_message":"","jetpack_publicize_feature_enabled":true,"jetpack_social_post_already_shared":true,"jetpack_social_options":{"image_generator_settings":{"template":"highway","default_image_id":0,"font":"","enabled":false},"version":2}},"product_brand":[],"product_cat":[149],"product_tag":[],"class_list":{"0":"post-1143","1":"product","2":"type-product","3":"status-publish","5":"product_cat-figuactive","7":"first","8":"outofstock","9":"shipping-taxable","10":"product-type-simple"},"translation":{"provider":"WPGlobus","version":"3.0.2","language":"ty","enabled_languages":["de","en","fr","nl","da","an","ty"],"languages":{"de":{"title":true,"content":true,"excerpt":true},"en":{"title":false,"content":false,"excerpt":false},"fr":{"title":false,"content":false,"excerpt":false},"nl":{"title":false,"content":false,"excerpt":false},"da":{"title":false,"content":false,"excerpt":false},"an":{"title":false,"content":false,"excerpt":false},"ty":{"title":false,"content":false,"excerpt":false}}},"acf":[],"yoast_head":"<!-- This site is optimized with the Yoast SEO plugin v26.9 - https:\/\/yoast.com\/product\/yoast-seo-wordpress\/ -->\n<title>LR FIGUACTIVE Smooth Cocoa Shake - LR in Stadtoldendorf<\/title>\n<meta name=\"robots\" content=\"index, follow, max-snippet:-1, max-image-preview:large, max-video-preview:-1\" \/>\n<link rel=\"canonical\" href=\"https:\/\/lr-stadtoldendorf.de\/produkt\/lr-figuactive-smooth-cocoa-shake\/\" \/>\n<meta property=\"og:locale\" content=\"en_US\" \/>\n<meta property=\"og:type\" content=\"article\" \/>\n<meta property=\"og:title\" content=\"LR FIGUACTIVE Smooth Cocoa Shake - LR in Stadtoldendorf\" \/>\n<meta property=\"og:url\" content=\"https:\/\/lr-stadtoldendorf.de\/produkt\/lr-figuactive-smooth-cocoa-shake\/\" \/>\n<meta property=\"og:site_name\" content=\"LR in Stadtoldendorf\" \/>\n<meta property=\"article:modified_time\" content=\"2023-08-05T06:14:52+00:00\" \/>\n<meta name=\"twitter:card\" content=\"summary_large_image\" \/>\n<meta name=\"twitter:label1\" content=\"Est. reading time\" \/>\n\t<meta name=\"twitter:data1\" content=\"4 minutes\" \/>\n<script type=\"application\/ld+json\" class=\"yoast-schema-graph\">{\"@context\":\"https:\/\/schema.org\",\"@graph\":[{\"@type\":\"WebPage\",\"@id\":\"https:\/\/lr-stadtoldendorf.de\/produkt\/lr-figuactive-smooth-cocoa-shake\/\",\"url\":\"https:\/\/lr-stadtoldendorf.de\/produkt\/lr-figuactive-smooth-cocoa-shake\/\",\"name\":\"LR FIGUACTIVE Smooth Cocoa Shake - LR in Stadtoldendorf\",\"isPartOf\":{\"@id\":\"https:\/\/lr-stadtoldendorf.de\/en\/#website\"},\"datePublished\":\"2023-05-07T22:53:05+00:00\",\"dateModified\":\"2023-08-05T06:14:52+00:00\",\"breadcrumb\":{\"@id\":\"https:\/\/lr-stadtoldendorf.de\/produkt\/lr-figuactive-smooth-cocoa-shake\/#breadcrumb\"},\"inLanguage\":\"be-FR\",\"potentialAction\":[{\"@type\":\"ReadAction\",\"target\":[\"https:\/\/lr-stadtoldendorf.de\/produkt\/lr-figuactive-smooth-cocoa-shake\/\"]}]},{\"@type\":\"BreadcrumbList\",\"@id\":\"https:\/\/lr-stadtoldendorf.de\/produkt\/lr-figuactive-smooth-cocoa-shake\/#breadcrumb\",\"itemListElement\":[{\"@type\":\"ListItem\",\"position\":1,\"name\":\"Startseite\",\"item\":\"https:\/\/lr-stadtoldendorf.de\/en\/\"},{\"@type\":\"ListItem\",\"position\":2,\"name\":\"Shop\",\"item\":\"https:\/\/lr-stadtoldendorf.de\/shop\/\"},{\"@type\":\"ListItem\",\"position\":3,\"name\":\"LR FIGUACTIVE Smooth Cocoa Shake\"}]},{\"@type\":\"WebSite\",\"@id\":\"https:\/\/lr-stadtoldendorf.de\/en\/#website\",\"url\":\"https:\/\/lr-stadtoldendorf.de\/en\/\",\"name\":\"LR in Stadtoldendorf\",\"description\":\"Sabrina Pagel-B\u00e4cker selbstst\u00e4ndige LR Partnerin\",\"publisher\":{\"@id\":\"https:\/\/lr-stadtoldendorf.de\/en\/#\/schema\/person\/c6264249e9124ab996412605bab8ae05\"},\"potentialAction\":[{\"@type\":\"SearchAction\",\"target\":{\"@type\":\"EntryPoint\",\"urlTemplate\":\"https:\/\/lr-stadtoldendorf.de\/en\/?s={search_term_string}\"},\"query-input\":{\"@type\":\"PropertyValueSpecification\",\"valueRequired\":true,\"valueName\":\"search_term_string\"}}],\"inLanguage\":\"be-FR\"},{\"@type\":[\"Person\",\"Organization\"],\"@id\":\"https:\/\/lr-stadtoldendorf.de\/en\/#\/schema\/person\/c6264249e9124ab996412605bab8ae05\",\"name\":\"Sabrina Pagel-B\u00e4cker\",\"image\":{\"@type\":\"ImageObject\",\"inLanguage\":\"be-FR\",\"@id\":\"https:\/\/lr-stadtoldendorf.de\/en\/#\/schema\/person\/image\/\",\"url\":\"https:\/\/secure.gravatar.com\/avatar\/e8039d76d36e432c545214fe85d780883d29ba5bc24f0b3a39c208a06a11292f?s=96&d=mm&r=g\",\"contentUrl\":\"https:\/\/secure.gravatar.com\/avatar\/e8039d76d36e432c545214fe85d780883d29ba5bc24f0b3a39c208a06a11292f?s=96&d=mm&r=g\",\"caption\":\"Sabrina Pagel-B\u00e4cker\"},\"logo\":{\"@id\":\"https:\/\/lr-stadtoldendorf.de\/en\/#\/schema\/person\/image\/\"}}]}<\/script>\n<!-- \/ Yoast SEO plugin. -->","yoast_head_json":{"title":"LR FIGUACTIVE Smooth Cocoa Shake - LR in Stadtoldendorf","robots":{"index":"index","follow":"follow","max-snippet":"max-snippet:-1","max-image-preview":"max-image-preview:large","max-video-preview":"max-video-preview:-1"},"canonical":"https:\/\/lr-stadtoldendorf.de\/produkt\/lr-figuactive-smooth-cocoa-shake\/","og_locale":"en_US","og_type":"article","og_title":"LR FIGUACTIVE Smooth Cocoa Shake - LR in Stadtoldendorf","og_url":"https:\/\/lr-stadtoldendorf.de\/produkt\/lr-figuactive-smooth-cocoa-shake\/","og_site_name":"LR in Stadtoldendorf","article_modified_time":"2023-08-05T06:14:52+00:00","twitter_card":"summary_large_image","twitter_misc":{"Est. reading time":"4 minutes"},"schema":{"@context":"https:\/\/schema.org","@graph":[{"@type":"WebPage","@id":"https:\/\/lr-stadtoldendorf.de\/produkt\/lr-figuactive-smooth-cocoa-shake\/","url":"https:\/\/lr-stadtoldendorf.de\/produkt\/lr-figuactive-smooth-cocoa-shake\/","name":"LR FIGUACTIVE Smooth Cocoa Shake - LR in Stadtoldendorf","isPartOf":{"@id":"https:\/\/lr-stadtoldendorf.de\/en\/#website"},"datePublished":"2023-05-07T22:53:05+00:00","dateModified":"2023-08-05T06:14:52+00:00","breadcrumb":{"@id":"https:\/\/lr-stadtoldendorf.de\/produkt\/lr-figuactive-smooth-cocoa-shake\/#breadcrumb"},"inLanguage":"be-FR","potentialAction":[{"@type":"ReadAction","target":["https:\/\/lr-stadtoldendorf.de\/produkt\/lr-figuactive-smooth-cocoa-shake\/"]}]},{"@type":"BreadcrumbList","@id":"https:\/\/lr-stadtoldendorf.de\/produkt\/lr-figuactive-smooth-cocoa-shake\/#breadcrumb","itemListElement":[{"@type":"ListItem","position":1,"name":"Startseite","item":"https:\/\/lr-stadtoldendorf.de\/en\/"},{"@type":"ListItem","position":2,"name":"Shop","item":"https:\/\/lr-stadtoldendorf.de\/shop\/"},{"@type":"ListItem","position":3,"name":"LR FIGUACTIVE Smooth Cocoa Shake"}]},{"@type":"WebSite","@id":"https:\/\/lr-stadtoldendorf.de\/en\/#website","url":"https:\/\/lr-stadtoldendorf.de\/en\/","name":"LR in Stadtoldendorf","description":"Sabrina Pagel-B\u00e4cker selbstst\u00e4ndige LR Partnerin","publisher":{"@id":"https:\/\/lr-stadtoldendorf.de\/en\/#\/schema\/person\/c6264249e9124ab996412605bab8ae05"},"potentialAction":[{"@type":"SearchAction","target":{"@type":"EntryPoint","urlTemplate":"https:\/\/lr-stadtoldendorf.de\/en\/?s={search_term_string}"},"query-input":{"@type":"PropertyValueSpecification","valueRequired":true,"valueName":"search_term_string"}}],"inLanguage":"be-FR"},{"@type":["Person","Organization"],"@id":"https:\/\/lr-stadtoldendorf.de\/en\/#\/schema\/person\/c6264249e9124ab996412605bab8ae05","name":"Sabrina Pagel-B\u00e4cker","image":{"@type":"ImageObject","inLanguage":"be-FR","@id":"https:\/\/lr-stadtoldendorf.de\/en\/#\/schema\/person\/image\/","url":"https:\/\/secure.gravatar.com\/avatar\/e8039d76d36e432c545214fe85d780883d29ba5bc24f0b3a39c208a06a11292f?s=96&d=mm&r=g","contentUrl":"https:\/\/secure.gravatar.com\/avatar\/e8039d76d36e432c545214fe85d780883d29ba5bc24f0b3a39c208a06a11292f?s=96&d=mm&r=g","caption":"Sabrina Pagel-B\u00e4cker"},"logo":{"@id":"https:\/\/lr-stadtoldendorf.de\/en\/#\/schema\/person\/image\/"}}]}},"jetpack_publicize_connections":[],"jetpack_likes_enabled":true,"jetpack_sharing_enabled":true,"jetpack-related-posts":[],"_links":{"self":[{"href":"https:\/\/lr-stadtoldendorf.de\/ty\/wp-json\/wp\/v2\/product\/1143","targetHints":{"allow":["GET"]}}],"collection":[{"href":"https:\/\/lr-stadtoldendorf.de\/ty\/wp-json\/wp\/v2\/product"}],"about":[{"href":"https:\/\/lr-stadtoldendorf.de\/ty\/wp-json\/wp\/v2\/types\/product"}],"replies":[{"embeddable":true,"href":"https:\/\/lr-stadtoldendorf.de\/ty\/wp-json\/wp\/v2\/comments?post=1143"}],"wp:attachment":[{"href":"https:\/\/lr-stadtoldendorf.de\/ty\/wp-json\/wp\/v2\/media?parent=1143"}],"wp:term":[{"taxonomy":"product_brand","embeddable":true,"href":"https:\/\/lr-stadtoldendorf.de\/ty\/wp-json\/wp\/v2\/product_brand?post=1143"},{"taxonomy":"product_cat","embeddable":true,"href":"https:\/\/lr-stadtoldendorf.de\/ty\/wp-json\/wp\/v2\/product_cat?post=1143"},{"taxonomy":"product_tag","embeddable":true,"href":"https:\/\/lr-stadtoldendorf.de\/ty\/wp-json\/wp\/v2\/product_tag?post=1143"}],"curies":[{"name":"wp","href":"https:\/\/api.w.org\/{rel}","templated":true}]}}