{"id":410,"date":"2021-04-17T02:10:36","date_gmt":"2021-04-17T00:10:36","guid":{"rendered":"https:\/\/lr-stadtoldendorf.de\/produkt\/lr-lifetakt-night-master\/"},"modified":"2022-05-02T00:23:24","modified_gmt":"2022-05-01T22:23:24","slug":"lr-lifetakt-night-master","status":"publish","type":"product","link":"https:\/\/lr-stadtoldendorf.de\/ty\/produkt\/lr-lifetakt-night-master\/","title":{"rendered":"LR LIFETAKT Night Master"},"content":{"rendered":"<h2 style=\"font-weight:300;font-family:-apple-system,BlinkMacSystemFont,\">LR LIFETAKT Night Master<\/h2>\n<p style=\"font-weight:400;margin-bottom:1rem;font-size:14px;font-family:-apple-system,BlinkMacSystemFont,\"><strong style=\"font-weight: 700;font-family: -apple-system, BlinkMacSystemFont,\">Augen zu! &#8211; Nachtschicht f\u00fcr den K\u00f6rper<\/strong><\/p>\n<p style=\"font-weight:400;margin-bottom:1rem;font-size:14px;font-family:-apple-system,BlinkMacSystemFont,\">Schlaf ist ein elementarer Bestandteil unserer k\u00f6rperlichen und geistigen Gesundheit und somit unseres allgemeinen Wohlbefindens. Er sorgt daf\u00fcr, dass unser K\u00f6rper langfristig fit und leistungsf\u00e4hig bleibt und wir am Tag alles geben k\u00f6nnen \u2013 im Job, zusammen mit der Familie und in der Freizeit. So wie wir uns in der Nacht um volle Akkus bei unseren Smartphones k\u00fcmmern, m\u00fcssen auch unsere eigenen Energie-Akkus aufgeladen werden &#8211; denn in keiner Zeit k\u00f6nnen wir so viel Kraft tanken, wie im Schlaf.<br \/>\nIn der Nacht werden einige Mechanismen im K\u00f6rper in Gang gesetzt: Der Stoffwechsel wird reguliert, die t\u00e4glichen Reize und Eindr\u00fccke bew\u00e4ltigt und das Immunsystem unterst\u00fctzt. So regeneriert sich der K\u00f6rper w\u00e4hrend der n\u00e4chtlichen Ruhestunden und machst sich bereit auf die Herausforderungen des n\u00e4chsten Tages. Und auch das Gehirn stellt sich neu auf: \u00dcbersch\u00fcssige Informationen, die das Gehirn im Laufe des Tages gesammelt hat werden eliminiert, wichtige ins Langzeitged\u00e4chtnis \u00fcbertragen. Gro\u00dfen Einfluss auf die Qualit\u00e4t der Nachtruhe hat hierbei auch unser Lebensstil und unsere Ern\u00e4hrung. Besonders unseren Mikron\u00e4hrstoffhaushalt k\u00f6nnen wir hierbei bewusst und gezielt unterst\u00fctzen!<\/p>\n<p style=\"font-weight:400;margin-bottom:1rem;font-size:14px;font-family:-apple-system,BlinkMacSystemFont,\"><strong style=\"font-weight: 700;font-family: -apple-system, BlinkMacSystemFont,\">B-Vitamine<\/strong><br \/>\nDie Versorgung mit Vitaminen ist auch in der Nacht von Bedeutung: So tragen die Vitamine B1, B3, B6 und B12 unter anderem zu einer normalen Funktion des Nervensystems und zu einer normalen psychischen Funktion bei . Dar\u00fcber hinaus unterst\u00fctzen Vitamin B6 und B12 auch unsere Immunabwehr<sup style=\"font-weight: normal;font-size: 11.55px;line-height: 0;vertical-align: baseline\">1<\/sup><span> <\/span>und tragen zu einem normalen Energiestoffwechsel bei. So sind wir gut ausgestattet f\u00fcr die Nachtschicht unseres K\u00f6rpers!<\/p>\n<p style=\"font-weight:400;margin-bottom:1rem;font-size:14px;font-family:-apple-system,BlinkMacSystemFont,\"><strong style=\"font-weight: 700;font-family: -apple-system, BlinkMacSystemFont,\">Magnesium<\/strong><br \/>\nAuch Magnesium tr\u00e4gt zu einer normalen Funktion des Nervensystems und zus\u00e4tzlich zu einer normalen Muskelfunktion bei: Das im LR LIFETAKT Night Master enthaltene Magnesium kann die \u00dcbertragung von Signalen zwischen Nerven und Muskel unterst\u00fctzen.<sup style=\"font-weight: normal;font-size: 11.55px;line-height: 0;vertical-align: baseline\">2<\/sup><span> <\/span>Mit dieser Unterst\u00fctzung k\u00f6nnen unsere Muskeln auch in der Nacht gut funktionieren und die Anstrengungen des Tages verarbeiten. Es steht nun einem ausgeruhten Start in den Tag nichts mehr im Weg!<\/p>\n<p style=\"font-weight:400;margin-bottom:1rem;font-size:14px;font-family:-apple-system,BlinkMacSystemFont,\"><strong style=\"font-weight: 700;font-family: -apple-system, BlinkMacSystemFont,\">Zink<\/strong><br \/>\nZink ist an vielen Prozessen in unserem K\u00f6rper beteiligt: So tr\u00e4gt Zink unter anderem zu einem normalen Immunsystem und zu einem Schutz unserer Zellen vor oxidativen Stress bei. Damit sind wir gut f\u00fcr die Nacht ger\u00fcstet!<\/p>\n<p style=\"font-weight:400;margin-bottom:1rem;font-size:14px;font-family:-apple-system,BlinkMacSystemFont,\">1 Vitamin B6, B12 tragen zu einer normalen Funktion des Immunsystems bei.<br \/>\n2 Magnesium tr\u00e4gt zu einer normalen Funktion des Nervensystems und zu einer normalen Muskelfunktion bei<\/p>\n<p style=\"font-weight:400;margin-bottom:1rem;font-size:14px;font-family:-apple-system,BlinkMacSystemFont,\">\n<p style=\"font-weight:400;margin-bottom:1rem;font-size:14px;font-family:-apple-system,BlinkMacSystemFont,\">Aktuell wird die Verpackung (Faltschachtel) umgestellt. Abweichungen von Angaben auf der Verpackung sind m\u00f6glich.<\/p>\n","protected":false},"excerpt":{"rendered":"<div style=\"font-weight:400;font-family:-apple-system,BlinkMacSystemFont,\">Night Master Nahrungserg\u00e4nzungsmittel mit Aminos\u00e4ure L-Tryptophan, Vitaminen und Mineralstoffen. Mit S\u00fc\u00dfungsmittel.<\/div>\n<ul style=\"font-weight:400;margin:0px;padding:10px0px0px1.25em;font-family:-apple-system,BlinkMacSystemFont,\">\n<li style=\"font-weight:normal\">Unterst\u00fctzt die k\u00f6rpereigenen Prozesse in der Nacht<\/li>\n<li style=\"font-weight:normal\">Angereichert mit L-Tryptophan<\/li>\n<li style=\"font-weight:normal\">Mit ausgewogenem Mix aus hochkonzentrierten B-Vitaminen, Magnesium und Zink<\/li>\n<li style=\"font-weight:normal\">Ohne Gew\u00f6hnungseffekt: macht nicht abh\u00e4ngig<\/li>\n<li style=\"font-weight:normal\">Vegan, glutenfrei, laktosefrei, zuckerfrei<\/li>\n<\/ul>\n","protected":false},"featured_media":409,"comment_status":"open","ping_status":"closed","template":"","meta":{"_acf_changed":false,"_monsterinsights_skip_tracking":false,"_monsterinsights_sitenote_active":false,"_monsterinsights_sitenote_note":"","_monsterinsights_sitenote_category":0,"jetpack_publicize_message":"","jetpack_publicize_feature_enabled":true,"jetpack_social_post_already_shared":true,"jetpack_social_options":{"image_generator_settings":{"template":"highway","default_image_id":0,"font":"","enabled":false},"version":2}},"product_brand":[],"product_cat":[20],"product_tag":[],"class_list":{"0":"post-410","1":"product","2":"type-product","3":"status-publish","4":"has-post-thumbnail","6":"product_cat-lr-lifetakt","7":"wcpa_has_options","9":"first","10":"instock","11":"sale","12":"sold-individually","13":"purchasable","14":"product-type-simple"},"translation":{"provider":"WPGlobus","version":"3.0.2","language":"ty","enabled_languages":["de","en","fr","nl","da","an","ty"],"languages":{"de":{"title":true,"content":true,"excerpt":true},"en":{"title":false,"content":false,"excerpt":false},"fr":{"title":false,"content":false,"excerpt":false},"nl":{"title":false,"content":false,"excerpt":false},"da":{"title":false,"content":false,"excerpt":false},"an":{"title":false,"content":false,"excerpt":false},"ty":{"title":false,"content":false,"excerpt":false}}},"acf":[],"yoast_head":"<!-- This site is optimized with the Yoast SEO plugin v26.9 - https:\/\/yoast.com\/product\/yoast-seo-wordpress\/ -->\n<title>LR LIFETAKT Night Master - LR in Stadtoldendorf<\/title>\n<meta name=\"robots\" content=\"index, follow, max-snippet:-1, max-image-preview:large, max-video-preview:-1\" \/>\n<link rel=\"canonical\" href=\"https:\/\/lr-stadtoldendorf.de\/produkt\/lr-lifetakt-night-master\/\" \/>\n<meta property=\"og:locale\" content=\"en_US\" \/>\n<meta property=\"og:type\" content=\"article\" \/>\n<meta property=\"og:title\" content=\"LR LIFETAKT Night Master - LR in Stadtoldendorf\" \/>\n<meta property=\"og:url\" content=\"https:\/\/lr-stadtoldendorf.de\/produkt\/lr-lifetakt-night-master\/\" \/>\n<meta property=\"og:site_name\" content=\"LR in Stadtoldendorf\" \/>\n<meta property=\"article:modified_time\" content=\"2022-05-01T22:23:24+00:00\" \/>\n<meta property=\"og:image\" content=\"https:\/\/i0.wp.com\/lr-stadtoldendorf.de\/wp-content\/uploads\/2021\/04\/lr_lifetakt_night_master.jpg?fit=600%2C810&ssl=1\" \/>\n\t<meta property=\"og:image:width\" content=\"600\" \/>\n\t<meta property=\"og:image:height\" content=\"810\" \/>\n\t<meta property=\"og:image:type\" content=\"image\/jpeg\" \/>\n<meta name=\"twitter:card\" content=\"summary_large_image\" \/>\n<meta name=\"twitter:label1\" content=\"Est. reading time\" \/>\n\t<meta name=\"twitter:data1\" content=\"2 minutes\" \/>\n<script type=\"application\/ld+json\" class=\"yoast-schema-graph\">{\"@context\":\"https:\/\/schema.org\",\"@graph\":[{\"@type\":\"WebPage\",\"@id\":\"https:\/\/lr-stadtoldendorf.de\/produkt\/lr-lifetakt-night-master\/\",\"url\":\"https:\/\/lr-stadtoldendorf.de\/produkt\/lr-lifetakt-night-master\/\",\"name\":\"LR LIFETAKT Night Master - LR in Stadtoldendorf\",\"isPartOf\":{\"@id\":\"https:\/\/lr-stadtoldendorf.de\/en\/#website\"},\"primaryImageOfPage\":{\"@id\":\"https:\/\/lr-stadtoldendorf.de\/produkt\/lr-lifetakt-night-master\/#primaryimage\"},\"image\":{\"@id\":\"https:\/\/lr-stadtoldendorf.de\/produkt\/lr-lifetakt-night-master\/#primaryimage\"},\"thumbnailUrl\":\"https:\/\/i0.wp.com\/lr-stadtoldendorf.de\/wp-content\/uploads\/2021\/04\/lr_lifetakt_night_master.jpg?fit=600%2C810&ssl=1\",\"datePublished\":\"2021-04-17T00:10:36+00:00\",\"dateModified\":\"2022-05-01T22:23:24+00:00\",\"breadcrumb\":{\"@id\":\"https:\/\/lr-stadtoldendorf.de\/produkt\/lr-lifetakt-night-master\/#breadcrumb\"},\"inLanguage\":\"be-FR\",\"potentialAction\":[{\"@type\":\"ReadAction\",\"target\":[\"https:\/\/lr-stadtoldendorf.de\/produkt\/lr-lifetakt-night-master\/\"]}]},{\"@type\":\"ImageObject\",\"inLanguage\":\"be-FR\",\"@id\":\"https:\/\/lr-stadtoldendorf.de\/produkt\/lr-lifetakt-night-master\/#primaryimage\",\"url\":\"https:\/\/i0.wp.com\/lr-stadtoldendorf.de\/wp-content\/uploads\/2021\/04\/lr_lifetakt_night_master.jpg?fit=600%2C810&ssl=1\",\"contentUrl\":\"https:\/\/i0.wp.com\/lr-stadtoldendorf.de\/wp-content\/uploads\/2021\/04\/lr_lifetakt_night_master.jpg?fit=600%2C810&ssl=1\",\"width\":600,\"height\":810},{\"@type\":\"BreadcrumbList\",\"@id\":\"https:\/\/lr-stadtoldendorf.de\/produkt\/lr-lifetakt-night-master\/#breadcrumb\",\"itemListElement\":[{\"@type\":\"ListItem\",\"position\":1,\"name\":\"Startseite\",\"item\":\"https:\/\/lr-stadtoldendorf.de\/en\/\"},{\"@type\":\"ListItem\",\"position\":2,\"name\":\"Shop\",\"item\":\"https:\/\/lr-stadtoldendorf.de\/shop\/\"},{\"@type\":\"ListItem\",\"position\":3,\"name\":\"LR LIFETAKT Night Master\"}]},{\"@type\":\"WebSite\",\"@id\":\"https:\/\/lr-stadtoldendorf.de\/en\/#website\",\"url\":\"https:\/\/lr-stadtoldendorf.de\/en\/\",\"name\":\"LR in Stadtoldendorf\",\"description\":\"Sabrina Pagel-B\u00e4cker selbstst\u00e4ndige LR Partnerin\",\"publisher\":{\"@id\":\"https:\/\/lr-stadtoldendorf.de\/en\/#\/schema\/person\/c6264249e9124ab996412605bab8ae05\"},\"potentialAction\":[{\"@type\":\"SearchAction\",\"target\":{\"@type\":\"EntryPoint\",\"urlTemplate\":\"https:\/\/lr-stadtoldendorf.de\/en\/?s={search_term_string}\"},\"query-input\":{\"@type\":\"PropertyValueSpecification\",\"valueRequired\":true,\"valueName\":\"search_term_string\"}}],\"inLanguage\":\"be-FR\"},{\"@type\":[\"Person\",\"Organization\"],\"@id\":\"https:\/\/lr-stadtoldendorf.de\/en\/#\/schema\/person\/c6264249e9124ab996412605bab8ae05\",\"name\":\"Sabrina Pagel-B\u00e4cker\",\"image\":{\"@type\":\"ImageObject\",\"inLanguage\":\"be-FR\",\"@id\":\"https:\/\/lr-stadtoldendorf.de\/en\/#\/schema\/person\/image\/\",\"url\":\"https:\/\/secure.gravatar.com\/avatar\/e8039d76d36e432c545214fe85d780883d29ba5bc24f0b3a39c208a06a11292f?s=96&d=mm&r=g\",\"contentUrl\":\"https:\/\/secure.gravatar.com\/avatar\/e8039d76d36e432c545214fe85d780883d29ba5bc24f0b3a39c208a06a11292f?s=96&d=mm&r=g\",\"caption\":\"Sabrina Pagel-B\u00e4cker\"},\"logo\":{\"@id\":\"https:\/\/lr-stadtoldendorf.de\/en\/#\/schema\/person\/image\/\"}}]}<\/script>\n<!-- \/ Yoast SEO plugin. -->","yoast_head_json":{"title":"LR LIFETAKT Night Master - LR in Stadtoldendorf","robots":{"index":"index","follow":"follow","max-snippet":"max-snippet:-1","max-image-preview":"max-image-preview:large","max-video-preview":"max-video-preview:-1"},"canonical":"https:\/\/lr-stadtoldendorf.de\/produkt\/lr-lifetakt-night-master\/","og_locale":"en_US","og_type":"article","og_title":"LR LIFETAKT Night Master - LR in Stadtoldendorf","og_url":"https:\/\/lr-stadtoldendorf.de\/produkt\/lr-lifetakt-night-master\/","og_site_name":"LR in Stadtoldendorf","article_modified_time":"2022-05-01T22:23:24+00:00","og_image":[{"width":600,"height":810,"url":"https:\/\/i0.wp.com\/lr-stadtoldendorf.de\/wp-content\/uploads\/2021\/04\/lr_lifetakt_night_master.jpg?fit=600%2C810&ssl=1","type":"image\/jpeg"}],"twitter_card":"summary_large_image","twitter_misc":{"Est. reading time":"2 minutes"},"schema":{"@context":"https:\/\/schema.org","@graph":[{"@type":"WebPage","@id":"https:\/\/lr-stadtoldendorf.de\/produkt\/lr-lifetakt-night-master\/","url":"https:\/\/lr-stadtoldendorf.de\/produkt\/lr-lifetakt-night-master\/","name":"LR LIFETAKT Night Master - LR in Stadtoldendorf","isPartOf":{"@id":"https:\/\/lr-stadtoldendorf.de\/en\/#website"},"primaryImageOfPage":{"@id":"https:\/\/lr-stadtoldendorf.de\/produkt\/lr-lifetakt-night-master\/#primaryimage"},"image":{"@id":"https:\/\/lr-stadtoldendorf.de\/produkt\/lr-lifetakt-night-master\/#primaryimage"},"thumbnailUrl":"https:\/\/i0.wp.com\/lr-stadtoldendorf.de\/wp-content\/uploads\/2021\/04\/lr_lifetakt_night_master.jpg?fit=600%2C810&ssl=1","datePublished":"2021-04-17T00:10:36+00:00","dateModified":"2022-05-01T22:23:24+00:00","breadcrumb":{"@id":"https:\/\/lr-stadtoldendorf.de\/produkt\/lr-lifetakt-night-master\/#breadcrumb"},"inLanguage":"be-FR","potentialAction":[{"@type":"ReadAction","target":["https:\/\/lr-stadtoldendorf.de\/produkt\/lr-lifetakt-night-master\/"]}]},{"@type":"ImageObject","inLanguage":"be-FR","@id":"https:\/\/lr-stadtoldendorf.de\/produkt\/lr-lifetakt-night-master\/#primaryimage","url":"https:\/\/i0.wp.com\/lr-stadtoldendorf.de\/wp-content\/uploads\/2021\/04\/lr_lifetakt_night_master.jpg?fit=600%2C810&ssl=1","contentUrl":"https:\/\/i0.wp.com\/lr-stadtoldendorf.de\/wp-content\/uploads\/2021\/04\/lr_lifetakt_night_master.jpg?fit=600%2C810&ssl=1","width":600,"height":810},{"@type":"BreadcrumbList","@id":"https:\/\/lr-stadtoldendorf.de\/produkt\/lr-lifetakt-night-master\/#breadcrumb","itemListElement":[{"@type":"ListItem","position":1,"name":"Startseite","item":"https:\/\/lr-stadtoldendorf.de\/en\/"},{"@type":"ListItem","position":2,"name":"Shop","item":"https:\/\/lr-stadtoldendorf.de\/shop\/"},{"@type":"ListItem","position":3,"name":"LR LIFETAKT Night Master"}]},{"@type":"WebSite","@id":"https:\/\/lr-stadtoldendorf.de\/en\/#website","url":"https:\/\/lr-stadtoldendorf.de\/en\/","name":"LR in Stadtoldendorf","description":"Sabrina Pagel-B\u00e4cker selbstst\u00e4ndige LR Partnerin","publisher":{"@id":"https:\/\/lr-stadtoldendorf.de\/en\/#\/schema\/person\/c6264249e9124ab996412605bab8ae05"},"potentialAction":[{"@type":"SearchAction","target":{"@type":"EntryPoint","urlTemplate":"https:\/\/lr-stadtoldendorf.de\/en\/?s={search_term_string}"},"query-input":{"@type":"PropertyValueSpecification","valueRequired":true,"valueName":"search_term_string"}}],"inLanguage":"be-FR"},{"@type":["Person","Organization"],"@id":"https:\/\/lr-stadtoldendorf.de\/en\/#\/schema\/person\/c6264249e9124ab996412605bab8ae05","name":"Sabrina Pagel-B\u00e4cker","image":{"@type":"ImageObject","inLanguage":"be-FR","@id":"https:\/\/lr-stadtoldendorf.de\/en\/#\/schema\/person\/image\/","url":"https:\/\/secure.gravatar.com\/avatar\/e8039d76d36e432c545214fe85d780883d29ba5bc24f0b3a39c208a06a11292f?s=96&d=mm&r=g","contentUrl":"https:\/\/secure.gravatar.com\/avatar\/e8039d76d36e432c545214fe85d780883d29ba5bc24f0b3a39c208a06a11292f?s=96&d=mm&r=g","caption":"Sabrina Pagel-B\u00e4cker"},"logo":{"@id":"https:\/\/lr-stadtoldendorf.de\/en\/#\/schema\/person\/image\/"}}]}},"jetpack_publicize_connections":[],"jetpack_likes_enabled":true,"jetpack_sharing_enabled":true,"jetpack-related-posts":[],"_links":{"self":[{"href":"https:\/\/lr-stadtoldendorf.de\/ty\/wp-json\/wp\/v2\/product\/410","targetHints":{"allow":["GET"]}}],"collection":[{"href":"https:\/\/lr-stadtoldendorf.de\/ty\/wp-json\/wp\/v2\/product"}],"about":[{"href":"https:\/\/lr-stadtoldendorf.de\/ty\/wp-json\/wp\/v2\/types\/product"}],"replies":[{"embeddable":true,"href":"https:\/\/lr-stadtoldendorf.de\/ty\/wp-json\/wp\/v2\/comments?post=410"}],"wp:featuredmedia":[{"embeddable":true,"href":"https:\/\/lr-stadtoldendorf.de\/ty\/wp-json\/wp\/v2\/media\/409"}],"wp:attachment":[{"href":"https:\/\/lr-stadtoldendorf.de\/ty\/wp-json\/wp\/v2\/media?parent=410"}],"wp:term":[{"taxonomy":"product_brand","embeddable":true,"href":"https:\/\/lr-stadtoldendorf.de\/ty\/wp-json\/wp\/v2\/product_brand?post=410"},{"taxonomy":"product_cat","embeddable":true,"href":"https:\/\/lr-stadtoldendorf.de\/ty\/wp-json\/wp\/v2\/product_cat?post=410"},{"taxonomy":"product_tag","embeddable":true,"href":"https:\/\/lr-stadtoldendorf.de\/ty\/wp-json\/wp\/v2\/product_tag?post=410"}],"curies":[{"name":"wp","href":"https:\/\/api.w.org\/{rel}","templated":true}]}}