{"id":42,"date":"2021-02-27T00:17:51","date_gmt":"2021-02-26T23:17:51","guid":{"rendered":"https:\/\/lr-stadtoldendorf.de\/?post_type=product&#038;p=42"},"modified":"2022-05-02T00:32:36","modified_gmt":"2022-05-01T22:32:36","slug":"pro-12-kapseln","status":"publish","type":"product","link":"https:\/\/lr-stadtoldendorf.de\/ty\/produkt\/pro-12-kapseln\/","title":{"rendered":"Pro 12 Kapseln"},"content":{"rendered":"<h2 style=\"font-weight: 300; font-family: -apple-system,BlinkMacSystemFont,;\">Pro 12 Kapseln<\/h2>\n<p style=\"font-weight: 400; margin-bottom: 1rem; font-size: 14px; font-family: -apple-system,BlinkMacSystemFont,;\">Pro 12 Kapseln \u2013 die einzigartige Kombination aus Bakterien f\u00fcr das allgemeine Wohlbefinden<\/p>\n<p style=\"font-weight: 400; margin-bottom: 1rem; font-size: 14px; font-family: -apple-system,BlinkMacSystemFont,;\">Der Darm ist nicht nur eines der gr\u00f6\u00dften Organe des K\u00f6rpers, er ist zudem in gro\u00dfem Ma\u00dfe f\u00fcr unser Wohlbefinden mitverantwortlich. Die menschliche Darmwand wird von guten Bakterien und anderen Bakterien besiedelt. Das nat\u00fcrliche Gleichgewicht dieser Bakterien hat gro\u00dfen Einfluss auf das Wohlbefinden.<\/p>\n<p style=\"font-weight: 400; margin-bottom: 1rem; font-size: 14px; font-family: -apple-system,BlinkMacSystemFont,;\">Pro 12 Kapseln k\u00f6nnen hier helfen, jede Kapsel enth\u00e4lt insgesamt ca. 1 Mrd. Bakterien, die sich aus zw\u00f6lf unterschiedlichen Bakterienst\u00e4mmen zusammensetzen. Diese Kombination ist einzigartig.<\/p>\n<p style=\"font-weight: 400; margin-bottom: 1rem; font-size: 14px; font-family: -apple-system,BlinkMacSystemFont,;\">Pro 12 Kapseln besitzen eine doppelte Verkapselung, die die Bakterien deutlich effizienter sch\u00fctzt als bei vielen anderen Produkten.<\/p>\n","protected":false},"excerpt":{"rendered":"<p style=\"font-weight: 400; margin-bottom: 1rem; font-family: -apple-system,BlinkMacSystemFont,;\">Nahrungserg\u00e4nzungsmittel mit Ballaststoff und 12 Bakterienkulturen<\/p>\n<ul style=\"font-weight: 400; margin: 0px; padding: 10px0px0px1.25em; font-family: -apple-system,BlinkMacSystemFont,;\">\n<li style=\"font-weight: normal;\">F\u00fcr das allgemeine Wohlbefinden<\/li>\n<li style=\"font-weight: normal;\">12 unterschiedliche Bakterienst\u00e4mme<\/li>\n<li style=\"font-weight: normal;\">1 Mrd. Bakterien pro Kapsel<\/li>\n<li style=\"font-weight: normal;\">Patentierte doppelte Verkapselung<\/li>\n<li style=\"font-weight: normal;\">Patent-Nr.: EP 2 228 067<\/li>\n<li style=\"font-weight: normal;\">Mit Ballaststoffen<\/li>\n<li style=\"font-weight: normal;\">Inhalt: 30 Kapseln<\/li>\n<\/ul>\n","protected":false},"featured_media":888,"comment_status":"open","ping_status":"closed","template":"","meta":{"_acf_changed":false,"_monsterinsights_skip_tracking":false,"_monsterinsights_sitenote_active":false,"_monsterinsights_sitenote_note":"","_monsterinsights_sitenote_category":0,"jetpack_publicize_message":"","jetpack_publicize_feature_enabled":true,"jetpack_social_post_already_shared":true,"jetpack_social_options":{"image_generator_settings":{"template":"highway","default_image_id":0,"font":"","enabled":false},"version":2}},"product_brand":[],"product_cat":[20,19],"product_tag":[125,112,124],"class_list":{"0":"post-42","1":"product","2":"type-product","3":"status-publish","4":"has-post-thumbnail","6":"product_cat-lr-lifetakt","7":"product_cat-nutrition","8":"product_tag-kapseln","9":"product_tag-lifetakt","10":"product_tag-nutrition","11":"wcpa_has_options","13":"first","14":"instock","15":"sale","16":"shipping-taxable","17":"purchasable","18":"product-type-variable"},"translation":{"provider":"WPGlobus","version":"3.0.2","language":"ty","enabled_languages":["de","en","fr","nl","da","an","ty"],"languages":{"de":{"title":true,"content":true,"excerpt":true},"en":{"title":false,"content":false,"excerpt":false},"fr":{"title":false,"content":false,"excerpt":false},"nl":{"title":false,"content":false,"excerpt":false},"da":{"title":false,"content":false,"excerpt":false},"an":{"title":false,"content":false,"excerpt":false},"ty":{"title":false,"content":false,"excerpt":false}}},"acf":[],"yoast_head":"<!-- This site is optimized with the Yoast SEO plugin v26.9 - https:\/\/yoast.com\/product\/yoast-seo-wordpress\/ -->\n<title>Pro 12 Kapseln - LR in Stadtoldendorf<\/title>\n<meta name=\"robots\" content=\"index, follow, max-snippet:-1, max-image-preview:large, max-video-preview:-1\" \/>\n<link rel=\"canonical\" href=\"https:\/\/lr-stadtoldendorf.de\/produkt\/pro-12-kapseln\/\" \/>\n<meta property=\"og:locale\" content=\"en_US\" \/>\n<meta property=\"og:type\" content=\"article\" \/>\n<meta property=\"og:title\" content=\"Pro 12 Kapseln - LR in Stadtoldendorf\" \/>\n<meta property=\"og:url\" content=\"https:\/\/lr-stadtoldendorf.de\/produkt\/pro-12-kapseln\/\" \/>\n<meta property=\"og:site_name\" content=\"LR in Stadtoldendorf\" \/>\n<meta property=\"article:modified_time\" content=\"2022-05-01T22:32:36+00:00\" \/>\n<meta property=\"og:image\" content=\"https:\/\/lr-stadtoldendorf.de\/wp-content\/uploads\/2021\/12\/pro_12_kapseln.jpg\" \/>\n\t<meta property=\"og:image:width\" content=\"600\" \/>\n\t<meta property=\"og:image:height\" content=\"810\" \/>\n\t<meta property=\"og:image:type\" content=\"image\/jpeg\" \/>\n<meta name=\"twitter:card\" content=\"summary_large_image\" \/>\n<meta name=\"twitter:label1\" content=\"Est. reading time\" \/>\n\t<meta name=\"twitter:data1\" content=\"1 minute\" \/>\n<script type=\"application\/ld+json\" class=\"yoast-schema-graph\">{\"@context\":\"https:\/\/schema.org\",\"@graph\":[{\"@type\":\"WebPage\",\"@id\":\"https:\/\/lr-stadtoldendorf.de\/produkt\/pro-12-kapseln\/\",\"url\":\"https:\/\/lr-stadtoldendorf.de\/produkt\/pro-12-kapseln\/\",\"name\":\"Pro 12 Kapseln - LR in Stadtoldendorf\",\"isPartOf\":{\"@id\":\"https:\/\/lr-stadtoldendorf.de\/en\/#website\"},\"primaryImageOfPage\":{\"@id\":\"https:\/\/lr-stadtoldendorf.de\/produkt\/pro-12-kapseln\/#primaryimage\"},\"image\":{\"@id\":\"https:\/\/lr-stadtoldendorf.de\/produkt\/pro-12-kapseln\/#primaryimage\"},\"thumbnailUrl\":\"https:\/\/i0.wp.com\/lr-stadtoldendorf.de\/wp-content\/uploads\/2021\/12\/pro_12_kapseln.jpg?fit=600%2C810&ssl=1\",\"datePublished\":\"2021-02-26T23:17:51+00:00\",\"dateModified\":\"2022-05-01T22:32:36+00:00\",\"description\":\"Pro 12 Kapseln | Nahrungserg\u00e4nzungsmittel mit Ballaststoff und 12 Bakterienkulturen\",\"breadcrumb\":{\"@id\":\"https:\/\/lr-stadtoldendorf.de\/produkt\/pro-12-kapseln\/#breadcrumb\"},\"inLanguage\":\"be-FR\",\"potentialAction\":[{\"@type\":\"ReadAction\",\"target\":[\"https:\/\/lr-stadtoldendorf.de\/produkt\/pro-12-kapseln\/\"]}]},{\"@type\":\"ImageObject\",\"inLanguage\":\"be-FR\",\"@id\":\"https:\/\/lr-stadtoldendorf.de\/produkt\/pro-12-kapseln\/#primaryimage\",\"url\":\"https:\/\/i0.wp.com\/lr-stadtoldendorf.de\/wp-content\/uploads\/2021\/12\/pro_12_kapseln.jpg?fit=600%2C810&ssl=1\",\"contentUrl\":\"https:\/\/i0.wp.com\/lr-stadtoldendorf.de\/wp-content\/uploads\/2021\/12\/pro_12_kapseln.jpg?fit=600%2C810&ssl=1\",\"width\":600,\"height\":810},{\"@type\":\"BreadcrumbList\",\"@id\":\"https:\/\/lr-stadtoldendorf.de\/produkt\/pro-12-kapseln\/#breadcrumb\",\"itemListElement\":[{\"@type\":\"ListItem\",\"position\":1,\"name\":\"Startseite\",\"item\":\"https:\/\/lr-stadtoldendorf.de\/en\/\"},{\"@type\":\"ListItem\",\"position\":2,\"name\":\"Shop\",\"item\":\"https:\/\/lr-stadtoldendorf.de\/shop\/\"},{\"@type\":\"ListItem\",\"position\":3,\"name\":\"Pro 12 Kapseln\"}]},{\"@type\":\"WebSite\",\"@id\":\"https:\/\/lr-stadtoldendorf.de\/en\/#website\",\"url\":\"https:\/\/lr-stadtoldendorf.de\/en\/\",\"name\":\"LR in Stadtoldendorf\",\"description\":\"Sabrina Pagel-B\u00e4cker selbstst\u00e4ndige LR Partnerin\",\"publisher\":{\"@id\":\"https:\/\/lr-stadtoldendorf.de\/en\/#\/schema\/person\/c6264249e9124ab996412605bab8ae05\"},\"potentialAction\":[{\"@type\":\"SearchAction\",\"target\":{\"@type\":\"EntryPoint\",\"urlTemplate\":\"https:\/\/lr-stadtoldendorf.de\/en\/?s={search_term_string}\"},\"query-input\":{\"@type\":\"PropertyValueSpecification\",\"valueRequired\":true,\"valueName\":\"search_term_string\"}}],\"inLanguage\":\"be-FR\"},{\"@type\":[\"Person\",\"Organization\"],\"@id\":\"https:\/\/lr-stadtoldendorf.de\/en\/#\/schema\/person\/c6264249e9124ab996412605bab8ae05\",\"name\":\"Sabrina Pagel-B\u00e4cker\",\"image\":{\"@type\":\"ImageObject\",\"inLanguage\":\"be-FR\",\"@id\":\"https:\/\/lr-stadtoldendorf.de\/en\/#\/schema\/person\/image\/\",\"url\":\"https:\/\/secure.gravatar.com\/avatar\/e8039d76d36e432c545214fe85d780883d29ba5bc24f0b3a39c208a06a11292f?s=96&d=mm&r=g\",\"contentUrl\":\"https:\/\/secure.gravatar.com\/avatar\/e8039d76d36e432c545214fe85d780883d29ba5bc24f0b3a39c208a06a11292f?s=96&d=mm&r=g\",\"caption\":\"Sabrina Pagel-B\u00e4cker\"},\"logo\":{\"@id\":\"https:\/\/lr-stadtoldendorf.de\/en\/#\/schema\/person\/image\/\"}}]}<\/script>\n<!-- \/ Yoast SEO plugin. -->","yoast_head_json":{"title":"Pro 12 Kapseln - LR in Stadtoldendorf","robots":{"index":"index","follow":"follow","max-snippet":"max-snippet:-1","max-image-preview":"max-image-preview:large","max-video-preview":"max-video-preview:-1"},"canonical":"https:\/\/lr-stadtoldendorf.de\/produkt\/pro-12-kapseln\/","og_locale":"en_US","og_type":"article","og_title":"Pro 12 Kapseln - LR in Stadtoldendorf","og_url":"https:\/\/lr-stadtoldendorf.de\/produkt\/pro-12-kapseln\/","og_site_name":"LR in Stadtoldendorf","article_modified_time":"2022-05-01T22:32:36+00:00","og_image":[{"width":600,"height":810,"url":"https:\/\/lr-stadtoldendorf.de\/wp-content\/uploads\/2021\/12\/pro_12_kapseln.jpg","type":"image\/jpeg"}],"twitter_card":"summary_large_image","twitter_misc":{"Est. reading time":"1 minute"},"schema":{"@context":"https:\/\/schema.org","@graph":[{"@type":"WebPage","@id":"https:\/\/lr-stadtoldendorf.de\/produkt\/pro-12-kapseln\/","url":"https:\/\/lr-stadtoldendorf.de\/produkt\/pro-12-kapseln\/","name":"Pro 12 Kapseln - LR in Stadtoldendorf","isPartOf":{"@id":"https:\/\/lr-stadtoldendorf.de\/en\/#website"},"primaryImageOfPage":{"@id":"https:\/\/lr-stadtoldendorf.de\/produkt\/pro-12-kapseln\/#primaryimage"},"image":{"@id":"https:\/\/lr-stadtoldendorf.de\/produkt\/pro-12-kapseln\/#primaryimage"},"thumbnailUrl":"https:\/\/i0.wp.com\/lr-stadtoldendorf.de\/wp-content\/uploads\/2021\/12\/pro_12_kapseln.jpg?fit=600%2C810&ssl=1","datePublished":"2021-02-26T23:17:51+00:00","dateModified":"2022-05-01T22:32:36+00:00","description":"Pro 12 Kapseln | Nahrungserg\u00e4nzungsmittel mit Ballaststoff und 12 Bakterienkulturen","breadcrumb":{"@id":"https:\/\/lr-stadtoldendorf.de\/produkt\/pro-12-kapseln\/#breadcrumb"},"inLanguage":"be-FR","potentialAction":[{"@type":"ReadAction","target":["https:\/\/lr-stadtoldendorf.de\/produkt\/pro-12-kapseln\/"]}]},{"@type":"ImageObject","inLanguage":"be-FR","@id":"https:\/\/lr-stadtoldendorf.de\/produkt\/pro-12-kapseln\/#primaryimage","url":"https:\/\/i0.wp.com\/lr-stadtoldendorf.de\/wp-content\/uploads\/2021\/12\/pro_12_kapseln.jpg?fit=600%2C810&ssl=1","contentUrl":"https:\/\/i0.wp.com\/lr-stadtoldendorf.de\/wp-content\/uploads\/2021\/12\/pro_12_kapseln.jpg?fit=600%2C810&ssl=1","width":600,"height":810},{"@type":"BreadcrumbList","@id":"https:\/\/lr-stadtoldendorf.de\/produkt\/pro-12-kapseln\/#breadcrumb","itemListElement":[{"@type":"ListItem","position":1,"name":"Startseite","item":"https:\/\/lr-stadtoldendorf.de\/en\/"},{"@type":"ListItem","position":2,"name":"Shop","item":"https:\/\/lr-stadtoldendorf.de\/shop\/"},{"@type":"ListItem","position":3,"name":"Pro 12 Kapseln"}]},{"@type":"WebSite","@id":"https:\/\/lr-stadtoldendorf.de\/en\/#website","url":"https:\/\/lr-stadtoldendorf.de\/en\/","name":"LR in Stadtoldendorf","description":"Sabrina Pagel-B\u00e4cker selbstst\u00e4ndige LR Partnerin","publisher":{"@id":"https:\/\/lr-stadtoldendorf.de\/en\/#\/schema\/person\/c6264249e9124ab996412605bab8ae05"},"potentialAction":[{"@type":"SearchAction","target":{"@type":"EntryPoint","urlTemplate":"https:\/\/lr-stadtoldendorf.de\/en\/?s={search_term_string}"},"query-input":{"@type":"PropertyValueSpecification","valueRequired":true,"valueName":"search_term_string"}}],"inLanguage":"be-FR"},{"@type":["Person","Organization"],"@id":"https:\/\/lr-stadtoldendorf.de\/en\/#\/schema\/person\/c6264249e9124ab996412605bab8ae05","name":"Sabrina Pagel-B\u00e4cker","image":{"@type":"ImageObject","inLanguage":"be-FR","@id":"https:\/\/lr-stadtoldendorf.de\/en\/#\/schema\/person\/image\/","url":"https:\/\/secure.gravatar.com\/avatar\/e8039d76d36e432c545214fe85d780883d29ba5bc24f0b3a39c208a06a11292f?s=96&d=mm&r=g","contentUrl":"https:\/\/secure.gravatar.com\/avatar\/e8039d76d36e432c545214fe85d780883d29ba5bc24f0b3a39c208a06a11292f?s=96&d=mm&r=g","caption":"Sabrina Pagel-B\u00e4cker"},"logo":{"@id":"https:\/\/lr-stadtoldendorf.de\/en\/#\/schema\/person\/image\/"}}]}},"jetpack_publicize_connections":[],"jetpack_likes_enabled":true,"jetpack_sharing_enabled":true,"jetpack-related-posts":[],"_links":{"self":[{"href":"https:\/\/lr-stadtoldendorf.de\/ty\/wp-json\/wp\/v2\/product\/42","targetHints":{"allow":["GET"]}}],"collection":[{"href":"https:\/\/lr-stadtoldendorf.de\/ty\/wp-json\/wp\/v2\/product"}],"about":[{"href":"https:\/\/lr-stadtoldendorf.de\/ty\/wp-json\/wp\/v2\/types\/product"}],"replies":[{"embeddable":true,"href":"https:\/\/lr-stadtoldendorf.de\/ty\/wp-json\/wp\/v2\/comments?post=42"}],"wp:featuredmedia":[{"embeddable":true,"href":"https:\/\/lr-stadtoldendorf.de\/ty\/wp-json\/wp\/v2\/media\/888"}],"wp:attachment":[{"href":"https:\/\/lr-stadtoldendorf.de\/ty\/wp-json\/wp\/v2\/media?parent=42"}],"wp:term":[{"taxonomy":"product_brand","embeddable":true,"href":"https:\/\/lr-stadtoldendorf.de\/ty\/wp-json\/wp\/v2\/product_brand?post=42"},{"taxonomy":"product_cat","embeddable":true,"href":"https:\/\/lr-stadtoldendorf.de\/ty\/wp-json\/wp\/v2\/product_cat?post=42"},{"taxonomy":"product_tag","embeddable":true,"href":"https:\/\/lr-stadtoldendorf.de\/ty\/wp-json\/wp\/v2\/product_tag?post=42"}],"curies":[{"name":"wp","href":"https:\/\/api.w.org\/{rel}","templated":true}]}}